{"id":8993,"date":"2025-10-28T10:36:22","date_gmt":"2025-10-28T10:36:22","guid":{"rendered":""},"modified":"2026-02-20T14:28:17","modified_gmt":"2026-02-20T13:28:17","slug":"smirnoff-ice-24x27-5cl","status":"publish","type":"product","link":"https:\/\/petitecave.ch\/de\/product\/smirnoff-ice-24x27-5cl\/","title":{"rendered":"Smirnoff Ice 6&#215;27,5cl"},"content":{"rendered":"","protected":false},"excerpt":{"rendered":"<p><strong>Smirnoff Ice\u00a0<\/strong><\/p>\n<p>\u00a0<\/p>\n<p><i>Boisson sucr\u00e9e alcoolis\u00e9e \u00e0 base de Vodka Smirnoff et ar\u00f4me de citron.<\/i><\/p>","protected":false},"featured_media":12390,"comment_status":"open","ping_status":"open","template":"","meta":[],"product_cat":[271],"product_tag":[],"class_list":{"0":"post-8993","1":"product","2":"type-product","3":"status-publish","4":"has-post-thumbnail","6":"product_cat-aperitif","7":"_wholesalex wsx-wholesalex-product","9":"first","10":"instock","11":"taxable","12":"shipping-taxable","13":"purchasable","14":"product-type-simple"},"_links":{"self":[{"href":"https:\/\/petitecave.ch\/de\/wp-json\/wp\/v2\/product\/8993","targetHints":{"allow":["GET"]}}],"collection":[{"href":"https:\/\/petitecave.ch\/de\/wp-json\/wp\/v2\/product"}],"about":[{"href":"https:\/\/petitecave.ch\/de\/wp-json\/wp\/v2\/types\/product"}],"replies":[{"embeddable":true,"href":"https:\/\/petitecave.ch\/de\/wp-json\/wp\/v2\/comments?post=8993"}],"wp:featuredmedia":[{"embeddable":true,"href":"https:\/\/petitecave.ch\/de\/wp-json\/wp\/v2\/media\/12390"}],"wp:attachment":[{"href":"https:\/\/petitecave.ch\/de\/wp-json\/wp\/v2\/media?parent=8993"}],"wp:term":[{"taxonomy":"product_cat","embeddable":true,"href":"https:\/\/petitecave.ch\/de\/wp-json\/wp\/v2\/product_cat?post=8993"},{"taxonomy":"product_tag","embeddable":true,"href":"https:\/\/petitecave.ch\/de\/wp-json\/wp\/v2\/product_tag?post=8993"}],"curies":[{"name":"wp","href":"https:\/\/api.w.org\/{rel}","templated":true}]}}