{"id":8991,"date":"2025-10-28T10:36:21","date_gmt":"2025-10-28T10:36:21","guid":{"rendered":""},"modified":"2026-02-20T14:14:22","modified_gmt":"2026-02-20T13:14:22","slug":"sambucca-molinari-70cl","status":"publish","type":"product","link":"https:\/\/petitecave.ch\/de\/product\/sambucca-molinari-70cl\/","title":{"rendered":"Sambucca Molinari 70cl"},"content":{"rendered":"","protected":false},"excerpt":{"rendered":"<p><b>Sambucca Molinari &#8211; Rome<\/b><\/p>\n<p>\u00a0<\/p>\n<p class=\"text-sm md:text-base mb-4 md:mb-10 tracking-tight\"><i>Cette Sambuca &#8211; la plus populaire de son genre en Italie, ainsi qu\u2019un succ\u00e8s d&rsquo;exportation absolu &#8211; est fabriqu\u00e9e \u00e0 partir d&rsquo;anis \u00e9toil\u00e9 et de diverses \u00e9pices.<\/i><\/p>\n<div class=\"flex justify-between items-end mb-6\">\n<div class=\"mr-2\">\n<div class=\"mb-4\"><i>D\u00e9j\u00e0 dans ses jeunes ann\u00e9es, Angelo Molinari s&rsquo;int\u00e9ressait aux spiritueux et dirigeait son propre bar en Ethiopie, qui fut pendant une courte p\u00e9riode une colonie italienne. De retour en Italie, il d\u00e9veloppa quelques ann\u00e9es plus tard une Sambuca \u00e0 base d&rsquo;anis \u00e9toil\u00e9, qui est encore produite aujourd&rsquo;hui selon l&rsquo;ancienne recette familiale, gard\u00e9e secr\u00e8te. Elle a fait son apparition sur le march\u00e9 en 1945 et est devenue si connue que la famille Molinari a rapidement d\u00fb chercher une plus grande usine. A partir des ann\u00e9es 70, la production de Sambuca \u00e9tait suffisamment importante pour que les exportations puissent d\u00e9buter de mani\u00e8re efficace. Aujourd&rsquo;hui, la Sambuca Molinari est mieux servie pure ou \u00ab\u00a0con la mosca\u00a0\u00bb, c&rsquo;est-\u00e0-dire avec trois grains de caf\u00e9 dans un verre. Dans les cocktails, elle ajoute une note de r\u00e9glisse int\u00e9ressante.<\/i><\/div>\n<\/div>\n<\/div>","protected":false},"featured_media":12388,"comment_status":"open","ping_status":"open","template":"","meta":[],"product_cat":[270],"product_tag":[],"class_list":{"0":"post-8991","1":"product","2":"type-product","3":"status-publish","4":"has-post-thumbnail","6":"product_cat-eau-de-vie","7":"pa_country-italie","8":"pa_volume-70-cl","9":"_wholesalex wsx-wholesalex-product","11":"first","12":"instock","13":"taxable","14":"shipping-taxable","15":"purchasable","16":"product-type-simple"},"_links":{"self":[{"href":"https:\/\/petitecave.ch\/de\/wp-json\/wp\/v2\/product\/8991","targetHints":{"allow":["GET"]}}],"collection":[{"href":"https:\/\/petitecave.ch\/de\/wp-json\/wp\/v2\/product"}],"about":[{"href":"https:\/\/petitecave.ch\/de\/wp-json\/wp\/v2\/types\/product"}],"replies":[{"embeddable":true,"href":"https:\/\/petitecave.ch\/de\/wp-json\/wp\/v2\/comments?post=8991"}],"wp:featuredmedia":[{"embeddable":true,"href":"https:\/\/petitecave.ch\/de\/wp-json\/wp\/v2\/media\/12388"}],"wp:attachment":[{"href":"https:\/\/petitecave.ch\/de\/wp-json\/wp\/v2\/media?parent=8991"}],"wp:term":[{"taxonomy":"product_cat","embeddable":true,"href":"https:\/\/petitecave.ch\/de\/wp-json\/wp\/v2\/product_cat?post=8991"},{"taxonomy":"product_tag","embeddable":true,"href":"https:\/\/petitecave.ch\/de\/wp-json\/wp\/v2\/product_tag?post=8991"}],"curies":[{"name":"wp","href":"https:\/\/api.w.org\/{rel}","templated":true}]}}