{"id":8990,"date":"2025-10-28T10:36:20","date_gmt":"2025-10-28T10:36:20","guid":{"rendered":""},"modified":"2026-02-20T14:14:22","modified_gmt":"2026-02-20T13:14:22","slug":"sambuca-isola-verde-70cl","status":"publish","type":"product","link":"https:\/\/petitecave.ch\/de\/product\/sambuca-isola-verde-70cl\/","title":{"rendered":"Sambuca &#8211; Isola Verde 70cl"},"content":{"rendered":"<div class=\"diwisa--description-aroma tasting--properties-row\"><span class=\"tasting--properties-label\"><strong>Nez\u00a0<\/strong>:<\/span><span class=\"tasting--properties-value\">A r\u00f4me d&rsquo;\u00e9pices, d&rsquo;anis, d&rsquo;anis \u00e9toil\u00e9 et de r\u00e9glisse<\/span><\/div>\n<div class=\"diwisa--description-taste tasting--properties-row\"><span class=\"tasting--properties-label\"><strong>Bouche\u00a0<\/strong>:\u00a0<\/span><span class=\"tasting--properties-value\">Go\u00fbt sucr\u00e9, aromatis\u00e9 \u00e0 l&rsquo;anis, \u00e0 l&rsquo;anis \u00e9toil\u00e9, \u00e0 la r\u00e9glisse et aux \u00e9pices<\/span><\/div>\n<div class=\"diwisa--description-end tasting--properties-row\"><span class=\"tasting--properties-label\"><strong>Finale\u00a0<\/strong>:\u00a0<\/span><span class=\"tasting--properties-value\">Finale douce<\/span><\/div>","protected":false},"excerpt":{"rendered":"<p><b>Sambuca Isolaverde\u00a0<\/b><\/p>\n<p>\u00a0<\/p>\n<p>\u00a0<\/p>\n<p><i>On boit le plus souvent la liqueur d\u2019anis Sambuca apr\u00e8s un bon repas. Mais le mieux est encore de savourer pour le simple plaisir sa douceur, son go\u00fbt intense d\u2019anis, d\u2019anis \u00e9toil\u00e9, de r\u00e9glisse et autres \u00e9pices.<\/i><\/p>\n<p><i>La liqueur Sambuca est g\u00e9n\u00e9ralement servie dans un petit verre \u00e0 shot, avec un ou trois grains de caf\u00e9 \u00e0 croquer en buvant la liqueur d\u2019anis. L\u2019ar\u00f4me amer du caf\u00e9 compl\u00e8te tr\u00e8s bien la douceur et le go\u00fbt de la Sambuca.<\/i><\/p>\n<p><i>Mais d\u2019apr\u00e8s la l\u00e9gende, l\u2019id\u00e9e n\u2019\u00e9tait pas au d\u00e9part d\u2019associer les ar\u00f4mes. On dit plut\u00f4t qu\u2019une vieille dame devait servir \u00e0 ses h\u00f4tes une Sambuca maison. L\u2019odeur sucr\u00e9e de l\u2019anis attirait les mouches qui se posaient sur les verres. C\u2019est ainsi qu\u2019on sert encore aujourd\u2019hui la Samboca \u00abcon la mosca\u00bb, avec une mouche.\u00a0<\/i><\/p>\n<p><i>Ce qui est s\u00fbr, c\u2019est que c\u2019est Alberto Molinari qui a rendu la Sambuca populaire dans toute l\u2019Italie dans les ann\u00e9es 1940, gr\u00e2ce \u00e0 sa recette et \u00e0 l\u2019industrialisation de la production.<\/i><\/p>","protected":false},"featured_media":12387,"comment_status":"open","ping_status":"open","template":"","meta":[],"product_cat":[270],"product_tag":[],"class_list":{"0":"post-8990","1":"product","2":"type-product","3":"status-publish","4":"has-post-thumbnail","6":"product_cat-eau-de-vie","7":"pa_country-suisse","8":"pa_volume-70-cl","9":"_wholesalex wsx-wholesalex-product","11":"first","12":"instock","13":"taxable","14":"shipping-taxable","15":"purchasable","16":"product-type-simple"},"_links":{"self":[{"href":"https:\/\/petitecave.ch\/de\/wp-json\/wp\/v2\/product\/8990","targetHints":{"allow":["GET"]}}],"collection":[{"href":"https:\/\/petitecave.ch\/de\/wp-json\/wp\/v2\/product"}],"about":[{"href":"https:\/\/petitecave.ch\/de\/wp-json\/wp\/v2\/types\/product"}],"replies":[{"embeddable":true,"href":"https:\/\/petitecave.ch\/de\/wp-json\/wp\/v2\/comments?post=8990"}],"wp:featuredmedia":[{"embeddable":true,"href":"https:\/\/petitecave.ch\/de\/wp-json\/wp\/v2\/media\/12387"}],"wp:attachment":[{"href":"https:\/\/petitecave.ch\/de\/wp-json\/wp\/v2\/media?parent=8990"}],"wp:term":[{"taxonomy":"product_cat","embeddable":true,"href":"https:\/\/petitecave.ch\/de\/wp-json\/wp\/v2\/product_cat?post=8990"},{"taxonomy":"product_tag","embeddable":true,"href":"https:\/\/petitecave.ch\/de\/wp-json\/wp\/v2\/product_tag?post=8990"}],"curies":[{"name":"wp","href":"https:\/\/api.w.org\/{rel}","templated":true}]}}