{"id":8989,"date":"2025-10-28T10:36:19","date_gmt":"2025-10-28T10:36:19","guid":{"rendered":""},"modified":"2026-02-20T13:42:39","modified_gmt":"2026-02-20T12:42:39","slug":"ricard-100cl","status":"publish","type":"product","link":"https:\/\/petitecave.ch\/de\/product\/ricard-100cl\/","title":{"rendered":"Ricard 100cl"},"content":{"rendered":"<p>Une saveur anis\u00e9e plus subtile avec le Pastis Ricard \u00e9labor\u00e9 avec de l&rsquo;anis issu de plantes fra\u00eeches\u00a0ou\u00a0encore\u00a0la rondeur de l&rsquo;anis\u00a0vert \u00e0 l&rsquo;intensit\u00e9 des ar\u00f4mes fruit\u00e9s d&rsquo;amande ou de citron.<\/p>","protected":false},"excerpt":{"rendered":"<p><b>Ricard 100cl<\/b><\/p>\n<p>\u00a0<\/p>\n<p><i>En allong\u00e9, en cocktail ou original, le Pastis de Marseille se r\u00e9invente constamment avec Ricard. Retrouvez toute la puissance de l&rsquo;anis avec le Pastis Ricard original,\u00a0une saveur anis\u00e9e plus subtile avec le Pastis Ricard \u00e9labor\u00e9 avec de l&rsquo;anis issu de plantes fra\u00eeches\u00a0ou\u00a0encore\u00a0la rondeur de l&rsquo;anis\u00a0vert \u00e0 l&rsquo;intensit\u00e9 des ar\u00f4mes fruit\u00e9s d&rsquo;amande ou de citron.\u00a0Un ap\u00e9ritif proven\u00e7al devenu un incontournable des tables fran\u00e7aises gr\u00e2ce \u00e0 une recette unique inchang\u00e9e depuis sa cr\u00e9ation. N\u00e9 sous le soleil de Marseille en 1932, le Pastis conjugue savoir-faire et tradition \u00e0 (re)d\u00e9couvrir dans une ligne d&rsquo;objets collectors et verres pour un service Ricard complet.<\/i><\/p>\n<div id=\"category-description_content\" class=\"category-description_content\">\n<p><i>N\u00e9 sous le soleil de Marseille en 1932, le Pastis conjugue savoir-faire et tradition.<\/i><\/p>\n<\/div>","protected":false},"featured_media":12386,"comment_status":"open","ping_status":"open","template":"","meta":[],"product_cat":[271],"product_tag":[],"class_list":{"0":"post-8989","1":"product","2":"type-product","3":"status-publish","4":"has-post-thumbnail","6":"product_cat-aperitif","7":"pa_country-france","8":"_wholesalex wsx-wholesalex-product","10":"first","11":"instock","12":"taxable","13":"shipping-taxable","14":"purchasable","15":"product-type-simple"},"_links":{"self":[{"href":"https:\/\/petitecave.ch\/de\/wp-json\/wp\/v2\/product\/8989","targetHints":{"allow":["GET"]}}],"collection":[{"href":"https:\/\/petitecave.ch\/de\/wp-json\/wp\/v2\/product"}],"about":[{"href":"https:\/\/petitecave.ch\/de\/wp-json\/wp\/v2\/types\/product"}],"replies":[{"embeddable":true,"href":"https:\/\/petitecave.ch\/de\/wp-json\/wp\/v2\/comments?post=8989"}],"wp:featuredmedia":[{"embeddable":true,"href":"https:\/\/petitecave.ch\/de\/wp-json\/wp\/v2\/media\/12386"}],"wp:attachment":[{"href":"https:\/\/petitecave.ch\/de\/wp-json\/wp\/v2\/media?parent=8989"}],"wp:term":[{"taxonomy":"product_cat","embeddable":true,"href":"https:\/\/petitecave.ch\/de\/wp-json\/wp\/v2\/product_cat?post=8989"},{"taxonomy":"product_tag","embeddable":true,"href":"https:\/\/petitecave.ch\/de\/wp-json\/wp\/v2\/product_tag?post=8989"}],"curies":[{"name":"wp","href":"https:\/\/api.w.org\/{rel}","templated":true}]}}