{"id":8984,"date":"2025-10-28T10:36:14","date_gmt":"2025-10-28T10:36:14","guid":{"rendered":"https:\/\/petitecave.ch\/product\/pastis-suisse-larus-e-70cl\/"},"modified":"2026-02-20T14:33:54","modified_gmt":"2026-02-20T13:33:54","slug":"pastis-suisse-larus-e-70cl","status":"publish","type":"product","link":"https:\/\/petitecave.ch\/de\/product\/pastis-suisse-larus-e-70cl\/","title":{"rendered":"Pastis Suisse Larus\u00e9e 70cl"},"content":{"rendered":"<p>Go\u00fbt d&rsquo;anis avec une l\u00e9g\u00e8re note d&rsquo;agrumes<\/p>","protected":false},"excerpt":{"rendered":"<div class=\"flex justify-between items-end mb-6\">\n<div class=\"mr-2\"><b>Pastis Larus\u00e9e &#8211; Distillerie Larus\u00e9e &#8211; Fenin<\/b><\/div>\n<\/div>\n<p class=\"text-sm md:text-base mb-4 md:mb-10 tracking-tight\">\u00a0<\/p>\n<p class=\"text-sm md:text-base mb-4 md:mb-10 tracking-tight\"><i>Avec ses plantes, ce Pastis d\u00e9voile non seulement son go\u00fbt anis\u00e9, mais aussi ses notes l\u00e9g\u00e8res d&rsquo;agrumes. Fait \u00e0 la main dans le canton de Neuch\u00e2tel, bouchonn\u00e9 et scell\u00e9.<\/i><\/p>\n<div class=\"flex justify-between items-end mb-6\">\n<div class=\"mr-2\">\u00a0<\/div>\n<\/div>","protected":false},"featured_media":12381,"comment_status":"open","ping_status":"closed","template":"","meta":[],"product_cat":[271],"product_tag":[],"class_list":{"0":"post-8984","1":"product","2":"type-product","3":"status-publish","4":"has-post-thumbnail","6":"product_cat-aperitif","7":"pa_country-suisse","8":"pa_volume-70-cl","9":"_wholesalex wsx-wholesalex-product","11":"first","12":"instock","13":"taxable","14":"shipping-taxable","15":"purchasable","16":"product-type-simple"},"_links":{"self":[{"href":"https:\/\/petitecave.ch\/de\/wp-json\/wp\/v2\/product\/8984","targetHints":{"allow":["GET"]}}],"collection":[{"href":"https:\/\/petitecave.ch\/de\/wp-json\/wp\/v2\/product"}],"about":[{"href":"https:\/\/petitecave.ch\/de\/wp-json\/wp\/v2\/types\/product"}],"replies":[{"embeddable":true,"href":"https:\/\/petitecave.ch\/de\/wp-json\/wp\/v2\/comments?post=8984"}],"wp:featuredmedia":[{"embeddable":true,"href":"https:\/\/petitecave.ch\/de\/wp-json\/wp\/v2\/media\/12381"}],"wp:attachment":[{"href":"https:\/\/petitecave.ch\/de\/wp-json\/wp\/v2\/media?parent=8984"}],"wp:term":[{"taxonomy":"product_cat","embeddable":true,"href":"https:\/\/petitecave.ch\/de\/wp-json\/wp\/v2\/product_cat?post=8984"},{"taxonomy":"product_tag","embeddable":true,"href":"https:\/\/petitecave.ch\/de\/wp-json\/wp\/v2\/product_tag?post=8984"}],"curies":[{"name":"wp","href":"https:\/\/api.w.org\/{rel}","templated":true}]}}