{"id":8982,"date":"2025-10-28T10:36:13","date_gmt":"2025-10-28T10:36:13","guid":{"rendered":""},"modified":"2026-02-20T14:33:14","modified_gmt":"2026-02-20T13:33:14","slug":"pastis-51-1l","status":"publish","type":"product","link":"https:\/\/petitecave.ch\/de\/product\/pastis-51-1l\/","title":{"rendered":"Pastis 51 100cl"},"content":{"rendered":"<p>Originaire de Marseille il doit son nom \u00e0 l&rsquo;ann\u00e9e de sa fondation en 1951. Il est obtenu par mac\u00e9ration de poudre de r\u00e9glisse, associ\u00e9e \u00e0 de l&rsquo;anis, de l&rsquo;eau, de l&rsquo;alcool et du sucre.\u00a0<\/p>","protected":false},"excerpt":{"rendered":"<p>Pastis 51<\/p>","protected":false},"featured_media":12379,"comment_status":"open","ping_status":"open","template":"","meta":[],"product_cat":[271],"product_tag":[],"class_list":{"0":"post-8982","1":"product","2":"type-product","3":"status-publish","4":"has-post-thumbnail","6":"product_cat-aperitif","7":"pa_country-france","8":"_wholesalex wsx-wholesalex-product","10":"first","11":"instock","12":"taxable","13":"shipping-taxable","14":"purchasable","15":"product-type-simple"},"_links":{"self":[{"href":"https:\/\/petitecave.ch\/de\/wp-json\/wp\/v2\/product\/8982","targetHints":{"allow":["GET"]}}],"collection":[{"href":"https:\/\/petitecave.ch\/de\/wp-json\/wp\/v2\/product"}],"about":[{"href":"https:\/\/petitecave.ch\/de\/wp-json\/wp\/v2\/types\/product"}],"replies":[{"embeddable":true,"href":"https:\/\/petitecave.ch\/de\/wp-json\/wp\/v2\/comments?post=8982"}],"wp:featuredmedia":[{"embeddable":true,"href":"https:\/\/petitecave.ch\/de\/wp-json\/wp\/v2\/media\/12379"}],"wp:attachment":[{"href":"https:\/\/petitecave.ch\/de\/wp-json\/wp\/v2\/media?parent=8982"}],"wp:term":[{"taxonomy":"product_cat","embeddable":true,"href":"https:\/\/petitecave.ch\/de\/wp-json\/wp\/v2\/product_cat?post=8982"},{"taxonomy":"product_tag","embeddable":true,"href":"https:\/\/petitecave.ch\/de\/wp-json\/wp\/v2\/product_tag?post=8982"}],"curies":[{"name":"wp","href":"https:\/\/api.w.org\/{rel}","templated":true}]}}