{"id":8981,"date":"2025-10-28T10:36:12","date_gmt":"2025-10-28T10:36:12","guid":{"rendered":""},"modified":"2026-02-20T14:15:17","modified_gmt":"2026-02-20T13:15:17","slug":"passoa-70cl","status":"publish","type":"product","link":"https:\/\/petitecave.ch\/de\/product\/passoa-70cl\/","title":{"rendered":"Passoa 70cl"},"content":{"rendered":"<p>Go\u00fbt fruit\u00e9-sucr\u00e9 avec des fruits de la passion l\u00e9g\u00e8rement acides.<\/p>","protected":false},"excerpt":{"rendered":"<p><b>Passoa &#8211; R\u00e9my Cointreau<\/b><\/p>\n<p>\u00a0<\/p>\n<p class=\"text-sm md:text-base mb-4 md:mb-10 tracking-tight\"><i>Cette liqueur est fabriqu\u00e9e \u00e0 partir de jus de fruit de la passion et de divers autres extraits. Elle est id\u00e9ale pour des boissons rapides et faciles \u00e0 pr\u00e9parer \u00e0 la maison, ou pour des cocktails fruit\u00e9s au bar.<\/i><\/p>\n<div class=\"flex justify-between items-end mb-6\">\n<div class=\"mr-2\">\n<div class=\"mb-4\"><i>La marque a \u00e9t\u00e9 lanc\u00e9e en 1986 par le producteur fran\u00e7ais de spiritueux R\u00e9my Cointreau. Le Passoa original contient du jus de fruit de la passion du Br\u00e9sil ainsi que divers extraits de fruits et d&rsquo;herbes. Le marketing se concentre sur la promotion de la liqueur en tant que composant de cocktails faciles \u00e0 pr\u00e9parer, que ce soit \u00e0 la maison ou au bar. Par exemple, on peut agr\u00e9menter la liqueur avec de l&rsquo;eau tonique et beaucoup de gla\u00e7ons, ou la m\u00e9langer avec du vin ros\u00e9 et du jus d&rsquo;orange pour r\u00e9aliser une sangria. Le Passoa, dans sa bouteille noire accrocheuse, peut \u00e9galement se combiner parfaitement avec de la bi\u00e8re blanche, de la bi\u00e8re au gingembre ou du vin ros\u00e9 et de l&rsquo;eau gazeuse. Pour d\u00e9montrer vos talents de barman, pr\u00e9parer donc un \u00ab\u00a0Porn Star Martini\u00a0\u00bb.<\/i><\/div>\n<\/div>\n<\/div>","protected":false},"featured_media":12378,"comment_status":"open","ping_status":"open","template":"","meta":[],"product_cat":[269],"product_tag":[],"class_list":{"0":"post-8981","1":"product","2":"type-product","3":"status-publish","4":"has-post-thumbnail","6":"product_cat-liqueurs","7":"pa_country-suisse","8":"pa_volume-70-cl","9":"_wholesalex wsx-wholesalex-product","11":"first","12":"instock","13":"taxable","14":"shipping-taxable","15":"purchasable","16":"product-type-simple"},"_links":{"self":[{"href":"https:\/\/petitecave.ch\/de\/wp-json\/wp\/v2\/product\/8981","targetHints":{"allow":["GET"]}}],"collection":[{"href":"https:\/\/petitecave.ch\/de\/wp-json\/wp\/v2\/product"}],"about":[{"href":"https:\/\/petitecave.ch\/de\/wp-json\/wp\/v2\/types\/product"}],"replies":[{"embeddable":true,"href":"https:\/\/petitecave.ch\/de\/wp-json\/wp\/v2\/comments?post=8981"}],"wp:featuredmedia":[{"embeddable":true,"href":"https:\/\/petitecave.ch\/de\/wp-json\/wp\/v2\/media\/12378"}],"wp:attachment":[{"href":"https:\/\/petitecave.ch\/de\/wp-json\/wp\/v2\/media?parent=8981"}],"wp:term":[{"taxonomy":"product_cat","embeddable":true,"href":"https:\/\/petitecave.ch\/de\/wp-json\/wp\/v2\/product_cat?post=8981"},{"taxonomy":"product_tag","embeddable":true,"href":"https:\/\/petitecave.ch\/de\/wp-json\/wp\/v2\/product_tag?post=8981"}],"curies":[{"name":"wp","href":"https:\/\/api.w.org\/{rel}","templated":true}]}}