{"id":8976,"date":"2025-10-28T10:36:07","date_gmt":"2025-10-28T10:36:07","guid":{"rendered":""},"modified":"2026-02-20T13:29:39","modified_gmt":"2026-02-20T12:29:39","slug":"martini-blanc-100cl","status":"publish","type":"product","link":"https:\/\/petitecave.ch\/de\/product\/martini-blanc-100cl\/","title":{"rendered":"Martini Blanc 100cl"},"content":{"rendered":"<p class=\"text-sm md:text-base mb-4 md:mb-10 tracking-tight\">Le Martini Bianco a un go\u00fbt sucr\u00e9-herbac\u00e9 et est souvent servi frais ou sur des gla\u00e7ons. Il convient \u00e9galement comme base pour des long drinks.<\/p>\n<div class=\"flex justify-between items-end mb-6\">\n<div class=\"mr-2\">\u00a0<\/div>\n<\/div>","protected":false},"excerpt":{"rendered":"<p><b>Martini Bianco &#8211; Martini &amp; Rossi\u00a0<\/b><\/p>\n<p>\u00a0<\/p>\n<div class=\"mb-4\"><i>L&rsquo;entreprise a \u00e9t\u00e9 fond\u00e9e en 1863, lorsque trois employ\u00e9s d&rsquo;une soci\u00e9t\u00e9 de n\u00e9goce de vin &#8211; Martini, Sola et Rossi &#8211; ont pris la rel\u00e8ve et ont commenc\u00e9 \u00e0 produire de l&rsquo;absinthe. Apr\u00e8s la mort de Sola en 1879, l&rsquo;entreprise, qui fait maintenant partie du groupe Bacardi, a \u00e9t\u00e9 rebaptis\u00e9e Martini &amp; Rossi. En 1900, les quatre fils de Rossi reprirent l&rsquo;entreprise et chang\u00e8rent la strat\u00e9gie marketing. Martini &amp; Rossi s&rsquo;est rapidement fait conna\u00eetre comme l&rsquo;un des principaux sponsors de divers \u00e9v\u00e9nements culturels et sportifs. Le Martini Bianco est un vin blanc enrichi avec diff\u00e9rents ingr\u00e9dients et quadruplement distill\u00e9. La recette exacte, ainsi que le processus de fabrication, sont un secret bien gard\u00e9.<\/i><\/div>","protected":false},"featured_media":12373,"comment_status":"open","ping_status":"open","template":"","meta":[],"product_cat":[271],"product_tag":[],"class_list":{"0":"post-8976","1":"product","2":"type-product","3":"status-publish","4":"has-post-thumbnail","6":"product_cat-aperitif","7":"pa_country-italie","8":"_wholesalex wsx-wholesalex-product","10":"first","11":"instock","12":"taxable","13":"shipping-taxable","14":"purchasable","15":"product-type-simple"},"_links":{"self":[{"href":"https:\/\/petitecave.ch\/de\/wp-json\/wp\/v2\/product\/8976","targetHints":{"allow":["GET"]}}],"collection":[{"href":"https:\/\/petitecave.ch\/de\/wp-json\/wp\/v2\/product"}],"about":[{"href":"https:\/\/petitecave.ch\/de\/wp-json\/wp\/v2\/types\/product"}],"replies":[{"embeddable":true,"href":"https:\/\/petitecave.ch\/de\/wp-json\/wp\/v2\/comments?post=8976"}],"wp:featuredmedia":[{"embeddable":true,"href":"https:\/\/petitecave.ch\/de\/wp-json\/wp\/v2\/media\/12373"}],"wp:attachment":[{"href":"https:\/\/petitecave.ch\/de\/wp-json\/wp\/v2\/media?parent=8976"}],"wp:term":[{"taxonomy":"product_cat","embeddable":true,"href":"https:\/\/petitecave.ch\/de\/wp-json\/wp\/v2\/product_cat?post=8976"},{"taxonomy":"product_tag","embeddable":true,"href":"https:\/\/petitecave.ch\/de\/wp-json\/wp\/v2\/product_tag?post=8976"}],"curies":[{"name":"wp","href":"https:\/\/api.w.org\/{rel}","templated":true}]}}