{"id":8975,"date":"2025-10-28T10:36:06","date_gmt":"2025-10-28T10:36:06","guid":{"rendered":""},"modified":"2026-02-20T14:07:22","modified_gmt":"2026-02-20T13:07:22","slug":"marito-verde-70cl","status":"publish","type":"product","link":"https:\/\/petitecave.ch\/de\/product\/marito-verde-70cl\/","title":{"rendered":"Marito Verde 70cl"},"content":{"rendered":"<p>Des notes d&rsquo;agrumes frais dominent au nez, tandis que des herbes am\u00e8res et des ar\u00f4mes sucr\u00e9s apparaissent en bouche.<\/p>","protected":false},"excerpt":{"rendered":"<p><b>Marito Verde &#8211; Distillerie Diwisa &#8211; Willisau<\/b><\/p>\n<p>\u00a0<\/p>\n<p><i>Marito Verde est un ap\u00e9ritif suisse \u00e0 base de plantes provenant de la c\u00e9l\u00e8bre distillerie DIWISA, qui est \u00e9galement responsable de marques telles que Trojka et Xellent. La liqueur est domin\u00e9e par des ar\u00f4mes de citron frais, qui sont dus \u00e0 l&rsquo;ajout de m\u00e9lisse citronn\u00e9e et de verveine citronn\u00e9e. D&rsquo;autres herbes mac\u00e9r\u00e9es et distill\u00e9es, telles que l&rsquo;absinthe et l&rsquo;achill\u00e9e millefeuille, toutes originaires de Suisse et dont certaines sont cultiv\u00e9es dans le jardin d&rsquo;herbes aromatiques de la maison, sont responsables des notes douces-am\u00e8res qui donnent \u00e0 la liqueur la profondeur souhait\u00e9e au moment de la d\u00e9gustation. Apr\u00e8s une filtration minutieuse, la liqueur verte est mise en bouteille et pr\u00eate \u00e0 \u00eatre servie. Ceux qui souhaitent boire l&rsquo;ap\u00e9ritif de mani\u00e8re authentique m\u00e9langent 4cl de Marito Verde avec 14cl d&rsquo;eau gazeuse dans un grand verre rempli de gla\u00e7ons et le garnissent d&rsquo;une tranche de citron.<\/i><\/p>","protected":false},"featured_media":12372,"comment_status":"open","ping_status":"open","template":"","meta":[],"product_cat":[271],"product_tag":[],"class_list":{"0":"post-8975","1":"product","2":"type-product","3":"status-publish","4":"has-post-thumbnail","6":"product_cat-aperitif","7":"pa_country-suisse","8":"pa_volume-70-cl","9":"_wholesalex wsx-wholesalex-product","11":"first","12":"instock","13":"taxable","14":"shipping-taxable","15":"purchasable","16":"product-type-simple"},"_links":{"self":[{"href":"https:\/\/petitecave.ch\/de\/wp-json\/wp\/v2\/product\/8975","targetHints":{"allow":["GET"]}}],"collection":[{"href":"https:\/\/petitecave.ch\/de\/wp-json\/wp\/v2\/product"}],"about":[{"href":"https:\/\/petitecave.ch\/de\/wp-json\/wp\/v2\/types\/product"}],"replies":[{"embeddable":true,"href":"https:\/\/petitecave.ch\/de\/wp-json\/wp\/v2\/comments?post=8975"}],"wp:featuredmedia":[{"embeddable":true,"href":"https:\/\/petitecave.ch\/de\/wp-json\/wp\/v2\/media\/12372"}],"wp:attachment":[{"href":"https:\/\/petitecave.ch\/de\/wp-json\/wp\/v2\/media?parent=8975"}],"wp:term":[{"taxonomy":"product_cat","embeddable":true,"href":"https:\/\/petitecave.ch\/de\/wp-json\/wp\/v2\/product_cat?post=8975"},{"taxonomy":"product_tag","embeddable":true,"href":"https:\/\/petitecave.ch\/de\/wp-json\/wp\/v2\/product_tag?post=8975"}],"curies":[{"name":"wp","href":"https:\/\/api.w.org\/{rel}","templated":true}]}}