{"id":8973,"date":"2025-10-28T10:36:05","date_gmt":"2025-10-28T10:36:05","guid":{"rendered":""},"modified":"2026-02-20T14:12:44","modified_gmt":"2026-02-20T13:12:44","slug":"malibu-70cl","status":"publish","type":"product","link":"https:\/\/petitecave.ch\/de\/product\/malibu-70cl\/","title":{"rendered":"Malibu 70cl"},"content":{"rendered":"<p>Ar\u00f4me fruit\u00e9-sucr\u00e9 de noix de coco<\/p>","protected":false},"excerpt":{"rendered":"<p><b>Malibu\u00a0&#8211; West Indies Rum Distillery Ltd.<\/b><\/p>\n<p><i><br \/>La liqueur de renomm\u00e9e mondiale \u00e0 base de rhum blanc, de sucre et d&rsquo;extraits naturels de noix de coco est un ingr\u00e9dient indispensable dans les bars tropicaux et cosmopolites.<\/i><b><\/b><\/p>\n<div class=\"flex justify-between items-end mb-6\">\n<div class=\"mr-2\"><i><\/i><\/p>\n<div class=\"mb-4\"><i>Le Malibu a \u00e9t\u00e9 produit pour la premi\u00e8re fois \u00e0 la Barbade en 1895, ce qui en fait le premier rhum aromatis\u00e9 au monde. Plus pr\u00e9cis\u00e9ment, il s&rsquo;agit d&rsquo;une liqueur \u00e0 base de rhum blanc, de sucre et d&rsquo;extraits naturels de noix de coco. Le Malibu est rarement bu pur, mais souvent en combinaison avec des jus de fruits. Il est tr\u00e8s appr\u00e9ci\u00e9 dans les boissons Tiki, car les cocktails comme Coco Loco, Swimming Pool, Pina Colada ou Pineapple Daiquiri peuvent \u00eatre pr\u00e9par\u00e9s avec la liqueur de rhum-coco.<\/i><\/div>\n<\/div>\n<\/div>","protected":false},"featured_media":12370,"comment_status":"open","ping_status":"open","template":"","meta":[],"product_cat":[269],"product_tag":[],"class_list":{"0":"post-8973","1":"product","2":"type-product","3":"status-publish","4":"has-post-thumbnail","6":"product_cat-liqueurs","7":"pa_country-barbade","8":"pa_volume-70-cl","9":"_wholesalex wsx-wholesalex-product","11":"first","12":"instock","13":"taxable","14":"shipping-taxable","15":"purchasable","16":"product-type-simple"},"_links":{"self":[{"href":"https:\/\/petitecave.ch\/de\/wp-json\/wp\/v2\/product\/8973","targetHints":{"allow":["GET"]}}],"collection":[{"href":"https:\/\/petitecave.ch\/de\/wp-json\/wp\/v2\/product"}],"about":[{"href":"https:\/\/petitecave.ch\/de\/wp-json\/wp\/v2\/types\/product"}],"replies":[{"embeddable":true,"href":"https:\/\/petitecave.ch\/de\/wp-json\/wp\/v2\/comments?post=8973"}],"wp:featuredmedia":[{"embeddable":true,"href":"https:\/\/petitecave.ch\/de\/wp-json\/wp\/v2\/media\/12370"}],"wp:attachment":[{"href":"https:\/\/petitecave.ch\/de\/wp-json\/wp\/v2\/media?parent=8973"}],"wp:term":[{"taxonomy":"product_cat","embeddable":true,"href":"https:\/\/petitecave.ch\/de\/wp-json\/wp\/v2\/product_cat?post=8973"},{"taxonomy":"product_tag","embeddable":true,"href":"https:\/\/petitecave.ch\/de\/wp-json\/wp\/v2\/product_tag?post=8973"}],"curies":[{"name":"wp","href":"https:\/\/api.w.org\/{rel}","templated":true}]}}