{"id":8971,"date":"2025-10-28T10:36:03","date_gmt":"2025-10-28T10:36:03","guid":{"rendered":""},"modified":"2026-02-20T14:22:21","modified_gmt":"2026-02-20T13:22:21","slug":"lillet-blanc-75cl","status":"publish","type":"product","link":"https:\/\/petitecave.ch\/de\/product\/lillet-blanc-75cl\/","title":{"rendered":"Lillet Blanc 75cl"},"content":{"rendered":"<p data-start=\"385\" data-end=\"444\"><font color=\"#000000\"><strong data-start=\"385\" data-end=\"394\">Nez :<\/strong> Zestes d\u2019orange confite, miel, fleurs blanches.<\/font><\/p>\n<p data-start=\"447\" data-end=\"585\"><font color=\"#000000\"><strong data-start=\"447\" data-end=\"459\">Bouche :<\/strong> Ronde et soyeuse, avec des touches de citron, miel, fruits tropicaux (ananas, mangue) et une l\u00e9g\u00e8re amertume en finale.<\/font><\/p>\n<p data-start=\"447\" data-end=\"585\"><font color=\"#000000\"><strong data-start=\"588\" data-end=\"599\">Style :<\/strong> Doux, \u00e9quilibr\u00e9, tr\u00e8s aromatique.<\/font><\/p>\n<p>\u00a0<\/p>","protected":false},"excerpt":{"rendered":"<p><font color=\"#000000\"><b>Lillet Blanc &#8211; Podensac<\/b><\/font><\/p>\n<p data-start=\"190\" data-end=\"352\"><font color=\"#000000\">Un ap\u00e9ritif raffin\u00e9, <strong data-start=\"211\" data-end=\"230\">l\u00e9ger et fruit\u00e9<\/strong>, qui marie \u00e0 merveille la douceur du vin blanc de Bordeaux avec des <strong data-start=\"299\" data-end=\"351\">ar\u00f4mes naturels d\u2019agrumes et de fruits exotiques<\/strong>.<\/font><\/p>\n<p data-start=\"354\" data-end=\"382\"><font color=\"#000000\">&#8212;<\/font><\/p>\n<p><font color=\"#000000\">C\u2019est l\u2019histoire d\u2019un savoir-faire unique n\u00e9 en <strong data-start=\"279\" data-end=\"287\">1872<\/strong> \u00e0 <strong data-start=\"290\" data-end=\"302\">Podensac<\/strong>, un petit village au sud de Bordeaux. Ce sont deux fr\u00e8res, <strong data-start=\"362\" data-end=\"388\">Paul et Raymond Lillet<\/strong>, qui cr\u00e9ent ce d\u00e9licieux ap\u00e9ritif \u00e0 base de <strong data-start=\"433\" data-end=\"453\">vins de Bordeaux<\/strong> soigneusement s\u00e9lectionn\u00e9s et de <strong data-start=\"487\" data-end=\"512\">mac\u00e9rations de fruits<\/strong> exotiques et d\u2019\u00e9corces d\u2019agrumes.<\/font><\/p>\n<p>\u00a0<\/p>\n<h3><font color=\"#FF6600\"><u><b>ID\u00c9ES COCKTAILS :<\/b><\/u><\/font><\/h3>\n<p><font color=\"#000000\">Pour un <b>cocktail fruit\u00e9<\/b>, d\u00e9couvre\u00a0<b>Lillet Passion :<\/b><\/font><\/p>\n<p><font color=\"#000000\"><i>Verse 5cl de Lillet Blanc, ajoute 10cl de Ginger Ale, 1\/2 fruit de la passion et des gla\u00e7ons. Sant\u00e9 !<\/i><\/font><\/p>\n<p><font color=\"#000000\">Pour un <b>cocktail d\u00e9salt\u00e9rant<\/b>, d\u00e9couvre\u00a0<b>Lillet Hugo :<\/b><\/font><\/p>\n<p><font color=\"#000000\"><i>Verse 5cl de Lillet Blanc, ajoute 10cl de Fever-Tree Elderflower, 2 quartiers de lime, des feuilles de menthe et quelques gla\u00e7ons. Et voil\u00e0 !<\/i><\/font><\/p>","protected":false},"featured_media":12368,"comment_status":"open","ping_status":"open","template":"","meta":[],"product_cat":[271],"product_tag":[],"class_list":{"0":"post-8971","1":"product","2":"type-product","3":"status-publish","4":"has-post-thumbnail","6":"product_cat-aperitif","7":"pa_color-blanc","8":"pa_country-france","9":"pa_type-aperitif-a-base-de-vin","10":"pa_volume-70-cl","11":"_wholesalex wsx-wholesalex-product","13":"first","14":"instock","15":"taxable","16":"shipping-taxable","17":"purchasable","18":"product-type-simple"},"_links":{"self":[{"href":"https:\/\/petitecave.ch\/de\/wp-json\/wp\/v2\/product\/8971","targetHints":{"allow":["GET"]}}],"collection":[{"href":"https:\/\/petitecave.ch\/de\/wp-json\/wp\/v2\/product"}],"about":[{"href":"https:\/\/petitecave.ch\/de\/wp-json\/wp\/v2\/types\/product"}],"replies":[{"embeddable":true,"href":"https:\/\/petitecave.ch\/de\/wp-json\/wp\/v2\/comments?post=8971"}],"wp:featuredmedia":[{"embeddable":true,"href":"https:\/\/petitecave.ch\/de\/wp-json\/wp\/v2\/media\/12368"}],"wp:attachment":[{"href":"https:\/\/petitecave.ch\/de\/wp-json\/wp\/v2\/media?parent=8971"}],"wp:term":[{"taxonomy":"product_cat","embeddable":true,"href":"https:\/\/petitecave.ch\/de\/wp-json\/wp\/v2\/product_cat?post=8971"},{"taxonomy":"product_tag","embeddable":true,"href":"https:\/\/petitecave.ch\/de\/wp-json\/wp\/v2\/product_tag?post=8971"}],"curies":[{"name":"wp","href":"https:\/\/api.w.org\/{rel}","templated":true}]}}