{"id":8968,"date":"2025-10-28T10:36:00","date_gmt":"2025-10-28T10:36:00","guid":{"rendered":""},"modified":"2026-02-20T16:19:29","modified_gmt":"2026-02-20T15:19:29","slug":"j-germeister-100cl","status":"publish","type":"product","link":"https:\/\/petitecave.ch\/de\/product\/j-germeister-100cl\/","title":{"rendered":"J\u00e4germeister 100cl"},"content":{"rendered":"<div class=\"diwisa--description-aroma tasting--properties-row\"><span class=\"tasting--properties-label\"><strong>Nez\u00a0<\/strong>:\u00a0<\/span><span class=\"tasting--properties-value\">Notes d&rsquo;anis \u00e9toil\u00e9, racines de cannelle et de gingembre et autres herbes<\/span><\/div>\n<div class=\"diwisa--description-aroma tasting--properties-row\">\u00a0<\/div>\n<div class=\"diwisa--description-taste tasting--properties-row\"><span class=\"tasting--properties-label\"><strong>Bouche\u00a0<\/strong>:\u00a0<\/span><span class=\"tasting--properties-value\">Le go\u00fbt de J\u00e4germeister est doux, \u00e9pic\u00e9 et complexe. Les caract\u00e9ristiques en sont des traces d&rsquo;agrumes, de gingembre, d&rsquo;anis \u00e9toil\u00e9, accompagn\u00e9es d&rsquo;une note d&rsquo;herbe agr\u00e9ablement am\u00e8re. Pur et naturel dans le go\u00fbt, associ\u00e9 \u00e0 un caract\u00e8re solide et fort<\/span><\/div>\n<div class=\"diwisa--description-taste tasting--properties-row\">\u00a0<\/div>\n<div class=\"diwisa--description-end tasting--properties-row\"><span class=\"tasting--properties-label\"><strong>Finale\u00a0<\/strong>:\u00a0<\/span><span class=\"tasting--properties-value\">Finale l\u00e9g\u00e8re, amertume agr\u00e9able<\/span><\/div>","protected":false},"excerpt":{"rendered":"<p><b>J\u00e4germeister\u00a0<\/b><\/p>\n<p>\u00a0<\/p>\n<p><i>Un classique parmi les liqueurs aux herbes, fabriqu\u00e9 \u00e0 partir de 56 plantes aromatiques, de fleurs, de racines et de fruits du monde entier.<\/i><\/p>\n<p><i>La recette du J\u00e4germeister, c\u00e9l\u00e8bre sur tous les continents, est gard\u00e9e secr\u00e8te depuis 1934. Ce classique parmi les liqueurs aux herbes est fabriqu\u00e9 \u00e0 partir de plus de 50 plantes aromatiques, fleurs, racines et fruits. Cinq semaines de repos dans d\u2019immenses contenants lui permettent de d\u00e9ployer ses pr\u00e9cieux composants et ar\u00f4mes. Une fois filtr\u00e9, l\u2019extrait vieillit une ann\u00e9e en f\u00fbts de ch\u00eane, puis est transform\u00e9 en liqueur.<\/i><\/p>\n<p><i>Qu\u2019on le boive pur en shot glac\u00e9 ou m\u00e9lang\u00e9 \u00e0 de la Ginger Beer et \u00e0 de la glace, le J\u00e4germeister ne cesse de se r\u00e9inventer.<\/i><\/p>","protected":false},"featured_media":12365,"comment_status":"open","ping_status":"open","template":"","meta":[],"product_cat":[269],"product_tag":[],"class_list":{"0":"post-8968","1":"product","2":"type-product","3":"status-publish","4":"has-post-thumbnail","6":"product_cat-liqueurs","7":"pa_country-allemagne","8":"_wholesalex wsx-wholesalex-product","10":"first","11":"instock","12":"taxable","13":"shipping-taxable","14":"purchasable","15":"product-type-simple"},"_links":{"self":[{"href":"https:\/\/petitecave.ch\/de\/wp-json\/wp\/v2\/product\/8968","targetHints":{"allow":["GET"]}}],"collection":[{"href":"https:\/\/petitecave.ch\/de\/wp-json\/wp\/v2\/product"}],"about":[{"href":"https:\/\/petitecave.ch\/de\/wp-json\/wp\/v2\/types\/product"}],"replies":[{"embeddable":true,"href":"https:\/\/petitecave.ch\/de\/wp-json\/wp\/v2\/comments?post=8968"}],"wp:featuredmedia":[{"embeddable":true,"href":"https:\/\/petitecave.ch\/de\/wp-json\/wp\/v2\/media\/12365"}],"wp:attachment":[{"href":"https:\/\/petitecave.ch\/de\/wp-json\/wp\/v2\/media?parent=8968"}],"wp:term":[{"taxonomy":"product_cat","embeddable":true,"href":"https:\/\/petitecave.ch\/de\/wp-json\/wp\/v2\/product_cat?post=8968"},{"taxonomy":"product_tag","embeddable":true,"href":"https:\/\/petitecave.ch\/de\/wp-json\/wp\/v2\/product_tag?post=8968"}],"curies":[{"name":"wp","href":"https:\/\/api.w.org\/{rel}","templated":true}]}}