{"id":8961,"date":"2025-10-28T10:35:54","date_gmt":"2025-10-28T10:35:54","guid":{"rendered":""},"modified":"2026-02-20T14:05:33","modified_gmt":"2026-02-20T13:05:33","slug":"branca-menta-70cl","status":"publish","type":"product","link":"https:\/\/petitecave.ch\/de\/product\/branca-menta-70cl\/","title":{"rendered":"Branca Menta 70cl"},"content":{"rendered":"<p>Avec un ar\u00f4me intense de menthe poivr\u00e9e. Des notes v\u00e9g\u00e9tales sucr\u00e9es et am\u00e8res-herbac\u00e9es alternent avec de la cannelle, du safran, de la gentiane, de la camomille et de la r\u00e9glisse.<\/p>","protected":false},"excerpt":{"rendered":"<p><b>Fernet Branca Menta\u00a0<\/b><\/p>\n<p>\u00a0<\/p>\n<p><i>La \u00ab\u00a0Distillerie Fratelli Branca\u00a0\u00bb a \u00e9t\u00e9 fond\u00e9e par Bernardino Branca, \u00e0 Milan, en 1854. Aujourd&rsquo;hui encore, le c\u00e9l\u00e8bre Fernet Branca est produit selon la recette secr\u00e8te de la famille. Le Branca Menta n&rsquo;a \u00e9t\u00e9 ajout\u00e9 \u00e0 la gamme que plus tard, dans les ann\u00e9es 1960. La liqueur am\u00e8re est fabriqu\u00e9e \u00e0 partir de diverses herbes et \u00e9pices, tandis que le go\u00fbt de menthe fra\u00eeche est obtenu par l&rsquo;ajout d&rsquo;huile essentielle de menthe poivr\u00e9e. Contrairement \u00e0 l&#8217;embl\u00e9matique Fernet-Branca, cette liqueur est un peu plus accessible, car elle a un go\u00fbt plus sucr\u00e9 et contient moins d&rsquo;alcool. La liqueur de menthe peut \u00eatre bue pure comme digestif ou utilis\u00e9e comme ingr\u00e9dient de cocktail, par exemple comme substitut de la cr\u00e8me de menthe dans diverses recettes, dans un Iced Coffee ou dans les milk-shakes.<\/i><\/p>","protected":false},"featured_media":12358,"comment_status":"open","ping_status":"open","template":"","meta":[],"product_cat":[271],"product_tag":[],"class_list":{"0":"post-8961","1":"product","2":"type-product","3":"status-publish","4":"has-post-thumbnail","6":"product_cat-aperitif","7":"pa_country-italie","8":"pa_volume-70-cl","9":"_wholesalex wsx-wholesalex-product","11":"first","12":"instock","13":"taxable","14":"shipping-taxable","15":"purchasable","16":"product-type-simple"},"_links":{"self":[{"href":"https:\/\/petitecave.ch\/de\/wp-json\/wp\/v2\/product\/8961","targetHints":{"allow":["GET"]}}],"collection":[{"href":"https:\/\/petitecave.ch\/de\/wp-json\/wp\/v2\/product"}],"about":[{"href":"https:\/\/petitecave.ch\/de\/wp-json\/wp\/v2\/types\/product"}],"replies":[{"embeddable":true,"href":"https:\/\/petitecave.ch\/de\/wp-json\/wp\/v2\/comments?post=8961"}],"wp:featuredmedia":[{"embeddable":true,"href":"https:\/\/petitecave.ch\/de\/wp-json\/wp\/v2\/media\/12358"}],"wp:attachment":[{"href":"https:\/\/petitecave.ch\/de\/wp-json\/wp\/v2\/media?parent=8961"}],"wp:term":[{"taxonomy":"product_cat","embeddable":true,"href":"https:\/\/petitecave.ch\/de\/wp-json\/wp\/v2\/product_cat?post=8961"},{"taxonomy":"product_tag","embeddable":true,"href":"https:\/\/petitecave.ch\/de\/wp-json\/wp\/v2\/product_tag?post=8961"}],"curies":[{"name":"wp","href":"https:\/\/api.w.org\/{rel}","templated":true}]}}