{"id":8960,"date":"2025-10-28T10:35:53","date_gmt":"2025-10-28T10:35:53","guid":{"rendered":""},"modified":"2026-02-20T14:05:28","modified_gmt":"2026-02-20T13:05:28","slug":"fernet-branca-70cl","status":"publish","type":"product","link":"https:\/\/petitecave.ch\/de\/product\/fernet-branca-70cl\/","title":{"rendered":"Fernet Branca 70cl"},"content":{"rendered":"<p>Fernet-Branca se savoure nature, dans un caf\u00e9, avec de l&rsquo;eau gazeuse ou en cocktails.<\/p>\n<p>Le Fernet Branca est \u00e9galement tr\u00e8s consomm\u00e9 en Argentine et en Uruguay.<\/p>","protected":false},"excerpt":{"rendered":"<p><b>Fernet Branca<\/b><b><\/b><\/p>\n<p>\u00a0<\/p>\n<p><i>Le Fernet-Branca est un bitter italien au go\u00fbt amer et \u00e9pic\u00e9.<\/i><br \/><i>Vieillit en f\u00fbt de ch\u00eane pendant plus d&rsquo;un an, la recette est rest\u00e9e secr\u00e8te. On estime sa composition \u00e0 base d&rsquo;une quarantaine de plantes, d&rsquo;herbes aromatiques et d&rsquo;\u00e9pices du monde entier dont le safran, l&rsquo;ang\u00e9lique, la myrrhe, la rhubarbe, l&rsquo;alo\u00e9, le safran, la gentiane etc\u2026<\/i><\/p>\n<p><i>Cette liqueur relativement puissante a semble-t-il \u00e9t\u00e9 souvent utilis\u00e9e pour ses vertus digestives.<\/i><\/p>","protected":false},"featured_media":12357,"comment_status":"open","ping_status":"open","template":"","meta":[],"product_cat":[271],"product_tag":[],"class_list":{"0":"post-8960","1":"product","2":"type-product","3":"status-publish","4":"has-post-thumbnail","6":"product_cat-aperitif","7":"pa_country-italie","8":"pa_volume-70-cl","9":"_wholesalex wsx-wholesalex-product","11":"first","12":"instock","13":"taxable","14":"shipping-taxable","15":"purchasable","16":"product-type-simple"},"_links":{"self":[{"href":"https:\/\/petitecave.ch\/de\/wp-json\/wp\/v2\/product\/8960","targetHints":{"allow":["GET"]}}],"collection":[{"href":"https:\/\/petitecave.ch\/de\/wp-json\/wp\/v2\/product"}],"about":[{"href":"https:\/\/petitecave.ch\/de\/wp-json\/wp\/v2\/types\/product"}],"replies":[{"embeddable":true,"href":"https:\/\/petitecave.ch\/de\/wp-json\/wp\/v2\/comments?post=8960"}],"wp:featuredmedia":[{"embeddable":true,"href":"https:\/\/petitecave.ch\/de\/wp-json\/wp\/v2\/media\/12357"}],"wp:attachment":[{"href":"https:\/\/petitecave.ch\/de\/wp-json\/wp\/v2\/media?parent=8960"}],"wp:term":[{"taxonomy":"product_cat","embeddable":true,"href":"https:\/\/petitecave.ch\/de\/wp-json\/wp\/v2\/product_cat?post=8960"},{"taxonomy":"product_tag","embeddable":true,"href":"https:\/\/petitecave.ch\/de\/wp-json\/wp\/v2\/product_tag?post=8960"}],"curies":[{"name":"wp","href":"https:\/\/api.w.org\/{rel}","templated":true}]}}