{"id":8957,"date":"2025-10-28T10:35:51","date_gmt":"2025-10-28T10:35:51","guid":{"rendered":""},"modified":"2026-02-20T16:11:32","modified_gmt":"2026-02-20T15:11:32","slug":"coureur-des-bois-cr-me-d-rable-70cl","status":"publish","type":"product","link":"https:\/\/petitecave.ch\/de\/product\/coureur-des-bois-cr-me-d-rable-70cl\/","title":{"rendered":"Coureur des Bois Cr\u00e8me d&rsquo;\u00c9rable 70cl"},"content":{"rendered":"<p><strong>Bouche :<\/strong>\u00a0Elle d\u00e9voile de d\u00e9licieuses saveurs naturelles de sirop d&rsquo;\u00e9rable<\/p>\n<p><strong>D\u00e9gustation :<\/strong>\u00a0\u00c0 servir sur de la glace, en cocktail ou dans le caf\u00e9<\/p>","protected":false},"excerpt":{"rendered":"<p><strong>Coureur des Bois Cr\u00e8me D&rsquo;\u00e9rable &#8211; Domaine Pinnacle &#8211; Qu\u00e9bec<\/strong><\/p>\n<p>\u00a0<\/p>\n<p><em>Fait de sirop d&rsquo;\u00e9rable qu\u00e9b\u00e9cois pur de premi\u00e8re qualit\u00e9, utilisant la plus fra\u00eeche des cr\u00e8mes et un assemblage d&rsquo;alcool de grains et du rhum<\/em><\/p>","protected":false},"featured_media":12354,"comment_status":"open","ping_status":"open","template":"","meta":[],"product_cat":[269],"product_tag":[],"class_list":{"0":"post-8957","1":"product","2":"type-product","3":"status-publish","4":"has-post-thumbnail","6":"product_cat-liqueurs","7":"pa_country-canada","8":"pa_volume-75-cl","9":"_wholesalex wsx-wholesalex-product","11":"first","12":"instock","13":"taxable","14":"shipping-taxable","15":"purchasable","16":"product-type-simple"},"_links":{"self":[{"href":"https:\/\/petitecave.ch\/de\/wp-json\/wp\/v2\/product\/8957","targetHints":{"allow":["GET"]}}],"collection":[{"href":"https:\/\/petitecave.ch\/de\/wp-json\/wp\/v2\/product"}],"about":[{"href":"https:\/\/petitecave.ch\/de\/wp-json\/wp\/v2\/types\/product"}],"replies":[{"embeddable":true,"href":"https:\/\/petitecave.ch\/de\/wp-json\/wp\/v2\/comments?post=8957"}],"wp:featuredmedia":[{"embeddable":true,"href":"https:\/\/petitecave.ch\/de\/wp-json\/wp\/v2\/media\/12354"}],"wp:attachment":[{"href":"https:\/\/petitecave.ch\/de\/wp-json\/wp\/v2\/media?parent=8957"}],"wp:term":[{"taxonomy":"product_cat","embeddable":true,"href":"https:\/\/petitecave.ch\/de\/wp-json\/wp\/v2\/product_cat?post=8957"},{"taxonomy":"product_tag","embeddable":true,"href":"https:\/\/petitecave.ch\/de\/wp-json\/wp\/v2\/product_tag?post=8957"}],"curies":[{"name":"wp","href":"https:\/\/api.w.org\/{rel}","templated":true}]}}