{"id":8956,"date":"2025-10-28T10:35:50","date_gmt":"2025-10-28T10:35:50","guid":{"rendered":""},"modified":"2026-02-20T14:13:25","modified_gmt":"2026-02-20T13:13:25","slug":"cointreau-70cl","status":"publish","type":"product","link":"https:\/\/petitecave.ch\/de\/product\/cointreau-70cl\/","title":{"rendered":"Cointreau 70cl"},"content":{"rendered":"<p>Elle est fabriqu\u00e9e \u00e0 partir de zestes d&rsquo;oranges am\u00e8res et sucr\u00e9es de trois pays diff\u00e9rents (Ha\u00efti, Espagne et Br\u00e9sil)<\/p>\n<\/p>\n<p>Saveur fruit\u00e9e d&rsquo;orange avec des facettes am\u00e8res et sucr\u00e9es.<\/p>\n<\/p>\n<p><strong>D\u00e9gustation :\u00a0<\/strong>Pur, On the Rocks, comme base de cocktails ou bien pour les desserts et p\u00e2tisseries\u00a0<\/p>","protected":false},"excerpt":{"rendered":"<p><strong>Cointreau &#8211; Liqueur d&rsquo;orange &#8211; Angers\u00a0<\/strong><\/p>\n<\/p>\n<p><em>En 1848, les fr\u00e8res Cointreau fond\u00e8rent leur premi\u00e8re distillerie de liqueur du m\u00eame nom, cependant, la recette de la liqueur d&rsquo;orange, et la bouteille carr\u00e9 assortie furent cr\u00e9\u00e9es qu&rsquo;en 1875. Trois ans plus tard lors de l&rsquo;Exposition Universelle, le Cointreau c\u00e9l\u00e9bra la premi\u00e8re victoire de sa longue histoire \u00e0 succ\u00e8s. En 1990, l&rsquo;entreprise fusionne avec R\u00e9my Martin cr\u00e9ant le groupe R\u00e9my Cointreau.\u00a0<\/em><\/p>","protected":false},"featured_media":12353,"comment_status":"open","ping_status":"open","template":"","meta":[],"product_cat":[269],"product_tag":[],"class_list":{"0":"post-8956","1":"product","2":"type-product","3":"status-publish","4":"has-post-thumbnail","6":"product_cat-liqueurs","7":"pa_country-france","8":"pa_volume-70-cl","9":"_wholesalex wsx-wholesalex-product","11":"first","12":"instock","13":"taxable","14":"shipping-taxable","15":"purchasable","16":"product-type-simple"},"_links":{"self":[{"href":"https:\/\/petitecave.ch\/de\/wp-json\/wp\/v2\/product\/8956","targetHints":{"allow":["GET"]}}],"collection":[{"href":"https:\/\/petitecave.ch\/de\/wp-json\/wp\/v2\/product"}],"about":[{"href":"https:\/\/petitecave.ch\/de\/wp-json\/wp\/v2\/types\/product"}],"replies":[{"embeddable":true,"href":"https:\/\/petitecave.ch\/de\/wp-json\/wp\/v2\/comments?post=8956"}],"wp:featuredmedia":[{"embeddable":true,"href":"https:\/\/petitecave.ch\/de\/wp-json\/wp\/v2\/media\/12353"}],"wp:attachment":[{"href":"https:\/\/petitecave.ch\/de\/wp-json\/wp\/v2\/media?parent=8956"}],"wp:term":[{"taxonomy":"product_cat","embeddable":true,"href":"https:\/\/petitecave.ch\/de\/wp-json\/wp\/v2\/product_cat?post=8956"},{"taxonomy":"product_tag","embeddable":true,"href":"https:\/\/petitecave.ch\/de\/wp-json\/wp\/v2\/product_tag?post=8956"}],"curies":[{"name":"wp","href":"https:\/\/api.w.org\/{rel}","templated":true}]}}