{"id":8952,"date":"2025-10-28T10:35:46","date_gmt":"2025-10-28T10:35:46","guid":{"rendered":""},"modified":"2026-02-20T14:43:57","modified_gmt":"2026-02-20T13:43:57","slug":"chartreuse-jaune-70cl","status":"publish","type":"product","link":"https:\/\/petitecave.ch\/de\/product\/chartreuse-jaune-70cl\/","title":{"rendered":"Chartreuse Jaune 70cl"},"content":{"rendered":"<p>La Chartreuse Jaune est caract\u00e9ris\u00e9e par sa douceur, ses parfums \u00e9pic\u00e9s et sa couleur naturelles provenant des 130 plantes, fleurs, \u00e9corces, racines et \u00e9pices.<\/p>\n<\/p>\n<p><span style=\"text-decoration:underline;\"><strong>Notes de d\u00e9gustations :<\/strong><\/span><\/p>\n<p><strong>Nez :<\/strong> Frais et \u00e9pic\u00e9<\/p>\n<p><strong>Bouche :<\/strong> Une structure moelleuse, des parfums de curcuma, d&rsquo;agrumes et d&rsquo;anis. Des notes florales viennent prolonger la d\u00e9gustation\u00a0<\/p>\n<p><strong>D\u00e9gustation :<\/strong> Se consomme en digestif, sec avec des gla\u00e7ons pour faire ressortir les ar\u00f4mes ou bien en cocktails pour les connaisseurs.\u00a0<\/p>","protected":false},"excerpt":{"rendered":"<p><strong>Chartreuse Jaune &#8211; Les P\u00e8res Chartreux &#8211; Chartreuse (Savoie)<\/strong><\/p>\n<\/p>\n<p><em>Cr\u00e9e en 1840 la \u00ab\u00a0Liqueur de Sant\u00e9\u00a0\u00bb est la premi\u00e8re liqueur issue de la recette original de l&rsquo;Elixir V\u00e9g\u00e9tal de la Grande Chartreuse. Elle connait un tel engouement que le P\u00e8re Garnier, procureur et responsable des liqueurs de l&rsquo;\u00e9poque, d\u00e9cide par la suite de la nommer officiellement Chartreuse Verte et d\u00e9pose la marque \u00ab\u00a0Chartreuse\u00a0\u00bb en 1852.\u00a0<\/em><\/p>\n<p><em>Seuls deux Fr\u00e8res Chartreux connaissent les noms des plantes et savent comment les m\u00e9langer et les distiller. Ils sont aussi les seuls \u00e0 savoir quelles plantes utiliser pour donner la couleur naturelle jaune.\u00a0<\/em><\/p>","protected":false},"featured_media":12349,"comment_status":"open","ping_status":"open","template":"","meta":[],"product_cat":[270],"product_tag":[],"class_list":{"0":"post-8952","1":"product","2":"type-product","3":"status-publish","4":"has-post-thumbnail","6":"product_cat-eau-de-vie","7":"pa_country-france","8":"pa_volume-70-cl","9":"_wholesalex wsx-wholesalex-product","11":"first","12":"instock","13":"taxable","14":"shipping-taxable","15":"purchasable","16":"product-type-simple"},"_links":{"self":[{"href":"https:\/\/petitecave.ch\/de\/wp-json\/wp\/v2\/product\/8952","targetHints":{"allow":["GET"]}}],"collection":[{"href":"https:\/\/petitecave.ch\/de\/wp-json\/wp\/v2\/product"}],"about":[{"href":"https:\/\/petitecave.ch\/de\/wp-json\/wp\/v2\/types\/product"}],"replies":[{"embeddable":true,"href":"https:\/\/petitecave.ch\/de\/wp-json\/wp\/v2\/comments?post=8952"}],"wp:featuredmedia":[{"embeddable":true,"href":"https:\/\/petitecave.ch\/de\/wp-json\/wp\/v2\/media\/12349"}],"wp:attachment":[{"href":"https:\/\/petitecave.ch\/de\/wp-json\/wp\/v2\/media?parent=8952"}],"wp:term":[{"taxonomy":"product_cat","embeddable":true,"href":"https:\/\/petitecave.ch\/de\/wp-json\/wp\/v2\/product_cat?post=8952"},{"taxonomy":"product_tag","embeddable":true,"href":"https:\/\/petitecave.ch\/de\/wp-json\/wp\/v2\/product_tag?post=8952"}],"curies":[{"name":"wp","href":"https:\/\/api.w.org\/{rel}","templated":true}]}}