{"id":8951,"date":"2025-10-28T10:35:45","date_gmt":"2025-10-28T10:35:45","guid":{"rendered":""},"modified":"2026-02-20T13:43:08","modified_gmt":"2026-02-20T12:43:08","slug":"campari-100cl","status":"publish","type":"product","link":"https:\/\/petitecave.ch\/de\/product\/campari-100cl\/","title":{"rendered":"Campari 100cl"},"content":{"rendered":"<p>86 herbes diff\u00e9rents provenant de quatre continents sont utilis\u00e9es, elles mac\u00e8rent dans de l&rsquo;eau distill\u00e9e puis sont additionn\u00e9es d&rsquo;alcool \u00e9thylique. Apr\u00e8s plusieurs jours, le m\u00e9lange obtenu est filtr\u00e9 plusieurs fois afin d&rsquo;\u00e9liminer les d\u00e9p\u00f4ts avant d&rsquo;\u00eatre transvas\u00e9 dans de grand r\u00e9cipients et additionn\u00e9 d&rsquo;eau et de sirop de sucre pour atteindre la teneur en alcool souhait\u00e9e. Apr\u00e8s 30 jours de repos, la boisson est une nouvelle fois filtr\u00e9e et mise en bouteilles.\u00a0<\/p>","protected":false},"excerpt":{"rendered":"<p><strong>Campari Bitter\u00a0<\/strong><\/p>\n<\/p>\n<p><em>Il se consomme en ap\u00e9ritif, m\u00e9langer avec du jus d&rsquo;orange ou en cocktail comme le Negroni ou le Campari Milano (4cl de Campari, 4cl de jus de canneberge, 12cl de Prosecco et des feuilles de menthe)<\/em><\/p>","protected":false},"featured_media":12348,"comment_status":"open","ping_status":"open","template":"","meta":[],"product_cat":[271],"product_tag":[],"class_list":{"0":"post-8951","1":"product","2":"type-product","3":"status-publish","4":"has-post-thumbnail","6":"product_cat-aperitif","7":"pa_country-italie","8":"_wholesalex wsx-wholesalex-product","10":"first","11":"instock","12":"taxable","13":"shipping-taxable","14":"purchasable","15":"product-type-simple"},"_links":{"self":[{"href":"https:\/\/petitecave.ch\/de\/wp-json\/wp\/v2\/product\/8951","targetHints":{"allow":["GET"]}}],"collection":[{"href":"https:\/\/petitecave.ch\/de\/wp-json\/wp\/v2\/product"}],"about":[{"href":"https:\/\/petitecave.ch\/de\/wp-json\/wp\/v2\/types\/product"}],"replies":[{"embeddable":true,"href":"https:\/\/petitecave.ch\/de\/wp-json\/wp\/v2\/comments?post=8951"}],"wp:featuredmedia":[{"embeddable":true,"href":"https:\/\/petitecave.ch\/de\/wp-json\/wp\/v2\/media\/12348"}],"wp:attachment":[{"href":"https:\/\/petitecave.ch\/de\/wp-json\/wp\/v2\/media?parent=8951"}],"wp:term":[{"taxonomy":"product_cat","embeddable":true,"href":"https:\/\/petitecave.ch\/de\/wp-json\/wp\/v2\/product_cat?post=8951"},{"taxonomy":"product_tag","embeddable":true,"href":"https:\/\/petitecave.ch\/de\/wp-json\/wp\/v2\/product_tag?post=8951"}],"curies":[{"name":"wp","href":"https:\/\/api.w.org\/{rel}","templated":true}]}}