{"id":8946,"date":"2025-10-28T10:35:41","date_gmt":"2025-10-28T10:35:41","guid":{"rendered":""},"modified":"2026-02-20T16:10:42","modified_gmt":"2026-02-20T15:10:42","slug":"baileys-the-original-70cl","status":"publish","type":"product","link":"https:\/\/petitecave.ch\/de\/product\/baileys-the-original-70cl\/","title":{"rendered":"Baileys The Original 70cl"},"content":{"rendered":"<p>Au nez, des ar\u00f4mes intenses de bonbons au caramel et de chocolat au lait. L&rsquo;attaque est douce et cr\u00e9meuse, avec des saveurs de noisettes accompagn\u00e9e d&rsquo;un caramel intense et tr\u00e8s cr\u00e9meux.\u00a0<\/p>","protected":false},"excerpt":{"rendered":"<p><strong>Baileys The Original<\/strong><\/p>\n<p>\u00a0<\/p>\n<p><em>A base de whisky riche et cors\u00e9 auquel est ajut\u00e9 de la cr\u00e8me Irlandaise fra\u00eeche, du cacao et de la vanille.\u00a0<\/em><\/p>","protected":false},"featured_media":12343,"comment_status":"open","ping_status":"open","template":"","meta":[],"product_cat":[269],"product_tag":[],"class_list":{"0":"post-8946","1":"product","2":"type-product","3":"status-publish","4":"has-post-thumbnail","6":"product_cat-liqueurs","7":"pa_country-irlande","8":"pa_volume-70-cl","9":"_wholesalex wsx-wholesalex-product","11":"first","12":"instock","13":"taxable","14":"shipping-taxable","15":"purchasable","16":"product-type-simple"},"_links":{"self":[{"href":"https:\/\/petitecave.ch\/de\/wp-json\/wp\/v2\/product\/8946","targetHints":{"allow":["GET"]}}],"collection":[{"href":"https:\/\/petitecave.ch\/de\/wp-json\/wp\/v2\/product"}],"about":[{"href":"https:\/\/petitecave.ch\/de\/wp-json\/wp\/v2\/types\/product"}],"replies":[{"embeddable":true,"href":"https:\/\/petitecave.ch\/de\/wp-json\/wp\/v2\/comments?post=8946"}],"wp:featuredmedia":[{"embeddable":true,"href":"https:\/\/petitecave.ch\/de\/wp-json\/wp\/v2\/media\/12343"}],"wp:attachment":[{"href":"https:\/\/petitecave.ch\/de\/wp-json\/wp\/v2\/media?parent=8946"}],"wp:term":[{"taxonomy":"product_cat","embeddable":true,"href":"https:\/\/petitecave.ch\/de\/wp-json\/wp\/v2\/product_cat?post=8946"},{"taxonomy":"product_tag","embeddable":true,"href":"https:\/\/petitecave.ch\/de\/wp-json\/wp\/v2\/product_tag?post=8946"}],"curies":[{"name":"wp","href":"https:\/\/api.w.org\/{rel}","templated":true}]}}