{"id":8945,"date":"2026-04-09T09:35:40","date_gmt":"2026-04-09T07:35:40","guid":{"rendered":""},"modified":"2026-04-09T10:18:54","modified_gmt":"2026-04-09T08:18:54","slug":"appenzeller-100cl","status":"publish","type":"product","link":"https:\/\/petitecave.ch\/de\/product\/appenzeller-100cl\/","title":{"rendered":"Appenzeller 100cl"},"content":{"rendered":"","protected":false},"excerpt":{"rendered":"<p data-start=\"163\" data-end=\"423\"><span style=\"color: #000000;\">D\u00e9couvre <strong data-start=\"172\" data-end=\"201\">l\u2019Appenzeller Alpenbitter<\/strong>, une liqueur embl\u00e9matique aussi unique que ses origines. Fid\u00e8le \u00e0 sa tradition depuis <strong data-start=\"288\" data-end=\"296\">1902<\/strong>, elle est \u00e9labor\u00e9e selon une <strong data-start=\"326\" data-end=\"366\">recette secr\u00e8te \u00e0 base de 42 plantes<\/strong>, jalousement gard\u00e9e et transmise au fil des g\u00e9n\u00e9rations.<\/span><\/p>\n<p data-start=\"425\" data-end=\"701\"><span style=\"color: #000000;\">Au nez, elle d\u00e9voile une richesse aromatique intense, m\u00ealant <strong data-start=\"486\" data-end=\"540\">notes herbac\u00e9es, \u00e9pic\u00e9es et l\u00e9g\u00e8rement balsamiques<\/strong>. En bouche, l\u2019\u00e9quilibre est remarquable : une <strong data-start=\"587\" data-end=\"604\">amertume fine<\/strong>, une belle complexit\u00e9 et une longueur persistante qui r\u00e9v\u00e8le toute la profondeur de ses plantes.<\/span><\/p>\n<p data-start=\"425\" data-end=\"701\"><span style=\"color: #000000;\"><strong data-start=\"893\" data-end=\"924\">Suggestion de d\u00e9gustation :<\/strong><\/span><br data-start=\"924\" data-end=\"927\" \/><span style=\"color: #000000;\">\u00c0 savourer pur, sur glace ou en digestif pour appr\u00e9cier toute sa complexit\u00e9.<\/span><\/p>","protected":false},"featured_media":19313,"comment_status":"open","ping_status":"closed","template":"","meta":[],"product_cat":[271],"product_tag":[],"class_list":{"0":"post-8945","1":"product","2":"type-product","3":"status-publish","4":"has-post-thumbnail","6":"product_cat-aperitif","7":"pa_categorie-601-aperitif","8":"pa_country-suisse","9":"pa_type-bitter","10":"pa_type-digestif","11":"pa_volume-100-cl-4","12":"_wholesalex wsx-wholesalex-product","14":"first","15":"instock","16":"taxable","17":"shipping-taxable","18":"purchasable","19":"product-type-simple"},"_links":{"self":[{"href":"https:\/\/petitecave.ch\/de\/wp-json\/wp\/v2\/product\/8945","targetHints":{"allow":["GET"]}}],"collection":[{"href":"https:\/\/petitecave.ch\/de\/wp-json\/wp\/v2\/product"}],"about":[{"href":"https:\/\/petitecave.ch\/de\/wp-json\/wp\/v2\/types\/product"}],"replies":[{"embeddable":true,"href":"https:\/\/petitecave.ch\/de\/wp-json\/wp\/v2\/comments?post=8945"}],"wp:featuredmedia":[{"embeddable":true,"href":"https:\/\/petitecave.ch\/de\/wp-json\/wp\/v2\/media\/19313"}],"wp:attachment":[{"href":"https:\/\/petitecave.ch\/de\/wp-json\/wp\/v2\/media?parent=8945"}],"wp:term":[{"taxonomy":"product_cat","embeddable":true,"href":"https:\/\/petitecave.ch\/de\/wp-json\/wp\/v2\/product_cat?post=8945"},{"taxonomy":"product_tag","embeddable":true,"href":"https:\/\/petitecave.ch\/de\/wp-json\/wp\/v2\/product_tag?post=8945"}],"curies":[{"name":"wp","href":"https:\/\/api.w.org\/{rel}","templated":true}]}}