{"id":8944,"date":"2026-04-08T10:35:40","date_gmt":"2026-04-08T08:35:40","guid":{"rendered":""},"modified":"2026-04-08T11:21:08","modified_gmt":"2026-04-08T09:21:08","slug":"ap-rol-70cl","status":"publish","type":"product","link":"https:\/\/petitecave.ch\/de\/product\/ap-rol-70cl\/","title":{"rendered":"Ap\u00e9rol Aperitivo"},"content":{"rendered":"<p data-start=\"73\" data-end=\"127\"><span style=\"color: #000000;\"><strong data-start=\"73\" data-end=\"125\">Ap\u00e9rol | L\u2019ic\u00f4ne du Spritz, frais et d\u00e9salt\u00e9rant<\/strong><\/span><\/p>\n<p data-start=\"129\" data-end=\"414\"><span style=\"color: #000000;\">D\u00e9couvre <strong data-start=\"138\" data-end=\"150\">l\u2019Ap\u00e9rol<\/strong>, cette liqueur embl\u00e9matique fabriqu\u00e9e selon <strong data-start=\"195\" data-end=\"231\">une ancienne recette top-secr\u00e8te<\/strong>. Son m\u00e9lange unique associe <strong data-start=\"260\" data-end=\"345\">rhubarbe, \u00e9corce de quinquina, gentiane jaune, orange am\u00e8re et herbes aromatiques<\/strong>, pour une boisson \u00e0 la fois l\u00e9g\u00e8re, aromatique et rafra\u00eechissante.<\/span><\/p>\n<p data-start=\"416\" data-end=\"682\"><span style=\"color: #000000;\">Au nez, l\u2019attaque est vive et fruit\u00e9e, avec des touches l\u00e9g\u00e8rement am\u00e8res qui viennent \u00e9quilibrer la douceur. En bouche, c\u2019est un <strong data-start=\"546\" data-end=\"590\">ap\u00e9ritif doux, harmonieux et d\u00e9salt\u00e9rant<\/strong>, parfait pour \u00e9veiller les papilles avant un repas ou accompagner une soir\u00e9e ensoleill\u00e9e.<\/span><\/p>\n<p data-start=\"416\" data-end=\"682\"><span style=\"color: #000000;\"><strong data-start=\"893\" data-end=\"924\">Suggestion de d\u00e9gustation :<\/strong><\/span><br data-start=\"924\" data-end=\"927\" \/><span style=\"color: #000000;\">\u00c0 servir <strong data-start=\"936\" data-end=\"992\">sur glace avec du Prosecco et un trait d\u2019eau gazeuse<\/strong>, pour un Spritz frais et p\u00e9tillant qui fait toujours sensation.<\/span><\/p>","protected":false},"excerpt":{"rendered":"<p>Ap\u00e9rol | L\u2019ic\u00f4ne du Spritz, frais et d\u00e9salt\u00e9rant D\u00e9couvre l\u2019Ap\u00e9rol, cette liqueur embl\u00e9matique fabriqu\u00e9e selon une ancienne recette top-secr\u00e8te. Son m\u00e9lange unique associe rhubarbe, \u00e9corce de quinquina, gentiane jaune, orange am\u00e8re et herbes aromatiques, pour une boisson \u00e0 la fois l\u00e9g\u00e8re, aromatique et rafra\u00eechissante. Au nez, l\u2019attaque est vive et fruit\u00e9e, avec des touches l\u00e9g\u00e8rement [&hellip;]<\/p>\n","protected":false},"featured_media":19291,"comment_status":"open","ping_status":"closed","template":"","meta":[],"product_cat":[271],"product_tag":[],"class_list":{"0":"post-8944","1":"product","2":"type-product","3":"status-publish","4":"has-post-thumbnail","6":"product_cat-aperitif","7":"pa_categorie-601-aperitif","8":"pa_country-italie","9":"pa_type-base-cocktail","10":"pa_type-bitter","11":"pa_volume-100-cl-4","12":"pa_volume-70-cl","13":"_wholesalex wsx-wholesalex-product","15":"first","16":"instock","17":"taxable","18":"shipping-taxable","19":"purchasable","20":"product-type-variable"},"_links":{"self":[{"href":"https:\/\/petitecave.ch\/de\/wp-json\/wp\/v2\/product\/8944","targetHints":{"allow":["GET"]}}],"collection":[{"href":"https:\/\/petitecave.ch\/de\/wp-json\/wp\/v2\/product"}],"about":[{"href":"https:\/\/petitecave.ch\/de\/wp-json\/wp\/v2\/types\/product"}],"replies":[{"embeddable":true,"href":"https:\/\/petitecave.ch\/de\/wp-json\/wp\/v2\/comments?post=8944"}],"wp:featuredmedia":[{"embeddable":true,"href":"https:\/\/petitecave.ch\/de\/wp-json\/wp\/v2\/media\/19291"}],"wp:attachment":[{"href":"https:\/\/petitecave.ch\/de\/wp-json\/wp\/v2\/media?parent=8944"}],"wp:term":[{"taxonomy":"product_cat","embeddable":true,"href":"https:\/\/petitecave.ch\/de\/wp-json\/wp\/v2\/product_cat?post=8944"},{"taxonomy":"product_tag","embeddable":true,"href":"https:\/\/petitecave.ch\/de\/wp-json\/wp\/v2\/product_tag?post=8944"}],"curies":[{"name":"wp","href":"https:\/\/api.w.org\/{rel}","templated":true}]}}