{"id":8938,"date":"2025-10-28T10:35:34","date_gmt":"2025-10-28T10:35:34","guid":{"rendered":""},"modified":"2026-02-20T17:56:25","modified_gmt":"2026-02-20T16:56:25","slug":"whisky-talisker-skye-70cl","status":"publish","type":"product","link":"https:\/\/petitecave.ch\/de\/product\/whisky-talisker-skye-70cl\/","title":{"rendered":"Whisky Talisker Skye 70cl"},"content":{"rendered":"<p><strong>Nez :<\/strong> Assez doux et frais, avec des notes de poires, de jus d&rsquo;orange et un peu d&rsquo;abricot. Ce subtil m\u00e9lange avec des saveurs fum\u00e9es et des notes de ch\u00eane grill\u00e9, de vanille qui donne un ensemble harmonieux. Il y a m\u00eame de la saumure avec des notes poivr\u00e9es typiques et une pointe de muscade<\/p>\n<p><strong>Bouche :<\/strong> Tr\u00e8s \u00e9pic\u00e9e (poivre et gingembre) et fum\u00e9e, mais encore une fois pond\u00e9r\u00e9es par une douceur fruit\u00e9e (pommes au four, bonbons \u00e0 la p\u00eache, fruits confits). Notes de chocolat noir avec une pinc\u00e9e de sel vers la fin, puis de la fum\u00e9e goudronneuse de plus en plus forte<\/p>\n<p><strong>Finale :<\/strong> Mi longue, avec de la chaleur \u00e9pic\u00e9e et de la fum\u00e9e sur une finale s\u00e8che et cendr\u00e9e<\/p>","protected":false},"excerpt":{"rendered":"<p><strong>Talisker Skye\u00a0&#8211; Distillerie Talisker &#8211; Ile de Skye<\/strong><\/p>\n<p><strong><\/strong><\/p>\n<p><i>Talisker Skye est \u00e9lev\u00e9 en f\u00fbts de ch\u00eane am\u00e9ricain, dont une partie a \u00e9t\u00e9 un peu plus toast\u00e9e afin de faire ressortir les ar\u00f4mes fruit\u00e9s de Talisker sans pour autant masquer sa typicit\u00e9 fum\u00e9e.<\/i><\/p>","protected":false},"featured_media":12335,"comment_status":"open","ping_status":"open","template":"","meta":[],"product_cat":[277],"product_tag":[],"class_list":{"0":"post-8938","1":"product","2":"type-product","3":"status-publish","4":"has-post-thumbnail","6":"product_cat-whisky","7":"pa_country-ecosse","8":"pa_type-single-malt","9":"pa_volume-70-cl","10":"_wholesalex wsx-wholesalex-product","12":"first","13":"instock","14":"taxable","15":"shipping-taxable","16":"purchasable","17":"product-type-simple"},"_links":{"self":[{"href":"https:\/\/petitecave.ch\/de\/wp-json\/wp\/v2\/product\/8938","targetHints":{"allow":["GET"]}}],"collection":[{"href":"https:\/\/petitecave.ch\/de\/wp-json\/wp\/v2\/product"}],"about":[{"href":"https:\/\/petitecave.ch\/de\/wp-json\/wp\/v2\/types\/product"}],"replies":[{"embeddable":true,"href":"https:\/\/petitecave.ch\/de\/wp-json\/wp\/v2\/comments?post=8938"}],"wp:featuredmedia":[{"embeddable":true,"href":"https:\/\/petitecave.ch\/de\/wp-json\/wp\/v2\/media\/12335"}],"wp:attachment":[{"href":"https:\/\/petitecave.ch\/de\/wp-json\/wp\/v2\/media?parent=8938"}],"wp:term":[{"taxonomy":"product_cat","embeddable":true,"href":"https:\/\/petitecave.ch\/de\/wp-json\/wp\/v2\/product_cat?post=8938"},{"taxonomy":"product_tag","embeddable":true,"href":"https:\/\/petitecave.ch\/de\/wp-json\/wp\/v2\/product_tag?post=8938"}],"curies":[{"name":"wp","href":"https:\/\/api.w.org\/{rel}","templated":true}]}}