{"id":8930,"date":"2025-10-28T10:35:27","date_gmt":"2025-10-28T10:35:27","guid":{"rendered":""},"modified":"2026-02-20T17:50:37","modified_gmt":"2026-02-20T16:50:37","slug":"whisky-old-pulteney-12-ans-70cl","status":"publish","type":"product","link":"https:\/\/petitecave.ch\/de\/product\/whisky-old-pulteney-12-ans-70cl\/","title":{"rendered":"Whisky Old Pulteney 12 ans 70cl"},"content":{"rendered":"<p><strong>Nez :<\/strong> Intense et complexe. Notes de pommes vertes, toffee, \u00e9pices. L\u00e9g\u00e8rement iod\u00e9<\/p>\n<p><strong>Bouche :<\/strong> \u00c0 la fois ronde et douce, elle \u00e9volue sur les agrumes puis sur le miel. La texture est cr\u00e9meuse et d\u00e9licate<\/p>\n<p><strong>Finale :<\/strong> Onctueuse et saline, la finale se prolonge sur des notes p\u00e2tissi\u00e8res et une pointe d\u2019\u00e9pices douces<\/p>","protected":false},"excerpt":{"rendered":"<p><strong>Old Pulteney 12 ans &#8211; Distillerie Old Pulteney &#8211; Highlands<\/strong><\/p>\n<p><strong><\/strong><\/p>\n<p><i>Embouteillage embl\u00e9matique de la distillerie, ce single malt est vieilli dans des anciens f\u00fbts de bourbon.<\/i><\/p>","protected":false},"featured_media":12327,"comment_status":"open","ping_status":"open","template":"","meta":[],"product_cat":[277],"product_tag":[],"class_list":{"0":"post-8930","1":"product","2":"type-product","3":"status-publish","4":"has-post-thumbnail","6":"product_cat-whisky","7":"pa_country-ecosse","8":"pa_style-single-malt","9":"pa_volume-70-cl","10":"_wholesalex wsx-wholesalex-product","12":"first","13":"instock","14":"taxable","15":"shipping-taxable","16":"purchasable","17":"product-type-simple"},"_links":{"self":[{"href":"https:\/\/petitecave.ch\/de\/wp-json\/wp\/v2\/product\/8930","targetHints":{"allow":["GET"]}}],"collection":[{"href":"https:\/\/petitecave.ch\/de\/wp-json\/wp\/v2\/product"}],"about":[{"href":"https:\/\/petitecave.ch\/de\/wp-json\/wp\/v2\/types\/product"}],"replies":[{"embeddable":true,"href":"https:\/\/petitecave.ch\/de\/wp-json\/wp\/v2\/comments?post=8930"}],"wp:featuredmedia":[{"embeddable":true,"href":"https:\/\/petitecave.ch\/de\/wp-json\/wp\/v2\/media\/12327"}],"wp:attachment":[{"href":"https:\/\/petitecave.ch\/de\/wp-json\/wp\/v2\/media?parent=8930"}],"wp:term":[{"taxonomy":"product_cat","embeddable":true,"href":"https:\/\/petitecave.ch\/de\/wp-json\/wp\/v2\/product_cat?post=8930"},{"taxonomy":"product_tag","embeddable":true,"href":"https:\/\/petitecave.ch\/de\/wp-json\/wp\/v2\/product_tag?post=8930"}],"curies":[{"name":"wp","href":"https:\/\/api.w.org\/{rel}","templated":true}]}}