{"id":8927,"date":"2025-10-28T10:35:24","date_gmt":"2025-10-28T10:35:24","guid":{"rendered":""},"modified":"2026-02-20T17:50:37","modified_gmt":"2026-02-20T16:50:37","slug":"whisky-oban-14-ans","status":"publish","type":"product","link":"https:\/\/petitecave.ch\/de\/product\/whisky-oban-14-ans\/","title":{"rendered":"Whisky Oban 14 ans"},"content":{"rendered":"<p><strong>Nez :<\/strong> Puissant et fum\u00e9 avec des ar\u00f4mes l\u00e9g\u00e8rement m\u00e9dicinaux, du varech et l&rsquo;odeur des vieux cordages qui reposent dans le port &#8211; avec des notes douces de fum\u00e9e de bois et d&rsquo;herbe fra\u00eeche coup\u00e9e<\/p>\n<p><strong>Bouche :<\/strong> Corps plein avec des agrumes et douceur moelleuse &#8211; avec de la fum\u00e9e et des algues, du ch\u00eane \u00e9pic\u00e9 et des notes malt\u00e9es<\/p>\n<p><strong>Finale :<\/strong>\u00a0Longue finale, de nouveau les agrumes et le ch\u00eane \u00e9pic\u00e9<\/p>","protected":false},"excerpt":{"rendered":"<p><strong>Whisky Oban 14 ans &#8211; Distillerie Oban<\/strong><\/p>","protected":false},"featured_media":12324,"comment_status":"open","ping_status":"open","template":"","meta":[],"product_cat":[277],"product_tag":[],"class_list":{"0":"post-8927","1":"product","2":"type-product","3":"status-publish","4":"has-post-thumbnail","6":"product_cat-whisky","7":"pa_country-ecosse","8":"pa_type-single-malt","9":"pa_volume-70-cl","10":"_wholesalex wsx-wholesalex-product","12":"first","13":"instock","14":"taxable","15":"shipping-taxable","16":"purchasable","17":"product-type-simple"},"_links":{"self":[{"href":"https:\/\/petitecave.ch\/de\/wp-json\/wp\/v2\/product\/8927","targetHints":{"allow":["GET"]}}],"collection":[{"href":"https:\/\/petitecave.ch\/de\/wp-json\/wp\/v2\/product"}],"about":[{"href":"https:\/\/petitecave.ch\/de\/wp-json\/wp\/v2\/types\/product"}],"replies":[{"embeddable":true,"href":"https:\/\/petitecave.ch\/de\/wp-json\/wp\/v2\/comments?post=8927"}],"wp:featuredmedia":[{"embeddable":true,"href":"https:\/\/petitecave.ch\/de\/wp-json\/wp\/v2\/media\/12324"}],"wp:attachment":[{"href":"https:\/\/petitecave.ch\/de\/wp-json\/wp\/v2\/media?parent=8927"}],"wp:term":[{"taxonomy":"product_cat","embeddable":true,"href":"https:\/\/petitecave.ch\/de\/wp-json\/wp\/v2\/product_cat?post=8927"},{"taxonomy":"product_tag","embeddable":true,"href":"https:\/\/petitecave.ch\/de\/wp-json\/wp\/v2\/product_tag?post=8927"}],"curies":[{"name":"wp","href":"https:\/\/api.w.org\/{rel}","templated":true}]}}