{"id":8923,"date":"2025-10-28T10:35:21","date_gmt":"2025-10-28T10:35:21","guid":{"rendered":""},"modified":"2026-02-20T17:44:10","modified_gmt":"2026-02-20T16:44:10","slug":"whisky-nikka-from-the-barrel-50cl","status":"publish","type":"product","link":"https:\/\/petitecave.ch\/de\/product\/whisky-nikka-from-the-barrel-50cl\/","title":{"rendered":"Whisky Nikka From The Barrel 50cl"},"content":{"rendered":"<p><strong>Nez :<\/strong> Fin et complexe avec des notes florales de lilas, fruit\u00e9es d&rsquo;abricot et \u00e9pic\u00e9es sur clou de girofle avec une touche de cuir<\/p>\n<p><strong>Bouche :<\/strong> Puissante, ferme et \u00e9pic\u00e9e sur le poivre, elle est aussi bois\u00e9e avec du ch\u00eane puis \u00e9volue sur les fruits m\u00fbrs comme la p\u00eache, la pomme caram\u00e9lis\u00e9e et les fleurs tels que le ch\u00e8vrefeuille<\/p>\n<p><strong>Finale :<\/strong> Longue avec des notes marines, de fruits m\u00fbrs (prune, p\u00eache) sur un fond de notes bois\u00e9es-vanill\u00e9es<\/p>","protected":false},"excerpt":{"rendered":"<p><strong>Nikka From The Barrel &#8211; Distillerie Nikka<\/strong><\/p>\n<\/p>\n<p><em>Whisky iconique de la maison Nikka, From The Barrel est un blended whisky extr\u00eamement complexe cr\u00e9e pour sa richesse et son plein de saveurs. Il ose. Il interpelle. Il impose.<\/em><\/p><\/p>","protected":false},"featured_media":12320,"comment_status":"open","ping_status":"open","template":"","meta":[],"product_cat":[277],"product_tag":[],"class_list":{"0":"post-8923","1":"product","2":"type-product","3":"status-publish","4":"has-post-thumbnail","6":"product_cat-whisky","7":"pa_country-japon","8":"pa_type-blended-whisky","9":"pa_volume-50cl","10":"_wholesalex wsx-wholesalex-product","12":"first","13":"instock","14":"taxable","15":"shipping-taxable","16":"purchasable","17":"product-type-simple"},"_links":{"self":[{"href":"https:\/\/petitecave.ch\/de\/wp-json\/wp\/v2\/product\/8923","targetHints":{"allow":["GET"]}}],"collection":[{"href":"https:\/\/petitecave.ch\/de\/wp-json\/wp\/v2\/product"}],"about":[{"href":"https:\/\/petitecave.ch\/de\/wp-json\/wp\/v2\/types\/product"}],"replies":[{"embeddable":true,"href":"https:\/\/petitecave.ch\/de\/wp-json\/wp\/v2\/comments?post=8923"}],"wp:featuredmedia":[{"embeddable":true,"href":"https:\/\/petitecave.ch\/de\/wp-json\/wp\/v2\/media\/12320"}],"wp:attachment":[{"href":"https:\/\/petitecave.ch\/de\/wp-json\/wp\/v2\/media?parent=8923"}],"wp:term":[{"taxonomy":"product_cat","embeddable":true,"href":"https:\/\/petitecave.ch\/de\/wp-json\/wp\/v2\/product_cat?post=8923"},{"taxonomy":"product_tag","embeddable":true,"href":"https:\/\/petitecave.ch\/de\/wp-json\/wp\/v2\/product_tag?post=8923"}],"curies":[{"name":"wp","href":"https:\/\/api.w.org\/{rel}","templated":true}]}}