{"id":8920,"date":"2025-10-28T10:35:18","date_gmt":"2025-10-28T10:35:18","guid":{"rendered":""},"modified":"2026-02-20T17:44:09","modified_gmt":"2026-02-20T16:44:09","slug":"whisky-monkey-shoulder-70cl","status":"publish","type":"product","link":"https:\/\/petitecave.ch\/de\/product\/whisky-monkey-shoulder-70cl\/","title":{"rendered":"Whisky Monkey Shoulder 70cl"},"content":{"rendered":"<p><strong>Nez :<\/strong>\u00a0Onctueux, \u00e9quilibr\u00e9, miell\u00e9, herbac\u00e9 (malt vert, foin coup\u00e9) et d\u00e9licatement parfum\u00e9 (eau de rose), il \u00e9volue sur les \u00e9pices (gingembre), la r\u00e9glisse et les fruits rouges (m\u00fbre, framboise)<\/p>\n<p><strong>Bouche :<\/strong>\u00a0Fine et fruit\u00e9e. Elle est marqu\u00e9e par la noix s\u00e8che et les \u00e9pices douces (cannelle). Elle se prolonge sur la vanille, la r\u00e9glisse et sur des notes cr\u00e9meuses (cr\u00e8me au lait)<\/p>\n<p><strong>Finale :<\/strong>\u00a0Longue et gourmande, \u00e0 la fois fruit\u00e9e (mirabelle) et florale (lavande), elle se d\u00e9veloppe sur des notes de chocolat et de pain aux raisins<\/p>","protected":false},"excerpt":{"rendered":"<p><strong>Monkey Shoulder &#8211; Distillerie\u00a0Glenfiddich &#8211; Speyside\u00a0<\/strong><\/p>\n<\/p>\n<p><em>Les \u201cmaltmen\u201d, qui autrefois remuaient l\u2019orge \u00e0 l\u2019aide d\u2019une pelle, \u00e9taient constamment expos\u00e9s aux courants d\u2019airs qui leur occasionnaient de s\u00e9rieux rhumatismes. Cette maladie du maltage \u00e9tait connue sous le nom de \u00ab monkey shoulder \u00bb, l\u2019\u00e9paule du singe. C\u2019est en hommage \u00e0 ces maltmen que la famille Grant\u2019s propri\u00e9taire de la distillerie embl\u00e9matique Glenfiddich, a cr\u00e9\u00e9 ce \u00ab triple malt \u00bb \u00e9labor\u00e9 \u00e0 partir de l\u2019assemblage de trois single malts (Glenfiddich, Balvenie et Kininvie) aux ar\u00f4mes de miel, de cannelle et de vanille.<\/em><\/p>","protected":false},"featured_media":12317,"comment_status":"open","ping_status":"open","template":"","meta":[],"product_cat":[277],"product_tag":[],"class_list":{"0":"post-8920","1":"product","2":"type-product","3":"status-publish","4":"has-post-thumbnail","6":"product_cat-whisky","7":"pa_country-ecosse","8":"pa_type-blended-malt","9":"pa_volume-70-cl","10":"_wholesalex wsx-wholesalex-product","12":"first","13":"instock","14":"taxable","15":"shipping-taxable","16":"purchasable","17":"product-type-simple"},"_links":{"self":[{"href":"https:\/\/petitecave.ch\/de\/wp-json\/wp\/v2\/product\/8920","targetHints":{"allow":["GET"]}}],"collection":[{"href":"https:\/\/petitecave.ch\/de\/wp-json\/wp\/v2\/product"}],"about":[{"href":"https:\/\/petitecave.ch\/de\/wp-json\/wp\/v2\/types\/product"}],"replies":[{"embeddable":true,"href":"https:\/\/petitecave.ch\/de\/wp-json\/wp\/v2\/comments?post=8920"}],"wp:featuredmedia":[{"embeddable":true,"href":"https:\/\/petitecave.ch\/de\/wp-json\/wp\/v2\/media\/12317"}],"wp:attachment":[{"href":"https:\/\/petitecave.ch\/de\/wp-json\/wp\/v2\/media?parent=8920"}],"wp:term":[{"taxonomy":"product_cat","embeddable":true,"href":"https:\/\/petitecave.ch\/de\/wp-json\/wp\/v2\/product_cat?post=8920"},{"taxonomy":"product_tag","embeddable":true,"href":"https:\/\/petitecave.ch\/de\/wp-json\/wp\/v2\/product_tag?post=8920"}],"curies":[{"name":"wp","href":"https:\/\/api.w.org\/{rel}","templated":true}]}}