{"id":8919,"date":"2025-10-28T10:35:17","date_gmt":"2025-10-28T10:35:17","guid":{"rendered":""},"modified":"2026-02-20T17:44:09","modified_gmt":"2026-02-20T16:44:09","slug":"whisky-lower-east-side-70cl","status":"publish","type":"product","link":"https:\/\/petitecave.ch\/de\/product\/whisky-lower-east-side-70cl\/","title":{"rendered":"Whisky Lower East Side 70cl"},"content":{"rendered":"<p><strong>Nez :<\/strong> Notes de vanille, de miel et d&rsquo;amande<\/p>\n<p><strong>Bouche :<\/strong> \u00c9quilibr\u00e9, avec des ar\u00f4mes d&rsquo;amande, de miel et de vanille<\/p>\n<p><strong>Finale :<\/strong> Persistante et harmonieuse<\/p><\/p>","protected":false},"excerpt":{"rendered":"<p><strong>Lower East Side\u00a0<\/strong><\/p>\n<p><strong><\/strong><\/p>\n<p><i>Le Lower East Side est un Blended Malt Scotch Whisky oscillant entre histoire et progr\u00e8s. Fabriqu\u00e9 dans la r\u00e9gion des Scottish Borders et vieilli dans des f\u00fbts de ch\u00eane am\u00e9ricains, il d\u00e9ploie des notes de vanille, de miel et d\u2019amandes. Le Lower East Side est donc la base de nombreux cocktails \u00e0 base de scotch, inspir\u00e9s de la culture des bars de Manhattan.<\/i><\/p>","protected":false},"featured_media":12316,"comment_status":"open","ping_status":"open","template":"","meta":[],"product_cat":[277],"product_tag":[],"class_list":{"0":"post-8919","1":"product","2":"type-product","3":"status-publish","4":"has-post-thumbnail","6":"product_cat-whisky","7":"pa_country-ecosse","8":"pa_type-blended-malt","9":"pa_volume-70-cl","10":"_wholesalex wsx-wholesalex-product","12":"first","13":"instock","14":"taxable","15":"shipping-taxable","16":"purchasable","17":"product-type-simple"},"_links":{"self":[{"href":"https:\/\/petitecave.ch\/de\/wp-json\/wp\/v2\/product\/8919","targetHints":{"allow":["GET"]}}],"collection":[{"href":"https:\/\/petitecave.ch\/de\/wp-json\/wp\/v2\/product"}],"about":[{"href":"https:\/\/petitecave.ch\/de\/wp-json\/wp\/v2\/types\/product"}],"replies":[{"embeddable":true,"href":"https:\/\/petitecave.ch\/de\/wp-json\/wp\/v2\/comments?post=8919"}],"wp:featuredmedia":[{"embeddable":true,"href":"https:\/\/petitecave.ch\/de\/wp-json\/wp\/v2\/media\/12316"}],"wp:attachment":[{"href":"https:\/\/petitecave.ch\/de\/wp-json\/wp\/v2\/media?parent=8919"}],"wp:term":[{"taxonomy":"product_cat","embeddable":true,"href":"https:\/\/petitecave.ch\/de\/wp-json\/wp\/v2\/product_cat?post=8919"},{"taxonomy":"product_tag","embeddable":true,"href":"https:\/\/petitecave.ch\/de\/wp-json\/wp\/v2\/product_tag?post=8919"}],"curies":[{"name":"wp","href":"https:\/\/api.w.org\/{rel}","templated":true}]}}