{"id":8916,"date":"2025-10-28T10:35:15","date_gmt":"2025-10-28T10:35:15","guid":{"rendered":""},"modified":"2026-02-20T17:44:08","modified_gmt":"2026-02-20T16:44:08","slug":"whisky-lagavulin-12-ans-special-release-2020-70cl","status":"publish","type":"product","link":"https:\/\/petitecave.ch\/de\/product\/whisky-lagavulin-12-ans-special-release-2020-70cl\/","title":{"rendered":"Whisky Lagavulin 12 ans Special Release 2020 70cl"},"content":{"rendered":"<p><strong>Nez :<\/strong>\u00a0Notes de nougat et de pamplemousse suivies d&rsquo;anans, de citron marin\u00e9 ainsi que des \u00e9pices de ch\u00eane et une l\u00e9g\u00e8re min\u00e9ralit\u00e9<\/p>\n<p><strong>Bouche :<\/strong>\u00a0Plus douce qu\u2019elle n\u2019y para\u00eet, sur des ar\u00f4mes l\u00e9gers de goudron, de charbon de bois, de cendres avec des notes \u00e9pic\u00e9es. Par la suite on peut d\u00e9celer des ar\u00f4mes tels que de l&rsquo;huile de lin, du citron, de l&rsquo;olive verte ou encore de la r\u00e9glisse<\/p>\n<p><strong>Finale :<\/strong>\u00a0S\u00e8che et assez longue, avec un c\u00f4t\u00e9 iod\u00e9 sur le poivre noir et le ch\u00eane<\/p>","protected":false},"excerpt":{"rendered":"<p><strong>Lagavulin 12 ans Special Release 2020 &#8211; Distillerie Lagavulin &#8211; Islay<\/strong><\/p>\n<p>\u00a0<\/p>\n<p><em>Le whisky a vieilli f\u00fbts de ch\u00eane am\u00e9ricain de second remplissage pendant 12 ans et a \u00e9t\u00e9 embouteill\u00e9 \u00e0 56.4% sans r\u00e9duction. La fum\u00e9e domine \u00e9videment, mais pas seulement, il r\u00e9v\u00e8le aussi des ar\u00f4mes plus ronds teint\u00e9s d\u2019\u00e9pices douces.<\/em><\/p>","protected":false},"featured_media":12313,"comment_status":"open","ping_status":"open","template":"","meta":[],"product_cat":[277],"product_tag":[],"class_list":{"0":"post-8916","1":"product","2":"type-product","3":"status-publish","4":"has-post-thumbnail","6":"product_cat-whisky","7":"pa_country-ecosse","8":"pa_type-single-malt","9":"pa_volume-70-cl","10":"_wholesalex wsx-wholesalex-product","12":"first","13":"instock","14":"taxable","15":"shipping-taxable","16":"purchasable","17":"product-type-simple"},"_links":{"self":[{"href":"https:\/\/petitecave.ch\/de\/wp-json\/wp\/v2\/product\/8916","targetHints":{"allow":["GET"]}}],"collection":[{"href":"https:\/\/petitecave.ch\/de\/wp-json\/wp\/v2\/product"}],"about":[{"href":"https:\/\/petitecave.ch\/de\/wp-json\/wp\/v2\/types\/product"}],"replies":[{"embeddable":true,"href":"https:\/\/petitecave.ch\/de\/wp-json\/wp\/v2\/comments?post=8916"}],"wp:featuredmedia":[{"embeddable":true,"href":"https:\/\/petitecave.ch\/de\/wp-json\/wp\/v2\/media\/12313"}],"wp:attachment":[{"href":"https:\/\/petitecave.ch\/de\/wp-json\/wp\/v2\/media?parent=8916"}],"wp:term":[{"taxonomy":"product_cat","embeddable":true,"href":"https:\/\/petitecave.ch\/de\/wp-json\/wp\/v2\/product_cat?post=8916"},{"taxonomy":"product_tag","embeddable":true,"href":"https:\/\/petitecave.ch\/de\/wp-json\/wp\/v2\/product_tag?post=8916"}],"curies":[{"name":"wp","href":"https:\/\/api.w.org\/{rel}","templated":true}]}}