{"id":8914,"date":"2025-10-28T10:35:13","date_gmt":"2025-10-28T10:35:13","guid":{"rendered":""},"modified":"2026-02-20T17:44:08","modified_gmt":"2026-02-20T16:44:08","slug":"whisky-knockando-12-ans-70cl","status":"publish","type":"product","link":"https:\/\/petitecave.ch\/de\/product\/whisky-knockando-12-ans-70cl\/","title":{"rendered":"Whisky Knockando 12 ans 70cl"},"content":{"rendered":"<p><strong>Nez :<\/strong> Frais, doux et fruit\u00e9 avec des notes d\u2019amande<\/p>\n<p><strong>Bouche :<\/strong> D\u00e9licate, fra\u00eeche et fruit\u00e9e. Notes d\u2019agrumes et de c\u00e9r\u00e9ales \u00e0 l\u2019attaque, puis nuances d\u2019amande douce et de noisette<\/p>\n<p><strong>Finale :<\/strong> Souple et cr\u00e9meuse, sur des notes de toffee<\/p>","protected":false},"excerpt":{"rendered":"<p><strong>Whisky Knockando 12 ans\u00a0&#8211; Distillerie Knockando &#8211; Speyside\u00a0<\/strong><\/p>\n<\/p>\n<p><em>Fond\u00e9e en 1898 dans le village de Knockando, qui signifie \u201cpetite colline noir\u201d en ga\u00e9lique, la distillerie est la premi\u00e8re \u00e0 avoir l&rsquo;\u00e9lectricit\u00e9 en Ecosse. Moins d&rsquo;un an apr\u00e8s l&rsquo;ouverture, la distillerie doit fermer ses portes suite \u00e0 l\u2019explosion de la bulle sp\u00e9culative initi\u00e9e par les fr\u00e8res Pattison avant de rouvrir au d\u00e9but du 20\u00e8 si\u00e8cle. Principalement connu pour sa production de single malt, le whisky Knockando est un des composants principaux du blend J&amp;B.<\/em><\/p>","protected":false},"featured_media":12311,"comment_status":"open","ping_status":"open","template":"","meta":[],"product_cat":[277],"product_tag":[],"class_list":{"0":"post-8914","1":"product","2":"type-product","3":"status-publish","4":"has-post-thumbnail","6":"product_cat-whisky","7":"pa_country-ecosse","8":"pa_type-single-malt","9":"pa_volume-70-cl","10":"_wholesalex wsx-wholesalex-product","12":"first","13":"instock","14":"taxable","15":"shipping-taxable","16":"purchasable","17":"product-type-simple"},"_links":{"self":[{"href":"https:\/\/petitecave.ch\/de\/wp-json\/wp\/v2\/product\/8914","targetHints":{"allow":["GET"]}}],"collection":[{"href":"https:\/\/petitecave.ch\/de\/wp-json\/wp\/v2\/product"}],"about":[{"href":"https:\/\/petitecave.ch\/de\/wp-json\/wp\/v2\/types\/product"}],"replies":[{"embeddable":true,"href":"https:\/\/petitecave.ch\/de\/wp-json\/wp\/v2\/comments?post=8914"}],"wp:featuredmedia":[{"embeddable":true,"href":"https:\/\/petitecave.ch\/de\/wp-json\/wp\/v2\/media\/12311"}],"wp:attachment":[{"href":"https:\/\/petitecave.ch\/de\/wp-json\/wp\/v2\/media?parent=8914"}],"wp:term":[{"taxonomy":"product_cat","embeddable":true,"href":"https:\/\/petitecave.ch\/de\/wp-json\/wp\/v2\/product_cat?post=8914"},{"taxonomy":"product_tag","embeddable":true,"href":"https:\/\/petitecave.ch\/de\/wp-json\/wp\/v2\/product_tag?post=8914"}],"curies":[{"name":"wp","href":"https:\/\/api.w.org\/{rel}","templated":true}]}}