{"id":8911,"date":"2025-10-28T10:35:10","date_gmt":"2025-10-28T10:35:10","guid":{"rendered":""},"modified":"2026-02-20T17:44:08","modified_gmt":"2026-02-20T16:44:08","slug":"whisky-jura-18-ans-70cl","status":"publish","type":"product","link":"https:\/\/petitecave.ch\/de\/product\/whisky-jura-18-ans-70cl\/","title":{"rendered":"Whisky Jura 18 ans 70cl"},"content":{"rendered":"<p><strong>Nez :<\/strong> Ar\u00f4mes de caramel au beurre, de fruits tropicaux et de cannelle<\/p>\n<p><strong>Bouche :<\/strong> Saveurs riches de cerises alcoolis\u00e9es, de chocolat amer et caf\u00e9\u00a0<\/p>","protected":false},"excerpt":{"rendered":"<p><strong>Jura 18 ans &#8211; Distillerie Jura &#8211; Ile de Jura\u00a0<\/strong><\/p>\n<\/p>\n<p><i>Le temps et la mar\u00e9e n\u2019\u00e9pargnent personne, dit le proverbe. Mais dans l\u2019\u00eele de Jura, le temps s\u2019\u00e9tire sous l\u2019influence des saisons successives que temp\u00e8re un microclimat exceptionnel. Cette eau-de-vie riche et charpent\u00e9e est parvenue \u00e0 maturit\u00e9 apr\u00e8s dix-huit longues ann\u00e9es de maturation. Apr\u00e8s un s\u00e9jour en ex-f\u00fbts de bourbon, il b\u00e9n\u00e9ficie d\u2019un affinage d&rsquo;au moins deux ans en barriques de premier grand cru class\u00e9 bordelais.<\/i><\/p>","protected":false},"featured_media":12308,"comment_status":"open","ping_status":"open","template":"","meta":[],"product_cat":[277],"product_tag":[],"class_list":{"0":"post-8911","1":"product","2":"type-product","3":"status-publish","4":"has-post-thumbnail","6":"product_cat-whisky","7":"pa_country-ecosse","8":"pa_type-single-malt","9":"pa_volume-70-cl","10":"_wholesalex wsx-wholesalex-product","12":"first","13":"instock","14":"taxable","15":"shipping-taxable","16":"purchasable","17":"product-type-simple"},"_links":{"self":[{"href":"https:\/\/petitecave.ch\/de\/wp-json\/wp\/v2\/product\/8911","targetHints":{"allow":["GET"]}}],"collection":[{"href":"https:\/\/petitecave.ch\/de\/wp-json\/wp\/v2\/product"}],"about":[{"href":"https:\/\/petitecave.ch\/de\/wp-json\/wp\/v2\/types\/product"}],"replies":[{"embeddable":true,"href":"https:\/\/petitecave.ch\/de\/wp-json\/wp\/v2\/comments?post=8911"}],"wp:featuredmedia":[{"embeddable":true,"href":"https:\/\/petitecave.ch\/de\/wp-json\/wp\/v2\/media\/12308"}],"wp:attachment":[{"href":"https:\/\/petitecave.ch\/de\/wp-json\/wp\/v2\/media?parent=8911"}],"wp:term":[{"taxonomy":"product_cat","embeddable":true,"href":"https:\/\/petitecave.ch\/de\/wp-json\/wp\/v2\/product_cat?post=8911"},{"taxonomy":"product_tag","embeddable":true,"href":"https:\/\/petitecave.ch\/de\/wp-json\/wp\/v2\/product_tag?post=8911"}],"curies":[{"name":"wp","href":"https:\/\/api.w.org\/{rel}","templated":true}]}}