{"id":8910,"date":"2025-10-28T10:35:10","date_gmt":"2025-10-28T10:35:10","guid":{"rendered":""},"modified":"2026-02-20T17:44:08","modified_gmt":"2026-02-20T16:44:08","slug":"whisky-jura-10-ans-70cl","status":"publish","type":"product","link":"https:\/\/petitecave.ch\/de\/product\/whisky-jura-10-ans-70cl\/","title":{"rendered":"Whisky Jura 10 ans 70cl"},"content":{"rendered":"<p><strong>Nez :<\/strong> Ar\u00f4mes de fruits, de poivre concass\u00e9 et de chocolat noir<\/p>\n<p><strong>Bouche :<\/strong> Notes de nectarines, de gingembre et de caf\u00e9 fra\u00eechement moulu<\/p>","protected":false},"excerpt":{"rendered":"<p><strong>Jura 10 ans &#8211; Distillerie Jura &#8211; Ile de Jura\u00a0<\/strong><\/p>\n<p><strong><\/strong><\/p>\n<p><i>C\u2019est un whisky comme seule Jura pouvait en produire : n\u00e9 sur \u00eele, il est aujourd\u2019hui encore embouteill\u00e9 dans un flacon dont la forme a \u00e9t\u00e9 con\u00e7ue \u00e0 l\u2019origine pour affronter les travers\u00e9es les plus temp\u00eatueuses. \u00c9labor\u00e9 avec des eaux-de-vie tourb\u00e9es et non tourb\u00e9es, Jura 10 ans a \u00e9t\u00e9 \u00e9lev\u00e9 durant dix ans en ex-f\u00fbts de bourbon avec un affinage suppl\u00e9mentaire en f\u00fbts de x\u00e9r\u00e8s oloroso \u00e2g\u00e9s. Ce Jura retranscrit parfaitement le nouveau style de Jura \u00e0 savoir riche, harmonieux avec de subtiles notes fum\u00e9es.<\/i><\/p>","protected":false},"featured_media":12307,"comment_status":"open","ping_status":"open","template":"","meta":[],"product_cat":[277],"product_tag":[],"class_list":{"0":"post-8910","1":"product","2":"type-product","3":"status-publish","4":"has-post-thumbnail","6":"product_cat-whisky","7":"pa_country-ecosse","8":"pa_type-single-malt","9":"pa_volume-70-cl","10":"_wholesalex wsx-wholesalex-product","12":"first","13":"instock","14":"taxable","15":"shipping-taxable","16":"purchasable","17":"product-type-simple"},"_links":{"self":[{"href":"https:\/\/petitecave.ch\/de\/wp-json\/wp\/v2\/product\/8910","targetHints":{"allow":["GET"]}}],"collection":[{"href":"https:\/\/petitecave.ch\/de\/wp-json\/wp\/v2\/product"}],"about":[{"href":"https:\/\/petitecave.ch\/de\/wp-json\/wp\/v2\/types\/product"}],"replies":[{"embeddable":true,"href":"https:\/\/petitecave.ch\/de\/wp-json\/wp\/v2\/comments?post=8910"}],"wp:featuredmedia":[{"embeddable":true,"href":"https:\/\/petitecave.ch\/de\/wp-json\/wp\/v2\/media\/12307"}],"wp:attachment":[{"href":"https:\/\/petitecave.ch\/de\/wp-json\/wp\/v2\/media?parent=8910"}],"wp:term":[{"taxonomy":"product_cat","embeddable":true,"href":"https:\/\/petitecave.ch\/de\/wp-json\/wp\/v2\/product_cat?post=8910"},{"taxonomy":"product_tag","embeddable":true,"href":"https:\/\/petitecave.ch\/de\/wp-json\/wp\/v2\/product_tag?post=8910"}],"curies":[{"name":"wp","href":"https:\/\/api.w.org\/{rel}","templated":true}]}}