{"id":8909,"date":"2025-10-28T10:35:09","date_gmt":"2025-10-28T10:35:09","guid":{"rendered":""},"modified":"2026-02-20T17:44:07","modified_gmt":"2026-02-20T16:44:07","slug":"whisky-johnnie-walker-black-label-70cl","status":"publish","type":"product","link":"https:\/\/petitecave.ch\/de\/product\/whisky-johnnie-walker-black-label-70cl\/","title":{"rendered":"Whisky Johnnie Walker Black Label 70cl"},"content":{"rendered":"<p><strong>Nez :<\/strong>\u00a0Marqu\u00e9 par la vanille et les fruits secs<\/p>\n<p><strong>Bouche :<\/strong>\u00a0Souple, domin\u00e9 par le miel et les \u00e9pices\u00a0comme le poivre\u00a0<\/p>\n<p><strong>Finale :<\/strong>\u00a0Longue et intense marqu\u00e9e par le fum\u00e9, la tourbe et les \u00e9pices<\/p>","protected":false},"excerpt":{"rendered":"<p>Johnnie Walker Black Label &#8211; Johnnie Walker &#8211;\u00a0<\/p>\n<\/p>\n<p><i>Cr\u00e9\u00e9 en 1906 par Sir Alexander Walker II, Johnnie Walker Black Label est le scotch whisky 12 ans d&rsquo;\u00e2ge le plus vendu au monde. Une r\u00e9f\u00e9rence incontournable dans l&rsquo;univers des whiskies, le Black Label est un whisky complexe, fruit\u00e9 et l\u00e9g\u00e8rement tourb\u00e9. Un whisky intense d&rsquo;une rare complexit\u00e9 qui r\u00e9v\u00e8le de nouveaux ar\u00f4mes \u00e0 chaque d\u00e9gustation.<\/i><\/p><\/p>","protected":false},"featured_media":12306,"comment_status":"open","ping_status":"open","template":"","meta":[],"product_cat":[277],"product_tag":[],"class_list":{"0":"post-8909","1":"product","2":"type-product","3":"status-publish","4":"has-post-thumbnail","6":"product_cat-whisky","7":"pa_country-ecosse","8":"pa_type-blended-whisky","9":"pa_volume-70-cl","10":"_wholesalex wsx-wholesalex-product","12":"first","13":"instock","14":"taxable","15":"shipping-taxable","16":"purchasable","17":"product-type-simple"},"yoast_head":"<!-- This site is optimized with the Yoast SEO plugin v27.4 - https:\/\/yoast.com\/product\/yoast-seo-wordpress\/ -->\n<title>Whisky Johnnie Walker Black Label 70cl | La Petite Cave du Chablais<\/title>\n<meta name=\"robots\" content=\"index, follow, max-snippet:-1, max-image-preview:large, max-video-preview:-1\" \/>\n<link rel=\"canonical\" href=\"https:\/\/petitecave.ch\/de\/product\/whisky-johnnie-walker-black-label-70cl\/\" \/>\n<meta property=\"og:locale\" content=\"de_DE\" \/>\n<meta property=\"og:type\" content=\"article\" \/>\n<meta property=\"og:title\" content=\"Whisky Johnnie Walker Black Label 70cl | La Petite Cave du Chablais\" \/>\n<meta property=\"og:description\" content=\"Johnnie Walker Black Label - Johnnie Walker -\u00a0 Cr\u00e9\u00e9 en 1906 par Sir Alexander Walker II, Johnnie Walker Black Label est le scotch whisky 12 ans d&#039;\u00e2ge le plus vendu au monde. Une r\u00e9f\u00e9rence incontournable dans l&#039;univers des whiskies, le Black Label est un whisky complexe, fruit\u00e9 et l\u00e9g\u00e8rement tourb\u00e9. Un whisky intense d&#039;une rare complexit\u00e9 qui r\u00e9v\u00e8le de nouveaux ar\u00f4mes \u00e0 chaque d\u00e9gustation.\" \/>\n<meta property=\"og:url\" content=\"https:\/\/petitecave.ch\/de\/product\/whisky-johnnie-walker-black-label-70cl\/\" \/>\n<meta property=\"og:site_name\" content=\"La Petite Cave du Chablais\" \/>\n<meta property=\"article:publisher\" content=\"https:\/\/www.facebook.com\/LaPetiteCaveDuChablais\" \/>\n<meta property=\"article:modified_time\" content=\"2026-02-20T16:44:07+00:00\" \/>\n<meta property=\"og:image\" content=\"https:\/\/petitecave.ch\/wp-content\/uploads\/2025\/10\/8909_53_cover-scaled.jpg\" \/>\n\t<meta property=\"og:image:width\" content=\"636\" \/>\n\t<meta property=\"og:image:height\" content=\"2560\" \/>\n\t<meta property=\"og:image:type\" content=\"image\/jpeg\" \/>\n<meta name=\"twitter:card\" content=\"summary_large_image\" \/>\n<script type=\"application\/ld+json\" class=\"yoast-schema-graph\">{\"@context\":\"https:\\\/\\\/schema.org\",\"@graph\":[{\"@type\":\"WebPage\",\"@id\":\"https:\\\/\\\/petitecave.ch\\\/product\\\/whisky-johnnie-walker-black-label-70cl\\\/\",\"url\":\"https:\\\/\\\/petitecave.ch\\\/product\\\/whisky-johnnie-walker-black-label-70cl\\\/\",\"name\":\"Whisky Johnnie Walker Black Label 70cl | La Petite Cave du Chablais\",\"isPartOf\":{\"@id\":\"https:\\\/\\\/petitecave.ch\\\/de\\\/#website\"},\"primaryImageOfPage\":{\"@id\":\"https:\\\/\\\/petitecave.ch\\\/product\\\/whisky-johnnie-walker-black-label-70cl\\\/#primaryimage\"},\"image\":{\"@id\":\"https:\\\/\\\/petitecave.ch\\\/product\\\/whisky-johnnie-walker-black-label-70cl\\\/#primaryimage\"},\"thumbnailUrl\":\"https:\\\/\\\/petitecave.ch\\\/wp-content\\\/uploads\\\/2025\\\/10\\\/8909_53_cover-scaled.jpg\",\"datePublished\":\"2025-10-28T10:35:09+00:00\",\"dateModified\":\"2026-02-20T16:44:07+00:00\",\"breadcrumb\":{\"@id\":\"https:\\\/\\\/petitecave.ch\\\/product\\\/whisky-johnnie-walker-black-label-70cl\\\/#breadcrumb\"},\"inLanguage\":\"de-CH\",\"potentialAction\":[{\"@type\":\"ReadAction\",\"target\":[\"https:\\\/\\\/petitecave.ch\\\/product\\\/whisky-johnnie-walker-black-label-70cl\\\/\"]}]},{\"@type\":\"ImageObject\",\"inLanguage\":\"de-CH\",\"@id\":\"https:\\\/\\\/petitecave.ch\\\/product\\\/whisky-johnnie-walker-black-label-70cl\\\/#primaryimage\",\"url\":\"https:\\\/\\\/petitecave.ch\\\/wp-content\\\/uploads\\\/2025\\\/10\\\/8909_53_cover-scaled.jpg\",\"contentUrl\":\"https:\\\/\\\/petitecave.ch\\\/wp-content\\\/uploads\\\/2025\\\/10\\\/8909_53_cover-scaled.jpg\",\"width\":636,\"height\":2560},{\"@type\":\"BreadcrumbList\",\"@id\":\"https:\\\/\\\/petitecave.ch\\\/product\\\/whisky-johnnie-walker-black-label-70cl\\\/#breadcrumb\",\"itemListElement\":[{\"@type\":\"ListItem\",\"position\":1,\"name\":\"Accueil\",\"item\":\"https:\\\/\\\/petitecave.ch\\\/de\\\/\"},{\"@type\":\"ListItem\",\"position\":2,\"name\":\"Produkte\",\"item\":\"https:\\\/\\\/petitecave.ch\\\/de\\\/shop\\\/\"},{\"@type\":\"ListItem\",\"position\":3,\"name\":\"Whisky Johnnie Walker Black Label 70cl\"}]},{\"@type\":\"WebSite\",\"@id\":\"https:\\\/\\\/petitecave.ch\\\/de\\\/#website\",\"url\":\"https:\\\/\\\/petitecave.ch\\\/de\\\/\",\"name\":\"La Petite Cave du Chablais\",\"description\":\"Vins, bi\u00e8res et spiritueux en ligne !\",\"publisher\":{\"@id\":\"https:\\\/\\\/petitecave.ch\\\/de\\\/#organization\"},\"alternateName\":\"La Petite Cave\",\"potentialAction\":[{\"@type\":\"SearchAction\",\"target\":{\"@type\":\"EntryPoint\",\"urlTemplate\":\"https:\\\/\\\/petitecave.ch\\\/de\\\/?s={search_term_string}\"},\"query-input\":{\"@type\":\"PropertyValueSpecification\",\"valueRequired\":true,\"valueName\":\"search_term_string\"}}],\"inLanguage\":\"de-CH\"},{\"@type\":\"Organization\",\"@id\":\"https:\\\/\\\/petitecave.ch\\\/de\\\/#organization\",\"name\":\"La Petite Cave du Chablais S\u00e0rl\",\"url\":\"https:\\\/\\\/petitecave.ch\\\/de\\\/\",\"logo\":{\"@type\":\"ImageObject\",\"inLanguage\":\"de-CH\",\"@id\":\"https:\\\/\\\/petitecave.ch\\\/de\\\/#\\\/schema\\\/logo\\\/image\\\/\",\"url\":\"https:\\\/\\\/petitecave.ch\\\/wp-content\\\/uploads\\\/2025\\\/10\\\/petitecavelogo-removebg-preview.png\",\"contentUrl\":\"https:\\\/\\\/petitecave.ch\\\/wp-content\\\/uploads\\\/2025\\\/10\\\/petitecavelogo-removebg-preview.png\",\"width\":800,\"height\":200,\"caption\":\"La Petite Cave du Chablais S\u00e0rl\"},\"image\":{\"@id\":\"https:\\\/\\\/petitecave.ch\\\/de\\\/#\\\/schema\\\/logo\\\/image\\\/\"},\"sameAs\":[\"https:\\\/\\\/www.facebook.com\\\/LaPetiteCaveDuChablais\",\"https:\\\/\\\/www.instagram.com\\\/lapetitecaveduchablais\",\"https:\\\/\\\/www.linkedin.com\\\/company\\\/la-petite-cave-du-chablais\"]}]}<\/script>\n<!-- \/ Yoast SEO plugin. -->","yoast_head_json":{"title":"Whisky Johnnie Walker Black Label 70cl | La Petite Cave du Chablais","robots":{"index":"index","follow":"follow","max-snippet":"max-snippet:-1","max-image-preview":"max-image-preview:large","max-video-preview":"max-video-preview:-1"},"canonical":"https:\/\/petitecave.ch\/de\/product\/whisky-johnnie-walker-black-label-70cl\/","og_locale":"de_DE","og_type":"article","og_title":"Whisky Johnnie Walker Black Label 70cl | La Petite Cave du Chablais","og_description":"Johnnie Walker Black Label - Johnnie Walker -\u00a0 Cr\u00e9\u00e9 en 1906 par Sir Alexander Walker II, Johnnie Walker Black Label est le scotch whisky 12 ans d'\u00e2ge le plus vendu au monde. Une r\u00e9f\u00e9rence incontournable dans l'univers des whiskies, le Black Label est un whisky complexe, fruit\u00e9 et l\u00e9g\u00e8rement tourb\u00e9. Un whisky intense d'une rare complexit\u00e9 qui r\u00e9v\u00e8le de nouveaux ar\u00f4mes \u00e0 chaque d\u00e9gustation.","og_url":"https:\/\/petitecave.ch\/de\/product\/whisky-johnnie-walker-black-label-70cl\/","og_site_name":"La Petite Cave du Chablais","article_publisher":"https:\/\/www.facebook.com\/LaPetiteCaveDuChablais","article_modified_time":"2026-02-20T16:44:07+00:00","og_image":[{"width":636,"height":2560,"url":"https:\/\/petitecave.ch\/wp-content\/uploads\/2025\/10\/8909_53_cover-scaled.jpg","type":"image\/jpeg"}],"twitter_card":"summary_large_image","schema":{"@context":"https:\/\/schema.org","@graph":[{"@type":"WebPage","@id":"https:\/\/petitecave.ch\/product\/whisky-johnnie-walker-black-label-70cl\/","url":"https:\/\/petitecave.ch\/product\/whisky-johnnie-walker-black-label-70cl\/","name":"Whisky Johnnie Walker Black Label 70cl | La Petite Cave du Chablais","isPartOf":{"@id":"https:\/\/petitecave.ch\/de\/#website"},"primaryImageOfPage":{"@id":"https:\/\/petitecave.ch\/product\/whisky-johnnie-walker-black-label-70cl\/#primaryimage"},"image":{"@id":"https:\/\/petitecave.ch\/product\/whisky-johnnie-walker-black-label-70cl\/#primaryimage"},"thumbnailUrl":"https:\/\/petitecave.ch\/wp-content\/uploads\/2025\/10\/8909_53_cover-scaled.jpg","datePublished":"2025-10-28T10:35:09+00:00","dateModified":"2026-02-20T16:44:07+00:00","breadcrumb":{"@id":"https:\/\/petitecave.ch\/product\/whisky-johnnie-walker-black-label-70cl\/#breadcrumb"},"inLanguage":"de-CH","potentialAction":[{"@type":"ReadAction","target":["https:\/\/petitecave.ch\/product\/whisky-johnnie-walker-black-label-70cl\/"]}]},{"@type":"ImageObject","inLanguage":"de-CH","@id":"https:\/\/petitecave.ch\/product\/whisky-johnnie-walker-black-label-70cl\/#primaryimage","url":"https:\/\/petitecave.ch\/wp-content\/uploads\/2025\/10\/8909_53_cover-scaled.jpg","contentUrl":"https:\/\/petitecave.ch\/wp-content\/uploads\/2025\/10\/8909_53_cover-scaled.jpg","width":636,"height":2560},{"@type":"BreadcrumbList","@id":"https:\/\/petitecave.ch\/product\/whisky-johnnie-walker-black-label-70cl\/#breadcrumb","itemListElement":[{"@type":"ListItem","position":1,"name":"Accueil","item":"https:\/\/petitecave.ch\/de\/"},{"@type":"ListItem","position":2,"name":"Produkte","item":"https:\/\/petitecave.ch\/de\/shop\/"},{"@type":"ListItem","position":3,"name":"Whisky Johnnie Walker Black Label 70cl"}]},{"@type":"WebSite","@id":"https:\/\/petitecave.ch\/de\/#website","url":"https:\/\/petitecave.ch\/de\/","name":"Die kleine Keller des Chablais","description":"Vins, bi\u00e8res et spiritueux en ligne !","publisher":{"@id":"https:\/\/petitecave.ch\/de\/#organization"},"alternateName":"La Petite Cave","potentialAction":[{"@type":"SearchAction","target":{"@type":"EntryPoint","urlTemplate":"https:\/\/petitecave.ch\/de\/?s={search_term_string}"},"query-input":{"@type":"PropertyValueSpecification","valueRequired":true,"valueName":"search_term_string"}}],"inLanguage":"de-CH"},{"@type":"Organization","@id":"https:\/\/petitecave.ch\/de\/#organization","name":"La Petite Cave du Chablais S\u00e0rl","url":"https:\/\/petitecave.ch\/de\/","logo":{"@type":"ImageObject","inLanguage":"de-CH","@id":"https:\/\/petitecave.ch\/de\/#\/schema\/logo\/image\/","url":"https:\/\/petitecave.ch\/wp-content\/uploads\/2025\/10\/petitecavelogo-removebg-preview.png","contentUrl":"https:\/\/petitecave.ch\/wp-content\/uploads\/2025\/10\/petitecavelogo-removebg-preview.png","width":800,"height":200,"caption":"La Petite Cave du Chablais S\u00e0rl"},"image":{"@id":"https:\/\/petitecave.ch\/de\/#\/schema\/logo\/image\/"},"sameAs":["https:\/\/www.facebook.com\/LaPetiteCaveDuChablais","https:\/\/www.instagram.com\/lapetitecaveduchablais","https:\/\/www.linkedin.com\/company\/la-petite-cave-du-chablais"]}]}},"_links":{"self":[{"href":"https:\/\/petitecave.ch\/de\/wp-json\/wp\/v2\/product\/8909","targetHints":{"allow":["GET"]}}],"collection":[{"href":"https:\/\/petitecave.ch\/de\/wp-json\/wp\/v2\/product"}],"about":[{"href":"https:\/\/petitecave.ch\/de\/wp-json\/wp\/v2\/types\/product"}],"replies":[{"embeddable":true,"href":"https:\/\/petitecave.ch\/de\/wp-json\/wp\/v2\/comments?post=8909"}],"wp:featuredmedia":[{"embeddable":true,"href":"https:\/\/petitecave.ch\/de\/wp-json\/wp\/v2\/media\/12306"}],"wp:attachment":[{"href":"https:\/\/petitecave.ch\/de\/wp-json\/wp\/v2\/media?parent=8909"}],"wp:term":[{"taxonomy":"product_cat","embeddable":true,"href":"https:\/\/petitecave.ch\/de\/wp-json\/wp\/v2\/product_cat?post=8909"},{"taxonomy":"product_tag","embeddable":true,"href":"https:\/\/petitecave.ch\/de\/wp-json\/wp\/v2\/product_tag?post=8909"}],"curies":[{"name":"wp","href":"https:\/\/api.w.org\/{rel}","templated":true}]}}