{"id":8905,"date":"2025-10-28T10:35:05","date_gmt":"2025-10-28T10:35:05","guid":{"rendered":""},"modified":"2026-02-20T17:42:37","modified_gmt":"2026-02-20T16:42:37","slug":"jameson-irish-whiskey-70cl","status":"publish","type":"product","link":"https:\/\/petitecave.ch\/de\/product\/jameson-irish-whiskey-70cl\/","title":{"rendered":"Jameson Irish Whiskey 70cl"},"content":{"rendered":"<p><strong>Nez :<\/strong> Notes l\u00e9g\u00e8rement florales et poivr\u00e9es, avec du bois \u00e9pic\u00e9 et une douceur agr\u00e9able<\/p>\n<p><strong>Bouche :<\/strong>\u00a0Douce\u00a0avec des tons de noisette, d&rsquo;\u00e9pic\u00e9 et de vanill\u00e9, avec une pointe de x\u00e9r\u00e8s<\/p>","protected":false},"excerpt":{"rendered":"<p><strong>Irish Whiskey Jameson &#8211; Jameson Distillery\u00a0<\/strong><\/p>\n<\/p>\n<p><i>John Jameson, originaire d\u2019\u00c9cosse, a abandonn\u00e9 son travail de fonctionnaire gratifiant \u00e0 l\u2019\u00e9poque et s\u2019est rendu en Irlande pour fonder sa distillerie dans la c\u00e9l\u00e8bre Bow Street de Dublin en 1780 &#8211; comme toujours, bien s\u00fbr, dans le but de fabriquer le whisky le plus remarquable du monde. A-t-il r\u00e9ussi? Les chiffres parlent au moins d\u2019eux-m\u00eames : Jameson est la marque de whisky irlandais la plus vendue au monde et \u00e0 la croissance la plus rapide au monde. L\u2019original est un m\u00e9lange triple distill\u00e9 de Pot Still Whiskey (= fabriqu\u00e9 \u00e0 partir d\u2019orge malt\u00e9e et non malt\u00e9e) et de Grain Whiskey (= fabriqu\u00e9 \u00e0 partir de n\u2019importe quelle pur\u00e9e de grains et distill\u00e9 dans des alambics \u00e0 caf\u00e9). La proc\u00e9dure sp\u00e9ciale et la maturation en f\u00fbts de x\u00e9r\u00e8s et de bourbon lui donnent un go\u00fbt doux avec des notes \u00e9pic\u00e9es-\u00e9pic\u00e9es, de noisette et de vanille et un soup\u00e7on de x\u00e9r\u00e8s.<\/i><\/p>","protected":false},"featured_media":12302,"comment_status":"open","ping_status":"open","template":"","meta":[],"product_cat":[277],"product_tag":[],"class_list":{"0":"post-8905","1":"product","2":"type-product","3":"status-publish","4":"has-post-thumbnail","6":"product_cat-whisky","7":"pa_country-irlande","8":"pa_type-irish-whiskey","9":"pa_volume-70-cl","10":"_wholesalex wsx-wholesalex-product","12":"first","13":"instock","14":"taxable","15":"shipping-taxable","16":"purchasable","17":"product-type-simple"},"_links":{"self":[{"href":"https:\/\/petitecave.ch\/de\/wp-json\/wp\/v2\/product\/8905","targetHints":{"allow":["GET"]}}],"collection":[{"href":"https:\/\/petitecave.ch\/de\/wp-json\/wp\/v2\/product"}],"about":[{"href":"https:\/\/petitecave.ch\/de\/wp-json\/wp\/v2\/types\/product"}],"replies":[{"embeddable":true,"href":"https:\/\/petitecave.ch\/de\/wp-json\/wp\/v2\/comments?post=8905"}],"wp:featuredmedia":[{"embeddable":true,"href":"https:\/\/petitecave.ch\/de\/wp-json\/wp\/v2\/media\/12302"}],"wp:attachment":[{"href":"https:\/\/petitecave.ch\/de\/wp-json\/wp\/v2\/media?parent=8905"}],"wp:term":[{"taxonomy":"product_cat","embeddable":true,"href":"https:\/\/petitecave.ch\/de\/wp-json\/wp\/v2\/product_cat?post=8905"},{"taxonomy":"product_tag","embeddable":true,"href":"https:\/\/petitecave.ch\/de\/wp-json\/wp\/v2\/product_tag?post=8905"}],"curies":[{"name":"wp","href":"https:\/\/api.w.org\/{rel}","templated":true}]}}