{"id":8904,"date":"2025-10-28T10:35:04","date_gmt":"2025-10-28T10:35:04","guid":{"rendered":""},"modified":"2026-02-20T17:44:07","modified_gmt":"2026-02-20T16:44:07","slug":"whisky-jack-daniel-s-honey-70cl","status":"publish","type":"product","link":"https:\/\/petitecave.ch\/de\/product\/whisky-jack-daniel-s-honey-70cl\/","title":{"rendered":"Whisky Jack Daniel&rsquo;s Honey 70cl"},"content":{"rendered":"<p>Go\u00fbt de miel, de noix r\u00f4ties et de chocolat<\/p>","protected":false},"excerpt":{"rendered":"<p><strong>Jack Daniel&rsquo;s Honey<\/strong><\/p>\n<p><strong><\/strong><\/p>\n<p><i>Jasper Newton Daniels, qui a donn\u00e9 son nom \u00e0 ce whisky, aurait appris le m\u00e9tier de distillateur de whisky d\u00e8s son plus jeune \u00e2ge. En 1860, \u00e0 l&rsquo;\u00e2ge de quatorze ans seulement, il reprend la distillerie dans laquelle il travaille. La distillerie a obtenu sa licence en 1886, ce qui en fait la plus ancienne distillerie enregistr\u00e9e aux Etats-Unis. Le Honey Whiskey est la fusion du Jack Daniel&rsquo;s Tennessee Whiskey classique avec du v\u00e9ritable miel d&rsquo;abeille.<\/i><\/p>","protected":false},"featured_media":12301,"comment_status":"open","ping_status":"open","template":"","meta":[],"product_cat":[277],"product_tag":[],"class_list":{"0":"post-8904","1":"product","2":"type-product","3":"status-publish","4":"has-post-thumbnail","6":"product_cat-whisky","7":"pa_country-usa","8":"pa_volume-70-cl","9":"_wholesalex wsx-wholesalex-product","11":"first","12":"instock","13":"taxable","14":"shipping-taxable","15":"purchasable","16":"product-type-simple"},"yoast_head":"<!-- This site is optimized with the Yoast SEO plugin v27.4 - https:\/\/yoast.com\/product\/yoast-seo-wordpress\/ -->\n<title>Whisky Jack Daniel&#039;s Honey 70cl | La Petite Cave du Chablais<\/title>\n<meta name=\"robots\" content=\"index, follow, max-snippet:-1, max-image-preview:large, max-video-preview:-1\" \/>\n<link rel=\"canonical\" href=\"https:\/\/petitecave.ch\/de\/product\/whisky-jack-daniel-s-honey-70cl\/\" \/>\n<meta property=\"og:locale\" content=\"de_DE\" \/>\n<meta property=\"og:type\" content=\"article\" \/>\n<meta property=\"og:title\" content=\"Whisky Jack Daniel&#039;s Honey 70cl | La Petite Cave du Chablais\" \/>\n<meta property=\"og:description\" content=\"Jack Daniel&#039;s Honey Jasper Newton Daniels, qui a donn\u00e9 son nom \u00e0 ce whisky, aurait appris le m\u00e9tier de distillateur de whisky d\u00e8s son plus jeune \u00e2ge. En 1860, \u00e0 l&#039;\u00e2ge de quatorze ans seulement, il reprend la distillerie dans laquelle il travaille. La distillerie a obtenu sa licence en 1886, ce qui en fait la plus ancienne distillerie enregistr\u00e9e aux Etats-Unis. Le Honey Whiskey est la fusion du Jack Daniel&#039;s Tennessee Whiskey classique avec du v\u00e9ritable miel d&#039;abeille.\" \/>\n<meta property=\"og:url\" content=\"https:\/\/petitecave.ch\/de\/product\/whisky-jack-daniel-s-honey-70cl\/\" \/>\n<meta property=\"og:site_name\" content=\"La Petite Cave du Chablais\" \/>\n<meta property=\"article:publisher\" content=\"https:\/\/www.facebook.com\/LaPetiteCaveDuChablais\" \/>\n<meta property=\"article:modified_time\" content=\"2026-02-20T16:44:07+00:00\" \/>\n<meta property=\"og:image\" content=\"https:\/\/petitecave.ch\/wp-content\/uploads\/2025\/10\/8904_59_cover-scaled.jpg\" \/>\n\t<meta property=\"og:image:width\" content=\"804\" \/>\n\t<meta property=\"og:image:height\" content=\"2560\" \/>\n\t<meta property=\"og:image:type\" content=\"image\/jpeg\" \/>\n<meta name=\"twitter:card\" content=\"summary_large_image\" \/>\n<script type=\"application\/ld+json\" class=\"yoast-schema-graph\">{\"@context\":\"https:\\\/\\\/schema.org\",\"@graph\":[{\"@type\":\"WebPage\",\"@id\":\"https:\\\/\\\/petitecave.ch\\\/product\\\/whisky-jack-daniel-s-honey-70cl\\\/\",\"url\":\"https:\\\/\\\/petitecave.ch\\\/product\\\/whisky-jack-daniel-s-honey-70cl\\\/\",\"name\":\"Whisky Jack Daniel's Honey 70cl | La Petite Cave du Chablais\",\"isPartOf\":{\"@id\":\"https:\\\/\\\/petitecave.ch\\\/de\\\/#website\"},\"primaryImageOfPage\":{\"@id\":\"https:\\\/\\\/petitecave.ch\\\/product\\\/whisky-jack-daniel-s-honey-70cl\\\/#primaryimage\"},\"image\":{\"@id\":\"https:\\\/\\\/petitecave.ch\\\/product\\\/whisky-jack-daniel-s-honey-70cl\\\/#primaryimage\"},\"thumbnailUrl\":\"https:\\\/\\\/petitecave.ch\\\/wp-content\\\/uploads\\\/2025\\\/10\\\/8904_59_cover-scaled.jpg\",\"datePublished\":\"2025-10-28T10:35:04+00:00\",\"dateModified\":\"2026-02-20T16:44:07+00:00\",\"breadcrumb\":{\"@id\":\"https:\\\/\\\/petitecave.ch\\\/product\\\/whisky-jack-daniel-s-honey-70cl\\\/#breadcrumb\"},\"inLanguage\":\"de-CH\",\"potentialAction\":[{\"@type\":\"ReadAction\",\"target\":[\"https:\\\/\\\/petitecave.ch\\\/product\\\/whisky-jack-daniel-s-honey-70cl\\\/\"]}]},{\"@type\":\"ImageObject\",\"inLanguage\":\"de-CH\",\"@id\":\"https:\\\/\\\/petitecave.ch\\\/product\\\/whisky-jack-daniel-s-honey-70cl\\\/#primaryimage\",\"url\":\"https:\\\/\\\/petitecave.ch\\\/wp-content\\\/uploads\\\/2025\\\/10\\\/8904_59_cover-scaled.jpg\",\"contentUrl\":\"https:\\\/\\\/petitecave.ch\\\/wp-content\\\/uploads\\\/2025\\\/10\\\/8904_59_cover-scaled.jpg\",\"width\":804,\"height\":2560},{\"@type\":\"BreadcrumbList\",\"@id\":\"https:\\\/\\\/petitecave.ch\\\/product\\\/whisky-jack-daniel-s-honey-70cl\\\/#breadcrumb\",\"itemListElement\":[{\"@type\":\"ListItem\",\"position\":1,\"name\":\"Accueil\",\"item\":\"https:\\\/\\\/petitecave.ch\\\/de\\\/\"},{\"@type\":\"ListItem\",\"position\":2,\"name\":\"Produkte\",\"item\":\"https:\\\/\\\/petitecave.ch\\\/de\\\/shop\\\/\"},{\"@type\":\"ListItem\",\"position\":3,\"name\":\"Whisky Jack Daniel&rsquo;s Honey 70cl\"}]},{\"@type\":\"WebSite\",\"@id\":\"https:\\\/\\\/petitecave.ch\\\/de\\\/#website\",\"url\":\"https:\\\/\\\/petitecave.ch\\\/de\\\/\",\"name\":\"La Petite Cave du Chablais\",\"description\":\"Vins, bi\u00e8res et spiritueux en ligne !\",\"publisher\":{\"@id\":\"https:\\\/\\\/petitecave.ch\\\/de\\\/#organization\"},\"alternateName\":\"La Petite Cave\",\"potentialAction\":[{\"@type\":\"SearchAction\",\"target\":{\"@type\":\"EntryPoint\",\"urlTemplate\":\"https:\\\/\\\/petitecave.ch\\\/de\\\/?s={search_term_string}\"},\"query-input\":{\"@type\":\"PropertyValueSpecification\",\"valueRequired\":true,\"valueName\":\"search_term_string\"}}],\"inLanguage\":\"de-CH\"},{\"@type\":\"Organization\",\"@id\":\"https:\\\/\\\/petitecave.ch\\\/de\\\/#organization\",\"name\":\"La Petite Cave du Chablais S\u00e0rl\",\"url\":\"https:\\\/\\\/petitecave.ch\\\/de\\\/\",\"logo\":{\"@type\":\"ImageObject\",\"inLanguage\":\"de-CH\",\"@id\":\"https:\\\/\\\/petitecave.ch\\\/de\\\/#\\\/schema\\\/logo\\\/image\\\/\",\"url\":\"https:\\\/\\\/petitecave.ch\\\/wp-content\\\/uploads\\\/2025\\\/10\\\/petitecavelogo-removebg-preview.png\",\"contentUrl\":\"https:\\\/\\\/petitecave.ch\\\/wp-content\\\/uploads\\\/2025\\\/10\\\/petitecavelogo-removebg-preview.png\",\"width\":800,\"height\":200,\"caption\":\"La Petite Cave du Chablais S\u00e0rl\"},\"image\":{\"@id\":\"https:\\\/\\\/petitecave.ch\\\/de\\\/#\\\/schema\\\/logo\\\/image\\\/\"},\"sameAs\":[\"https:\\\/\\\/www.facebook.com\\\/LaPetiteCaveDuChablais\",\"https:\\\/\\\/www.instagram.com\\\/lapetitecaveduchablais\",\"https:\\\/\\\/www.linkedin.com\\\/company\\\/la-petite-cave-du-chablais\"]}]}<\/script>\n<!-- \/ Yoast SEO plugin. -->","yoast_head_json":{"title":"Whisky Jack Daniel's Honey 70cl | La Petite Cave du Chablais","robots":{"index":"index","follow":"follow","max-snippet":"max-snippet:-1","max-image-preview":"max-image-preview:large","max-video-preview":"max-video-preview:-1"},"canonical":"https:\/\/petitecave.ch\/de\/product\/whisky-jack-daniel-s-honey-70cl\/","og_locale":"de_DE","og_type":"article","og_title":"Whisky Jack Daniel's Honey 70cl | La Petite Cave du Chablais","og_description":"Jack Daniel's Honey Jasper Newton Daniels, qui a donn\u00e9 son nom \u00e0 ce whisky, aurait appris le m\u00e9tier de distillateur de whisky d\u00e8s son plus jeune \u00e2ge. En 1860, \u00e0 l'\u00e2ge de quatorze ans seulement, il reprend la distillerie dans laquelle il travaille. La distillerie a obtenu sa licence en 1886, ce qui en fait la plus ancienne distillerie enregistr\u00e9e aux Etats-Unis. Le Honey Whiskey est la fusion du Jack Daniel's Tennessee Whiskey classique avec du v\u00e9ritable miel d'abeille.","og_url":"https:\/\/petitecave.ch\/de\/product\/whisky-jack-daniel-s-honey-70cl\/","og_site_name":"La Petite Cave du Chablais","article_publisher":"https:\/\/www.facebook.com\/LaPetiteCaveDuChablais","article_modified_time":"2026-02-20T16:44:07+00:00","og_image":[{"width":804,"height":2560,"url":"https:\/\/petitecave.ch\/wp-content\/uploads\/2025\/10\/8904_59_cover-scaled.jpg","type":"image\/jpeg"}],"twitter_card":"summary_large_image","schema":{"@context":"https:\/\/schema.org","@graph":[{"@type":"WebPage","@id":"https:\/\/petitecave.ch\/product\/whisky-jack-daniel-s-honey-70cl\/","url":"https:\/\/petitecave.ch\/product\/whisky-jack-daniel-s-honey-70cl\/","name":"Whisky Jack Daniel's Honey 70cl | La Petite Cave du Chablais","isPartOf":{"@id":"https:\/\/petitecave.ch\/de\/#website"},"primaryImageOfPage":{"@id":"https:\/\/petitecave.ch\/product\/whisky-jack-daniel-s-honey-70cl\/#primaryimage"},"image":{"@id":"https:\/\/petitecave.ch\/product\/whisky-jack-daniel-s-honey-70cl\/#primaryimage"},"thumbnailUrl":"https:\/\/petitecave.ch\/wp-content\/uploads\/2025\/10\/8904_59_cover-scaled.jpg","datePublished":"2025-10-28T10:35:04+00:00","dateModified":"2026-02-20T16:44:07+00:00","breadcrumb":{"@id":"https:\/\/petitecave.ch\/product\/whisky-jack-daniel-s-honey-70cl\/#breadcrumb"},"inLanguage":"de-CH","potentialAction":[{"@type":"ReadAction","target":["https:\/\/petitecave.ch\/product\/whisky-jack-daniel-s-honey-70cl\/"]}]},{"@type":"ImageObject","inLanguage":"de-CH","@id":"https:\/\/petitecave.ch\/product\/whisky-jack-daniel-s-honey-70cl\/#primaryimage","url":"https:\/\/petitecave.ch\/wp-content\/uploads\/2025\/10\/8904_59_cover-scaled.jpg","contentUrl":"https:\/\/petitecave.ch\/wp-content\/uploads\/2025\/10\/8904_59_cover-scaled.jpg","width":804,"height":2560},{"@type":"BreadcrumbList","@id":"https:\/\/petitecave.ch\/product\/whisky-jack-daniel-s-honey-70cl\/#breadcrumb","itemListElement":[{"@type":"ListItem","position":1,"name":"Accueil","item":"https:\/\/petitecave.ch\/de\/"},{"@type":"ListItem","position":2,"name":"Produkte","item":"https:\/\/petitecave.ch\/de\/shop\/"},{"@type":"ListItem","position":3,"name":"Whisky Jack Daniel&rsquo;s Honey 70cl"}]},{"@type":"WebSite","@id":"https:\/\/petitecave.ch\/de\/#website","url":"https:\/\/petitecave.ch\/de\/","name":"Die kleine Keller des Chablais","description":"Vins, bi\u00e8res et spiritueux en ligne !","publisher":{"@id":"https:\/\/petitecave.ch\/de\/#organization"},"alternateName":"La Petite Cave","potentialAction":[{"@type":"SearchAction","target":{"@type":"EntryPoint","urlTemplate":"https:\/\/petitecave.ch\/de\/?s={search_term_string}"},"query-input":{"@type":"PropertyValueSpecification","valueRequired":true,"valueName":"search_term_string"}}],"inLanguage":"de-CH"},{"@type":"Organization","@id":"https:\/\/petitecave.ch\/de\/#organization","name":"La Petite Cave du Chablais S\u00e0rl","url":"https:\/\/petitecave.ch\/de\/","logo":{"@type":"ImageObject","inLanguage":"de-CH","@id":"https:\/\/petitecave.ch\/de\/#\/schema\/logo\/image\/","url":"https:\/\/petitecave.ch\/wp-content\/uploads\/2025\/10\/petitecavelogo-removebg-preview.png","contentUrl":"https:\/\/petitecave.ch\/wp-content\/uploads\/2025\/10\/petitecavelogo-removebg-preview.png","width":800,"height":200,"caption":"La Petite Cave du Chablais S\u00e0rl"},"image":{"@id":"https:\/\/petitecave.ch\/de\/#\/schema\/logo\/image\/"},"sameAs":["https:\/\/www.facebook.com\/LaPetiteCaveDuChablais","https:\/\/www.instagram.com\/lapetitecaveduchablais","https:\/\/www.linkedin.com\/company\/la-petite-cave-du-chablais"]}]}},"_links":{"self":[{"href":"https:\/\/petitecave.ch\/de\/wp-json\/wp\/v2\/product\/8904","targetHints":{"allow":["GET"]}}],"collection":[{"href":"https:\/\/petitecave.ch\/de\/wp-json\/wp\/v2\/product"}],"about":[{"href":"https:\/\/petitecave.ch\/de\/wp-json\/wp\/v2\/types\/product"}],"replies":[{"embeddable":true,"href":"https:\/\/petitecave.ch\/de\/wp-json\/wp\/v2\/comments?post=8904"}],"wp:featuredmedia":[{"embeddable":true,"href":"https:\/\/petitecave.ch\/de\/wp-json\/wp\/v2\/media\/12301"}],"wp:attachment":[{"href":"https:\/\/petitecave.ch\/de\/wp-json\/wp\/v2\/media?parent=8904"}],"wp:term":[{"taxonomy":"product_cat","embeddable":true,"href":"https:\/\/petitecave.ch\/de\/wp-json\/wp\/v2\/product_cat?post=8904"},{"taxonomy":"product_tag","embeddable":true,"href":"https:\/\/petitecave.ch\/de\/wp-json\/wp\/v2\/product_tag?post=8904"}],"curies":[{"name":"wp","href":"https:\/\/api.w.org\/{rel}","templated":true}]}}