{"id":8902,"date":"2025-10-28T10:35:03","date_gmt":"2025-10-28T10:35:03","guid":{"rendered":""},"modified":"2026-02-20T17:44:07","modified_gmt":"2026-02-20T16:44:07","slug":"whisky-j-b-70cl","status":"publish","type":"product","link":"https:\/\/petitecave.ch\/de\/product\/whisky-j-b-70cl\/","title":{"rendered":"Whisky J&#038;B 70cl"},"content":{"rendered":"<p><strong>Nez :<\/strong> Soup\u00e7on de noix, de fruits et de bois<\/p>\n<p><strong>Bouche :<\/strong> Notes fruit\u00e9es, avec du caramel et des baies<\/p>\n<\/p>\n<p><strong>Finale :<\/strong> Longue et \u00e9pic\u00e9e, avec une note de ch\u00eane distincte<\/p>","protected":false},"excerpt":{"rendered":"<p><b>Whisky J&amp;B\u00a0&#8211; Justerini &amp; Books Ltd. &#8211; Speyside\u00a0<\/b><\/p>\n<\/p>\n<p><i>L\u2019histoire de J&amp;B remonte au 18\u00e8me si\u00e8cle. \u00c0 cette \u00e9poque, le ma\u00eetre distillateur italien Giacomo Justerini tombe amoureux de la chanteuse d\u2019op\u00e9ra Margherita Bellini et la suit \u00e0 Londres. M\u00eame si l\u2019amour n\u2019\u00e9tait pas partag\u00e9, l\u2019\u00e9migration \u00e9tait toujours un coup de chance pour Justerini. En 1749, avec George Johnson, il ouvrit une importation de vin. Les affaires se d\u00e9roulaient bien : les nobles \u00e9taient approvisionn\u00e9s en toutes sortes de vins, liqueurs et spiritueux. En 1831, l\u2019entreprise est finalement rachet\u00e9e par Alfred Brooks et se sp\u00e9cialise dans la distribution de whisky. Le c\u00e9l\u00e8bre \u00ab J&amp;B Rare \u00bb est un m\u00e9lange de 42 whiskies de malt et de grain diff\u00e9rents de la r\u00e9gion du Speyside. Il a \u00e9t\u00e9 sp\u00e9cialement compos\u00e9 pour m\u00e9langer des cocktails, mais peut \u00e9galement \u00eatre bu pur.<\/i><\/p>","protected":false},"featured_media":12299,"comment_status":"open","ping_status":"open","template":"","meta":[],"product_cat":[277],"product_tag":[],"class_list":{"0":"post-8902","1":"product","2":"type-product","3":"status-publish","4":"has-post-thumbnail","6":"product_cat-whisky","7":"pa_country-ecosse","8":"pa_type-blended-scotch-whisky","9":"pa_volume-70-cl","10":"_wholesalex wsx-wholesalex-product","12":"first","13":"instock","14":"taxable","15":"shipping-taxable","16":"purchasable","17":"product-type-simple"},"_links":{"self":[{"href":"https:\/\/petitecave.ch\/de\/wp-json\/wp\/v2\/product\/8902","targetHints":{"allow":["GET"]}}],"collection":[{"href":"https:\/\/petitecave.ch\/de\/wp-json\/wp\/v2\/product"}],"about":[{"href":"https:\/\/petitecave.ch\/de\/wp-json\/wp\/v2\/types\/product"}],"replies":[{"embeddable":true,"href":"https:\/\/petitecave.ch\/de\/wp-json\/wp\/v2\/comments?post=8902"}],"wp:featuredmedia":[{"embeddable":true,"href":"https:\/\/petitecave.ch\/de\/wp-json\/wp\/v2\/media\/12299"}],"wp:attachment":[{"href":"https:\/\/petitecave.ch\/de\/wp-json\/wp\/v2\/media?parent=8902"}],"wp:term":[{"taxonomy":"product_cat","embeddable":true,"href":"https:\/\/petitecave.ch\/de\/wp-json\/wp\/v2\/product_cat?post=8902"},{"taxonomy":"product_tag","embeddable":true,"href":"https:\/\/petitecave.ch\/de\/wp-json\/wp\/v2\/product_tag?post=8902"}],"curies":[{"name":"wp","href":"https:\/\/api.w.org\/{rel}","templated":true}]}}