{"id":8901,"date":"2025-10-28T10:35:02","date_gmt":"2025-10-28T10:35:02","guid":{"rendered":""},"modified":"2026-02-20T17:44:07","modified_gmt":"2026-02-20T16:44:07","slug":"whisky-inchmurrin-12-ans-70cl","status":"publish","type":"product","link":"https:\/\/petitecave.ch\/de\/product\/whisky-inchmurrin-12-ans-70cl\/","title":{"rendered":"Whisky Inchmurrin 12 ans 70cl"},"content":{"rendered":"<p><strong>Nez :<\/strong>\u00a0Notes de foin frais, de caramel, de bonbons et de fruits<\/p>\n<p><strong>Bouche :<\/strong>\u00a0Ar\u00f4mes\u00a0de fleurs de p\u00eache, d&rsquo;abricots, d&rsquo;oranges, de poires, d&rsquo;orge et de vanille<\/p>","protected":false},"excerpt":{"rendered":"<p><strong>Whisky Inchmurrin\u00a012 ans &#8211; Inchmurrin Distillerie &#8211; Highlands\u00a0<\/strong><\/p>\n<p><strong><\/strong><\/p>\n<p><i>Inchmurrin est l&rsquo;une des sept marques de whisky produites et embouteill\u00e9es par le Loch Lomond Group. En effet, l&rsquo;entreprise poss\u00e8de deux distilleries: la distillerie Loch Lomond au bord du lac du m\u00eame nom, entre les Lowlands \u00e9cossais et les Highlands, et la distillerie Glen Scotia dans la capitale du whisky autrefois florissante Campbeltown. L&rsquo;Inchmurrin 12 Years provient de la distillerie Loch Lomond, qui produit du whisky en Pot-Still depuis 1964 et \u00e9galement selon le proc\u00e9d\u00e9 plus r\u00e9cent Coffey-Still &#8211; cependant, ceux-ci \u00e9taient pr\u00e9vus exclusivement pour des assemblages durant les premiers jours. En 2005, ils ont introduit la version de 12 ans d\u2019\u00e2ge, qui reproduit le profil typique d&rsquo;Inchmurrin avec des notes l\u00e9g\u00e8res, florales et herbac\u00e9es. On peut surtout go\u00fbter aux fleurs de p\u00eachers, aux poires, \u00e0 l&rsquo;orge et \u00e0 la vanille.<\/i><\/p><\/p>","protected":false},"featured_media":12298,"comment_status":"open","ping_status":"open","template":"","meta":[],"product_cat":[277],"product_tag":[],"class_list":{"0":"post-8901","1":"product","2":"type-product","3":"status-publish","4":"has-post-thumbnail","6":"product_cat-whisky","7":"pa_country-ecosse","8":"pa_type-single-malt","9":"pa_volume-70-cl","10":"_wholesalex wsx-wholesalex-product","12":"first","13":"instock","14":"taxable","15":"shipping-taxable","16":"purchasable","17":"product-type-simple"},"yoast_head":"<!-- This site is optimized with the Yoast SEO plugin v27.4 - https:\/\/yoast.com\/product\/yoast-seo-wordpress\/ -->\n<title>Whisky Inchmurrin 12 ans 70cl | La Petite Cave du Chablais<\/title>\n<meta name=\"robots\" content=\"index, follow, max-snippet:-1, max-image-preview:large, max-video-preview:-1\" \/>\n<link rel=\"canonical\" href=\"https:\/\/petitecave.ch\/de\/product\/whisky-inchmurrin-12-ans-70cl\/\" \/>\n<meta property=\"og:locale\" content=\"de_DE\" \/>\n<meta property=\"og:type\" content=\"article\" \/>\n<meta property=\"og:title\" content=\"Whisky Inchmurrin 12 ans 70cl | La Petite Cave du Chablais\" \/>\n<meta property=\"og:description\" content=\"Whisky Inchmurrin\u00a012 ans - Inchmurrin Distillerie - Highlands\u00a0 Inchmurrin est l&#039;une des sept marques de whisky produites et embouteill\u00e9es par le Loch Lomond Group. En effet, l&#039;entreprise poss\u00e8de deux distilleries: la distillerie Loch Lomond au bord du lac du m\u00eame nom, entre les Lowlands \u00e9cossais et les Highlands, et la distillerie Glen Scotia dans la capitale du whisky autrefois florissante Campbeltown. L&#039;Inchmurrin 12 Years provient de la distillerie Loch Lomond, qui produit du whisky en Pot-Still depuis 1964 et \u00e9galement selon le proc\u00e9d\u00e9 plus r\u00e9cent Coffey-Still - cependant, ceux-ci \u00e9taient pr\u00e9vus exclusivement pour des assemblages durant les premiers jours. En 2005, ils ont introduit la version de 12 ans d\u2019\u00e2ge, qui reproduit le profil typique d&#039;Inchmurrin avec des notes l\u00e9g\u00e8res, florales et herbac\u00e9es. On peut surtout go\u00fbter aux fleurs de p\u00eachers, aux poires, \u00e0 l&#039;orge et \u00e0 la vanille.\" \/>\n<meta property=\"og:url\" content=\"https:\/\/petitecave.ch\/de\/product\/whisky-inchmurrin-12-ans-70cl\/\" \/>\n<meta property=\"og:site_name\" content=\"La Petite Cave du Chablais\" \/>\n<meta property=\"article:publisher\" content=\"https:\/\/www.facebook.com\/LaPetiteCaveDuChablais\" \/>\n<meta property=\"article:modified_time\" content=\"2026-02-20T16:44:07+00:00\" \/>\n<meta property=\"og:image\" content=\"https:\/\/petitecave.ch\/wp-content\/uploads\/2025\/10\/8901_64_cover.jpg\" \/>\n\t<meta property=\"og:image:width\" content=\"750\" \/>\n\t<meta property=\"og:image:height\" content=\"962\" \/>\n\t<meta property=\"og:image:type\" content=\"image\/jpeg\" \/>\n<meta name=\"twitter:card\" content=\"summary_large_image\" \/>\n<script type=\"application\/ld+json\" class=\"yoast-schema-graph\">{\"@context\":\"https:\\\/\\\/schema.org\",\"@graph\":[{\"@type\":\"WebPage\",\"@id\":\"https:\\\/\\\/petitecave.ch\\\/product\\\/whisky-inchmurrin-12-ans-70cl\\\/\",\"url\":\"https:\\\/\\\/petitecave.ch\\\/product\\\/whisky-inchmurrin-12-ans-70cl\\\/\",\"name\":\"Whisky Inchmurrin 12 ans 70cl | La Petite Cave du Chablais\",\"isPartOf\":{\"@id\":\"https:\\\/\\\/petitecave.ch\\\/de\\\/#website\"},\"primaryImageOfPage\":{\"@id\":\"https:\\\/\\\/petitecave.ch\\\/product\\\/whisky-inchmurrin-12-ans-70cl\\\/#primaryimage\"},\"image\":{\"@id\":\"https:\\\/\\\/petitecave.ch\\\/product\\\/whisky-inchmurrin-12-ans-70cl\\\/#primaryimage\"},\"thumbnailUrl\":\"https:\\\/\\\/petitecave.ch\\\/wp-content\\\/uploads\\\/2025\\\/10\\\/8901_64_cover.jpg\",\"datePublished\":\"2025-10-28T10:35:02+00:00\",\"dateModified\":\"2026-02-20T16:44:07+00:00\",\"breadcrumb\":{\"@id\":\"https:\\\/\\\/petitecave.ch\\\/product\\\/whisky-inchmurrin-12-ans-70cl\\\/#breadcrumb\"},\"inLanguage\":\"de-CH\",\"potentialAction\":[{\"@type\":\"ReadAction\",\"target\":[\"https:\\\/\\\/petitecave.ch\\\/product\\\/whisky-inchmurrin-12-ans-70cl\\\/\"]}]},{\"@type\":\"ImageObject\",\"inLanguage\":\"de-CH\",\"@id\":\"https:\\\/\\\/petitecave.ch\\\/product\\\/whisky-inchmurrin-12-ans-70cl\\\/#primaryimage\",\"url\":\"https:\\\/\\\/petitecave.ch\\\/wp-content\\\/uploads\\\/2025\\\/10\\\/8901_64_cover.jpg\",\"contentUrl\":\"https:\\\/\\\/petitecave.ch\\\/wp-content\\\/uploads\\\/2025\\\/10\\\/8901_64_cover.jpg\",\"width\":750,\"height\":962},{\"@type\":\"BreadcrumbList\",\"@id\":\"https:\\\/\\\/petitecave.ch\\\/product\\\/whisky-inchmurrin-12-ans-70cl\\\/#breadcrumb\",\"itemListElement\":[{\"@type\":\"ListItem\",\"position\":1,\"name\":\"Accueil\",\"item\":\"https:\\\/\\\/petitecave.ch\\\/\"},{\"@type\":\"ListItem\",\"position\":2,\"name\":\"Produkte\",\"item\":\"https:\\\/\\\/petitecave.ch\\\/de\\\/shop\\\/\"},{\"@type\":\"ListItem\",\"position\":3,\"name\":\"Whisky Inchmurrin 12 ans 70cl\"}]},{\"@type\":\"WebSite\",\"@id\":\"https:\\\/\\\/petitecave.ch\\\/de\\\/#website\",\"url\":\"https:\\\/\\\/petitecave.ch\\\/de\\\/\",\"name\":\"La Petite Cave du Chablais\",\"description\":\"Vins, bi\u00e8res et spiritueux en ligne !\",\"publisher\":{\"@id\":\"https:\\\/\\\/petitecave.ch\\\/de\\\/#organization\"},\"alternateName\":\"La Petite Cave\",\"potentialAction\":[{\"@type\":\"SearchAction\",\"target\":{\"@type\":\"EntryPoint\",\"urlTemplate\":\"https:\\\/\\\/petitecave.ch\\\/de\\\/?s={search_term_string}\"},\"query-input\":{\"@type\":\"PropertyValueSpecification\",\"valueRequired\":true,\"valueName\":\"search_term_string\"}}],\"inLanguage\":\"de-CH\"},{\"@type\":\"Organization\",\"@id\":\"https:\\\/\\\/petitecave.ch\\\/de\\\/#organization\",\"name\":\"La Petite Cave du Chablais S\u00e0rl\",\"url\":\"https:\\\/\\\/petitecave.ch\\\/de\\\/\",\"logo\":{\"@type\":\"ImageObject\",\"inLanguage\":\"de-CH\",\"@id\":\"https:\\\/\\\/petitecave.ch\\\/de\\\/#\\\/schema\\\/logo\\\/image\\\/\",\"url\":\"https:\\\/\\\/petitecave.ch\\\/wp-content\\\/uploads\\\/2025\\\/10\\\/petitecavelogo-removebg-preview.png\",\"contentUrl\":\"https:\\\/\\\/petitecave.ch\\\/wp-content\\\/uploads\\\/2025\\\/10\\\/petitecavelogo-removebg-preview.png\",\"width\":800,\"height\":200,\"caption\":\"La Petite Cave du Chablais S\u00e0rl\"},\"image\":{\"@id\":\"https:\\\/\\\/petitecave.ch\\\/de\\\/#\\\/schema\\\/logo\\\/image\\\/\"},\"sameAs\":[\"https:\\\/\\\/www.facebook.com\\\/LaPetiteCaveDuChablais\",\"https:\\\/\\\/www.instagram.com\\\/lapetitecaveduchablais\",\"https:\\\/\\\/www.linkedin.com\\\/company\\\/la-petite-cave-du-chablais\"]}]}<\/script>\n<!-- \/ Yoast SEO plugin. -->","yoast_head_json":{"title":"Whisky Inchmurrin 12 ans 70cl | La Petite Cave du Chablais","robots":{"index":"index","follow":"follow","max-snippet":"max-snippet:-1","max-image-preview":"max-image-preview:large","max-video-preview":"max-video-preview:-1"},"canonical":"https:\/\/petitecave.ch\/de\/product\/whisky-inchmurrin-12-ans-70cl\/","og_locale":"de_DE","og_type":"article","og_title":"Whisky Inchmurrin 12 ans 70cl | La Petite Cave du Chablais","og_description":"Whisky Inchmurrin\u00a012 ans - Inchmurrin Distillerie - Highlands\u00a0 Inchmurrin est l'une des sept marques de whisky produites et embouteill\u00e9es par le Loch Lomond Group. En effet, l'entreprise poss\u00e8de deux distilleries: la distillerie Loch Lomond au bord du lac du m\u00eame nom, entre les Lowlands \u00e9cossais et les Highlands, et la distillerie Glen Scotia dans la capitale du whisky autrefois florissante Campbeltown. L'Inchmurrin 12 Years provient de la distillerie Loch Lomond, qui produit du whisky en Pot-Still depuis 1964 et \u00e9galement selon le proc\u00e9d\u00e9 plus r\u00e9cent Coffey-Still - cependant, ceux-ci \u00e9taient pr\u00e9vus exclusivement pour des assemblages durant les premiers jours. En 2005, ils ont introduit la version de 12 ans d\u2019\u00e2ge, qui reproduit le profil typique d'Inchmurrin avec des notes l\u00e9g\u00e8res, florales et herbac\u00e9es. On peut surtout go\u00fbter aux fleurs de p\u00eachers, aux poires, \u00e0 l'orge et \u00e0 la vanille.","og_url":"https:\/\/petitecave.ch\/de\/product\/whisky-inchmurrin-12-ans-70cl\/","og_site_name":"La Petite Cave du Chablais","article_publisher":"https:\/\/www.facebook.com\/LaPetiteCaveDuChablais","article_modified_time":"2026-02-20T16:44:07+00:00","og_image":[{"width":750,"height":962,"url":"https:\/\/petitecave.ch\/wp-content\/uploads\/2025\/10\/8901_64_cover.jpg","type":"image\/jpeg"}],"twitter_card":"summary_large_image","schema":{"@context":"https:\/\/schema.org","@graph":[{"@type":"WebPage","@id":"https:\/\/petitecave.ch\/product\/whisky-inchmurrin-12-ans-70cl\/","url":"https:\/\/petitecave.ch\/product\/whisky-inchmurrin-12-ans-70cl\/","name":"Whisky Inchmurrin 12 ans 70cl | La Petite Cave du Chablais","isPartOf":{"@id":"https:\/\/petitecave.ch\/de\/#website"},"primaryImageOfPage":{"@id":"https:\/\/petitecave.ch\/product\/whisky-inchmurrin-12-ans-70cl\/#primaryimage"},"image":{"@id":"https:\/\/petitecave.ch\/product\/whisky-inchmurrin-12-ans-70cl\/#primaryimage"},"thumbnailUrl":"https:\/\/petitecave.ch\/wp-content\/uploads\/2025\/10\/8901_64_cover.jpg","datePublished":"2025-10-28T10:35:02+00:00","dateModified":"2026-02-20T16:44:07+00:00","breadcrumb":{"@id":"https:\/\/petitecave.ch\/product\/whisky-inchmurrin-12-ans-70cl\/#breadcrumb"},"inLanguage":"de-CH","potentialAction":[{"@type":"ReadAction","target":["https:\/\/petitecave.ch\/product\/whisky-inchmurrin-12-ans-70cl\/"]}]},{"@type":"ImageObject","inLanguage":"de-CH","@id":"https:\/\/petitecave.ch\/product\/whisky-inchmurrin-12-ans-70cl\/#primaryimage","url":"https:\/\/petitecave.ch\/wp-content\/uploads\/2025\/10\/8901_64_cover.jpg","contentUrl":"https:\/\/petitecave.ch\/wp-content\/uploads\/2025\/10\/8901_64_cover.jpg","width":750,"height":962},{"@type":"BreadcrumbList","@id":"https:\/\/petitecave.ch\/product\/whisky-inchmurrin-12-ans-70cl\/#breadcrumb","itemListElement":[{"@type":"ListItem","position":1,"name":"Accueil","item":"https:\/\/petitecave.ch\/"},{"@type":"ListItem","position":2,"name":"Produkte","item":"https:\/\/petitecave.ch\/de\/shop\/"},{"@type":"ListItem","position":3,"name":"Whisky Inchmurrin 12 ans 70cl"}]},{"@type":"WebSite","@id":"https:\/\/petitecave.ch\/de\/#website","url":"https:\/\/petitecave.ch\/de\/","name":"Die kleine Keller des Chablais","description":"Vins, bi\u00e8res et spiritueux en ligne !","publisher":{"@id":"https:\/\/petitecave.ch\/de\/#organization"},"alternateName":"La Petite Cave","potentialAction":[{"@type":"SearchAction","target":{"@type":"EntryPoint","urlTemplate":"https:\/\/petitecave.ch\/de\/?s={search_term_string}"},"query-input":{"@type":"PropertyValueSpecification","valueRequired":true,"valueName":"search_term_string"}}],"inLanguage":"de-CH"},{"@type":"Organization","@id":"https:\/\/petitecave.ch\/de\/#organization","name":"La Petite Cave du Chablais S\u00e0rl","url":"https:\/\/petitecave.ch\/de\/","logo":{"@type":"ImageObject","inLanguage":"de-CH","@id":"https:\/\/petitecave.ch\/de\/#\/schema\/logo\/image\/","url":"https:\/\/petitecave.ch\/wp-content\/uploads\/2025\/10\/petitecavelogo-removebg-preview.png","contentUrl":"https:\/\/petitecave.ch\/wp-content\/uploads\/2025\/10\/petitecavelogo-removebg-preview.png","width":800,"height":200,"caption":"La Petite Cave du Chablais S\u00e0rl"},"image":{"@id":"https:\/\/petitecave.ch\/de\/#\/schema\/logo\/image\/"},"sameAs":["https:\/\/www.facebook.com\/LaPetiteCaveDuChablais","https:\/\/www.instagram.com\/lapetitecaveduchablais","https:\/\/www.linkedin.com\/company\/la-petite-cave-du-chablais"]}]}},"_links":{"self":[{"href":"https:\/\/petitecave.ch\/de\/wp-json\/wp\/v2\/product\/8901","targetHints":{"allow":["GET"]}}],"collection":[{"href":"https:\/\/petitecave.ch\/de\/wp-json\/wp\/v2\/product"}],"about":[{"href":"https:\/\/petitecave.ch\/de\/wp-json\/wp\/v2\/types\/product"}],"replies":[{"embeddable":true,"href":"https:\/\/petitecave.ch\/de\/wp-json\/wp\/v2\/comments?post=8901"}],"wp:featuredmedia":[{"embeddable":true,"href":"https:\/\/petitecave.ch\/de\/wp-json\/wp\/v2\/media\/12298"}],"wp:attachment":[{"href":"https:\/\/petitecave.ch\/de\/wp-json\/wp\/v2\/media?parent=8901"}],"wp:term":[{"taxonomy":"product_cat","embeddable":true,"href":"https:\/\/petitecave.ch\/de\/wp-json\/wp\/v2\/product_cat?post=8901"},{"taxonomy":"product_tag","embeddable":true,"href":"https:\/\/petitecave.ch\/de\/wp-json\/wp\/v2\/product_tag?post=8901"}],"curies":[{"name":"wp","href":"https:\/\/api.w.org\/{rel}","templated":true}]}}