{"id":8894,"date":"2025-10-28T10:34:56","date_gmt":"2025-10-28T10:34:56","guid":{"rendered":""},"modified":"2026-02-20T17:44:06","modified_gmt":"2026-02-20T16:44:06","slug":"whisky-glenfiddich-12-ans-70cl","status":"publish","type":"product","link":"https:\/\/petitecave.ch\/de\/product\/whisky-glenfiddich-12-ans-70cl\/","title":{"rendered":"Whisky Glenfiddich 12 Ans 70cl"},"content":{"rendered":"<p><strong>Nez :<\/strong> Ar\u00f4mes fruit\u00e9s<\/p>\n<p><strong>Bouche :<\/strong> Notes sucr\u00e9es-malt\u00e9es avec du caramel<\/p>\n<p><strong>Finale :<\/strong> Soup\u00e7on subtil de fum\u00e9e de tourbe<\/p>","protected":false},"excerpt":{"rendered":"<p><strong>Glenfiddich 12 Ans\u00a0&#8211; The Glenfiddich Distillery &#8211; Speyside\u00a0<\/strong><\/p>\n<p><strong><\/strong><\/p>\n<p><i>En 1886, William Grant ouvre sa distillerie, qu\u2019il avait construite lui-m\u00eame avec l\u2019aide de sa famille et avec le soutien d\u2019un architecte. Quelques ann\u00e9es plus tard, en 1898, les premiers probl\u00e8mes surgissent : le plus gros acheteur de whisky de Grant, la soci\u00e9t\u00e9 Patisson, fait faillite. Mais abandonner n\u2019\u00e9tait pas une option \u00e0 Glenfiddich et les efforts ont finalement port\u00e9 leurs fruits. Aujourd\u2019hui, Glenfiddich\u00a0est depuis longtemps l\u2019un des single malts les plus c\u00e9l\u00e8bres au monde. Cette \u00e9dition Glenfiddich m\u00fbrit pendant 12 ans en f\u00fbts de bourbon am\u00e9ricain ainsi qu\u2019en f\u00fbts de x\u00e9r\u00e8s d\u2019Espagne.<\/i><\/p>","protected":false},"featured_media":12291,"comment_status":"open","ping_status":"open","template":"","meta":[],"product_cat":[277],"product_tag":[],"class_list":{"0":"post-8894","1":"product","2":"type-product","3":"status-publish","4":"has-post-thumbnail","6":"product_cat-whisky","7":"pa_country-ecosse","8":"pa_type-single-malt","9":"pa_volume-70-cl","10":"_wholesalex wsx-wholesalex-product","12":"first","13":"instock","14":"taxable","15":"shipping-taxable","16":"purchasable","17":"product-type-simple"},"_links":{"self":[{"href":"https:\/\/petitecave.ch\/de\/wp-json\/wp\/v2\/product\/8894","targetHints":{"allow":["GET"]}}],"collection":[{"href":"https:\/\/petitecave.ch\/de\/wp-json\/wp\/v2\/product"}],"about":[{"href":"https:\/\/petitecave.ch\/de\/wp-json\/wp\/v2\/types\/product"}],"replies":[{"embeddable":true,"href":"https:\/\/petitecave.ch\/de\/wp-json\/wp\/v2\/comments?post=8894"}],"wp:featuredmedia":[{"embeddable":true,"href":"https:\/\/petitecave.ch\/de\/wp-json\/wp\/v2\/media\/12291"}],"wp:attachment":[{"href":"https:\/\/petitecave.ch\/de\/wp-json\/wp\/v2\/media?parent=8894"}],"wp:term":[{"taxonomy":"product_cat","embeddable":true,"href":"https:\/\/petitecave.ch\/de\/wp-json\/wp\/v2\/product_cat?post=8894"},{"taxonomy":"product_tag","embeddable":true,"href":"https:\/\/petitecave.ch\/de\/wp-json\/wp\/v2\/product_tag?post=8894"}],"curies":[{"name":"wp","href":"https:\/\/api.w.org\/{rel}","templated":true}]}}