{"id":8888,"date":"2025-10-28T10:34:51","date_gmt":"2025-10-28T10:34:51","guid":{"rendered":""},"modified":"2026-02-20T17:44:06","modified_gmt":"2026-02-20T16:44:06","slug":"whisky-dewar-s-12-ans-special-reserve-70cl","status":"publish","type":"product","link":"https:\/\/petitecave.ch\/de\/product\/whisky-dewar-s-12-ans-special-reserve-70cl\/","title":{"rendered":"Whisky Dewar&rsquo;s 12 ans Special Reserve 70cl"},"content":{"rendered":"<p><strong>Nez :<\/strong> Notes d\u2019agrumes, de ch\u00eane, de sultanes, de raisins secs et de vanille\u00a0<\/p>\n<p><strong>Bouche :<\/strong> Ar\u00f4mes de miel, de malt, de bruy\u00e8re et d\u2019\u00e9pices<\/p>\n<p><strong>Finale :<\/strong> Longue et florale<\/p>","protected":false},"excerpt":{"rendered":"<p><strong>Dewar&rsquo;s 12 ans Special Reserve &#8211; John Dewar &amp; Sons Ltd.<\/strong><\/p>\n<\/p>\n<p><i>Les connaisseurs de Scotch connaissent bien le \u00a0\u00bb Dewar\u2019s \u00a0\u00bb m\u00eame s\u2019ils n\u2019ont jamais tenu un Dewar\u2019s Blended Whisky dans leurs mains. Parce que la soci\u00e9t\u00e9 John Dewar &amp; Sons produit et distribue plusieurs marques telles que Aberfeldy, Aultmore, The Deveron et Royal Brackla. La gamme originale de Dewar comprend cinq whiskies de maturit\u00e9 variable de la distillerie Aberfeldy sur la rivi\u00e8re Tay dans les Highlands. La r\u00e9serve sp\u00e9ciale de 12 ans est, pour ainsi dire, le prochain niveau sup\u00e9rieur du classique \u00ab White Label \u00bb et montre, entre autres, des influences de baril de x\u00e9r\u00e8s. En plus des sultanes et des raisins secs, les agrumes, le ch\u00eane, la vanille, le malt, le miel et la bruy\u00e8re peuvent \u00eatre d\u00e9gust\u00e9s.<\/i><\/p>","protected":false},"featured_media":12285,"comment_status":"open","ping_status":"open","template":"","meta":[],"product_cat":[277],"product_tag":[],"class_list":{"0":"post-8888","1":"product","2":"type-product","3":"status-publish","4":"has-post-thumbnail","6":"product_cat-whisky","7":"pa_country-ecosse","8":"pa_type-blended-scotch-whisky","9":"pa_volume-70-cl","10":"_wholesalex wsx-wholesalex-product","12":"first","13":"instock","14":"taxable","15":"shipping-taxable","16":"purchasable","17":"product-type-simple"},"_links":{"self":[{"href":"https:\/\/petitecave.ch\/de\/wp-json\/wp\/v2\/product\/8888","targetHints":{"allow":["GET"]}}],"collection":[{"href":"https:\/\/petitecave.ch\/de\/wp-json\/wp\/v2\/product"}],"about":[{"href":"https:\/\/petitecave.ch\/de\/wp-json\/wp\/v2\/types\/product"}],"replies":[{"embeddable":true,"href":"https:\/\/petitecave.ch\/de\/wp-json\/wp\/v2\/comments?post=8888"}],"wp:featuredmedia":[{"embeddable":true,"href":"https:\/\/petitecave.ch\/de\/wp-json\/wp\/v2\/media\/12285"}],"wp:attachment":[{"href":"https:\/\/petitecave.ch\/de\/wp-json\/wp\/v2\/media?parent=8888"}],"wp:term":[{"taxonomy":"product_cat","embeddable":true,"href":"https:\/\/petitecave.ch\/de\/wp-json\/wp\/v2\/product_cat?post=8888"},{"taxonomy":"product_tag","embeddable":true,"href":"https:\/\/petitecave.ch\/de\/wp-json\/wp\/v2\/product_tag?post=8888"}],"curies":[{"name":"wp","href":"https:\/\/api.w.org\/{rel}","templated":true}]}}