{"id":8884,"date":"2025-10-28T10:34:47","date_gmt":"2025-10-28T10:34:47","guid":{"rendered":""},"modified":"2026-02-20T17:44:05","modified_gmt":"2026-02-20T16:44:05","slug":"whisky-cragganmore-distillers-edition-70cl","status":"publish","type":"product","link":"https:\/\/petitecave.ch\/de\/product\/whisky-cragganmore-distillers-edition-70cl\/","title":{"rendered":"Whisky Cragganmore Distillers Edition 70cl"},"content":{"rendered":"<p><strong>Nez :<\/strong> Notes de fruits sucr\u00e9s, de malt, de ch\u00eane sec, de bananes, de baies rouges et de vanille\u00a0<\/p>\n<p><strong>Go\u00fbt :<\/strong> Ar\u00f4mes de cacao ainsi qu\u2019un soup\u00e7on de fum\u00e9e<\/p>","protected":false},"excerpt":{"rendered":"<p><strong>Cragganmore Distillers Edition &#8211; Diageo \/ Cragganmore &#8211; Speyside\u00a0\u00a0<\/strong><\/p>\n<p><strong><\/strong><\/p>\n<p><i>L\u2019\u00e9dition Cragganmore Distillers est publi\u00e9e p\u00e9riodiquement et a toujours un \u00e2ge de maturation de douze ans. L\u2019\u00e2ge n\u2019est pas sur la bouteille, mais peut \u00eatre calcul\u00e9 \u00e0 partir des ann\u00e9es de distillation et d\u2019embouteillage annonc\u00e9es. La particularit\u00e9 de la mise en bouteille limit\u00e9e est le raffinement en f\u00fbts de porto. Bien qu\u2019il n\u2019y ait pas d\u2019informations exactes sur les f\u00fbts utilis\u00e9s, les f\u00fbts de vin de Porto sont connus pour laisser des notes de fruits doux et cors\u00e9s et des nuances \u00e9pic\u00e9es dans le whisky. Tout aussi souvent, ils ne sont pas utilis\u00e9s pour la post-maturation, ce qui fait de la Distillers Edition un choix int\u00e9ressant pour les connaisseurs. En fait, les ar\u00f4mes attendus peuvent \u00eatre identifi\u00e9s lors de la d\u00e9gustation &#8211; les nuances du vin de Porto sont bien int\u00e9gr\u00e9es et contribuent \u00e0 la nature multiforme du whisky, qui a sa raison d\u2019\u00eatre m\u00eame sans finition. Apr\u00e8s tout, ils n\u2019ont pas rempli de whisky dans le f\u00fbt de vin, mais un sp\u00e9cimen de caract\u00e8re, malt\u00e9 et chocolat\u00e9 de ch\u00eane de la r\u00e9gion du Speyside.<\/i><\/p>","protected":false},"featured_media":12281,"comment_status":"open","ping_status":"open","template":"","meta":[],"product_cat":[277],"product_tag":[],"class_list":{"0":"post-8884","1":"product","2":"type-product","3":"status-publish","4":"has-post-thumbnail","6":"product_cat-whisky","7":"pa_country-ecosse","8":"pa_type-single-malt","9":"pa_volume-70-cl","10":"_wholesalex wsx-wholesalex-product","12":"first","13":"instock","14":"taxable","15":"shipping-taxable","16":"purchasable","17":"product-type-simple"},"_links":{"self":[{"href":"https:\/\/petitecave.ch\/de\/wp-json\/wp\/v2\/product\/8884","targetHints":{"allow":["GET"]}}],"collection":[{"href":"https:\/\/petitecave.ch\/de\/wp-json\/wp\/v2\/product"}],"about":[{"href":"https:\/\/petitecave.ch\/de\/wp-json\/wp\/v2\/types\/product"}],"replies":[{"embeddable":true,"href":"https:\/\/petitecave.ch\/de\/wp-json\/wp\/v2\/comments?post=8884"}],"wp:featuredmedia":[{"embeddable":true,"href":"https:\/\/petitecave.ch\/de\/wp-json\/wp\/v2\/media\/12281"}],"wp:attachment":[{"href":"https:\/\/petitecave.ch\/de\/wp-json\/wp\/v2\/media?parent=8884"}],"wp:term":[{"taxonomy":"product_cat","embeddable":true,"href":"https:\/\/petitecave.ch\/de\/wp-json\/wp\/v2\/product_cat?post=8884"},{"taxonomy":"product_tag","embeddable":true,"href":"https:\/\/petitecave.ch\/de\/wp-json\/wp\/v2\/product_tag?post=8884"}],"curies":[{"name":"wp","href":"https:\/\/api.w.org\/{rel}","templated":true}]}}