{"id":8882,"date":"2025-10-28T10:34:46","date_gmt":"2025-10-28T10:34:46","guid":{"rendered":""},"modified":"2026-02-20T17:42:38","modified_gmt":"2026-02-20T16:42:38","slug":"whiskey-connemara-12-ans-70cl","status":"publish","type":"product","link":"https:\/\/petitecave.ch\/de\/product\/whiskey-connemara-12-ans-70cl\/","title":{"rendered":"Whiskey Connemara 12 ans 70cl"},"content":{"rendered":"<p><strong>Nez :<\/strong> Odeur de tourbe, de chemin\u00e9e et de cuir<\/p>\n<p><strong>Bouche :<\/strong> Notes fum\u00e9es-\u00e9pic\u00e9es avec des ar\u00f4mes d\u2019abricots, de mandarines et d\u2019amandes<\/p>\n<p><strong>Finale :<\/strong>\u00a0Assez longue<\/p>","protected":false},"excerpt":{"rendered":"<p><strong>Connemara 12 ans &#8211; Colley Distillery\u00a0<\/strong><\/p>\n<p><strong><\/strong><\/p>\n<p><i>La r\u00e9gion du Connemara en Irlande est consid\u00e9r\u00e9e comme particuli\u00e8rement int\u00e9ressante pour les voyageurs, car elle offre un contraste int\u00e9ressant entre les vall\u00e9es verdoyantes avec de nombreux petits lacs, des landes mystiques et des cha\u00eenes de montagnes accident\u00e9es. La distillerie Kilbeggan, d\u2019autre part, est situ\u00e9e au c\u0153ur des basses terres irlandaises, entour\u00e9e d\u2019un r\u00e9seau de p\u00e2turages, de prairies et de champs, et est consid\u00e9r\u00e9e comme la plus ancienne distillerie de whisky autoris\u00e9e du pays. Elle a \u00e9t\u00e9 fond\u00e9e en 1757. Pr\u00e8s de la fronti\u00e8re nord-irlandaise, sur une sorte de p\u00e9ninsule et \u00e0 seulement un kilom\u00e8tre de la plage, la soci\u00e9t\u00e9 exploite depuis 1987 une deuxi\u00e8me distillerie appel\u00e9e Cooley \u2013 d\u2019o\u00f9 proviennent les cinq vari\u00e9t\u00e9s de la marque Connemara. Pour illustrer l\u2019origine du whisky tourb\u00e9 prim\u00e9, l\u2019alcool \u00e0 40% a \u00e9t\u00e9 mis en bouteille dans une bouteille verte translucide. Leur go\u00fbt tourbeux est exceptionnel en ce sens qu\u2019il est g\u00e9n\u00e9ralement la marque de fabrique des whiskies single malt \u00e9cossais. De facto, le Connemara 12 years Peated est le seul whisky irlandais qui ressemble \u00e0 de la fum\u00e9e de tourbe. Dans tous les cas, le Connemara a un go\u00fbt non seulement de tourbe, mais aussi de fruits sucr\u00e9s, d\u2019amandes et de massepain.<\/i><\/p>","protected":false},"featured_media":12279,"comment_status":"open","ping_status":"open","template":"","meta":[],"product_cat":[277],"product_tag":[],"class_list":{"0":"post-8882","1":"product","2":"type-product","3":"status-publish","4":"has-post-thumbnail","6":"product_cat-whisky","7":"pa_country-irlande","8":"pa_type-irish-whiskey","9":"pa_volume-70-cl","10":"_wholesalex wsx-wholesalex-product","12":"first","13":"instock","14":"taxable","15":"shipping-taxable","16":"purchasable","17":"product-type-simple"},"_links":{"self":[{"href":"https:\/\/petitecave.ch\/de\/wp-json\/wp\/v2\/product\/8882","targetHints":{"allow":["GET"]}}],"collection":[{"href":"https:\/\/petitecave.ch\/de\/wp-json\/wp\/v2\/product"}],"about":[{"href":"https:\/\/petitecave.ch\/de\/wp-json\/wp\/v2\/types\/product"}],"replies":[{"embeddable":true,"href":"https:\/\/petitecave.ch\/de\/wp-json\/wp\/v2\/comments?post=8882"}],"wp:featuredmedia":[{"embeddable":true,"href":"https:\/\/petitecave.ch\/de\/wp-json\/wp\/v2\/media\/12279"}],"wp:attachment":[{"href":"https:\/\/petitecave.ch\/de\/wp-json\/wp\/v2\/media?parent=8882"}],"wp:term":[{"taxonomy":"product_cat","embeddable":true,"href":"https:\/\/petitecave.ch\/de\/wp-json\/wp\/v2\/product_cat?post=8882"},{"taxonomy":"product_tag","embeddable":true,"href":"https:\/\/petitecave.ch\/de\/wp-json\/wp\/v2\/product_tag?post=8882"}],"curies":[{"name":"wp","href":"https:\/\/api.w.org\/{rel}","templated":true}]}}