{"id":8879,"date":"2025-10-28T10:34:43","date_gmt":"2025-10-28T10:34:43","guid":{"rendered":""},"modified":"2026-02-20T17:42:40","modified_gmt":"2026-02-20T16:42:40","slug":"whisky-chivas-regal-12-ans-70cl","status":"publish","type":"product","link":"https:\/\/petitecave.ch\/de\/product\/whisky-chivas-regal-12-ans-70cl\/","title":{"rendered":"Whisky Chivas Regal 12 ans 70cl"},"content":{"rendered":"<p><strong>Nez :<\/strong> Ar\u00f4me fruit\u00e9 et \u00e9pic\u00e9 avec du miel, des herbes et de la bruy\u00e8re<\/p>\n<p><strong>Bouche :<\/strong> Cr\u00e9meuse, avec du miel, des pommes, des accents de vanille, de noisette et de caramel<\/p>\n<p><strong>Finale :<\/strong> Cr\u00e9meuse et durable<\/p>","protected":false},"excerpt":{"rendered":"<p><strong>Chivas Regal 12 ans &#8211; Chivas Brothers Ltd. Distillers &#8211; Lowlands\u00a0<\/strong><\/p>\n<\/p>\n<p><em>En 1801, les fr\u00e8res John et James Chivas ouvrent une \u00e9picerie fine sur la c\u00f4te nord de l\u2019\u00c9cosse \u00e0 Aberdeen. L\u00e0, ils offraient diverses sp\u00e9cialit\u00e9s du monde entier &#8211; seul un whisky r\u00e9pondant aux exigences des fr\u00e8res n\u2019existait pas. Ils ont donc rapidement commenc\u00e9 \u00e0 cr\u00e9er leur propre m\u00e9lange. En 1891, ils ont d\u00e9velopp\u00e9 l\u2019\u00e9tag\u00e8re de Chiva. Le \u00ab Chivas Regal 12 Years \u00bb est un m\u00e9lange de divers whiskies single malt \u00e9cossais et de whiskies de grain s\u00e9lectionn\u00e9s m\u00fbris pendant 12 ans. Le composant principal est un scotch de la distillerie Strathisla.<\/em><\/p>","protected":false},"featured_media":12276,"comment_status":"open","ping_status":"open","template":"","meta":[],"product_cat":[277],"product_tag":[],"class_list":{"0":"post-8879","1":"product","2":"type-product","3":"status-publish","4":"has-post-thumbnail","6":"product_cat-whisky","7":"pa_country-ecosse","8":"pa_type-blended-scotch-whisky","9":"pa_volume-70-cl","10":"_wholesalex wsx-wholesalex-product","12":"first","13":"instock","14":"taxable","15":"shipping-taxable","16":"purchasable","17":"product-type-simple"},"_links":{"self":[{"href":"https:\/\/petitecave.ch\/de\/wp-json\/wp\/v2\/product\/8879","targetHints":{"allow":["GET"]}}],"collection":[{"href":"https:\/\/petitecave.ch\/de\/wp-json\/wp\/v2\/product"}],"about":[{"href":"https:\/\/petitecave.ch\/de\/wp-json\/wp\/v2\/types\/product"}],"replies":[{"embeddable":true,"href":"https:\/\/petitecave.ch\/de\/wp-json\/wp\/v2\/comments?post=8879"}],"wp:featuredmedia":[{"embeddable":true,"href":"https:\/\/petitecave.ch\/de\/wp-json\/wp\/v2\/media\/12276"}],"wp:attachment":[{"href":"https:\/\/petitecave.ch\/de\/wp-json\/wp\/v2\/media?parent=8879"}],"wp:term":[{"taxonomy":"product_cat","embeddable":true,"href":"https:\/\/petitecave.ch\/de\/wp-json\/wp\/v2\/product_cat?post=8879"},{"taxonomy":"product_tag","embeddable":true,"href":"https:\/\/petitecave.ch\/de\/wp-json\/wp\/v2\/product_tag?post=8879"}],"curies":[{"name":"wp","href":"https:\/\/api.w.org\/{rel}","templated":true}]}}