{"id":8875,"date":"2025-10-28T10:34:40","date_gmt":"2025-10-28T10:34:40","guid":{"rendered":""},"modified":"2026-02-20T17:42:39","modified_gmt":"2026-02-20T16:42:39","slug":"whisky-canadian-club-6-ans-70cl","status":"publish","type":"product","link":"https:\/\/petitecave.ch\/de\/product\/whisky-canadian-club-6-ans-70cl\/","title":{"rendered":"Whisky Canadian Club 6 ans 70cl"},"content":{"rendered":"<p><strong>Nez :<\/strong> Parfum d&rsquo;amandes avec un soup\u00e7on d\u2019\u00e9pices au poivre<\/p>\n<p><strong>Bouche :<\/strong> Notes d&rsquo;\u00e9pices, de bois de ch\u00eane et de vanille douce<\/p>","protected":false},"excerpt":{"rendered":"<p><strong>Canadian Club 6 ans &#8211; Hiram Walker &amp; Sons Limited\u00a0<\/strong><\/p>\n<p>\u00a0<\/p>\n<p><i>Le Canadian Club Original est le produit phare de la marque et le whisky le plus vendu sur le march\u00e9 int\u00e9rieur. Il est fabriqu\u00e9 \u00e0 partir d\u2019une pur\u00e9e ferment\u00e9e qui contient du ma\u00efs, du seigle, du malt de seigle et du malt d\u2019orge. Bien s\u00fbr, la composition exacte ne sera pas r\u00e9v\u00e9l\u00e9e! Avant la maturation en f\u00fbt dans d\u2019anciens f\u00fbts de bourbon, l\u2019assemblage de divers distillats a lieu.<\/i><\/p>\n<p>\u00a0<\/p>","protected":false},"featured_media":12272,"comment_status":"open","ping_status":"open","template":"","meta":[],"product_cat":[277],"product_tag":[],"class_list":{"0":"post-8875","1":"product","2":"type-product","3":"status-publish","4":"has-post-thumbnail","6":"product_cat-whisky","7":"pa_country-canada","8":"pa_type-whisky-canadien","9":"pa_volume-70-cl","10":"_wholesalex wsx-wholesalex-product","12":"first","13":"instock","14":"taxable","15":"shipping-taxable","16":"purchasable","17":"product-type-simple"},"_links":{"self":[{"href":"https:\/\/petitecave.ch\/de\/wp-json\/wp\/v2\/product\/8875","targetHints":{"allow":["GET"]}}],"collection":[{"href":"https:\/\/petitecave.ch\/de\/wp-json\/wp\/v2\/product"}],"about":[{"href":"https:\/\/petitecave.ch\/de\/wp-json\/wp\/v2\/types\/product"}],"replies":[{"embeddable":true,"href":"https:\/\/petitecave.ch\/de\/wp-json\/wp\/v2\/comments?post=8875"}],"wp:featuredmedia":[{"embeddable":true,"href":"https:\/\/petitecave.ch\/de\/wp-json\/wp\/v2\/media\/12272"}],"wp:attachment":[{"href":"https:\/\/petitecave.ch\/de\/wp-json\/wp\/v2\/media?parent=8875"}],"wp:term":[{"taxonomy":"product_cat","embeddable":true,"href":"https:\/\/petitecave.ch\/de\/wp-json\/wp\/v2\/product_cat?post=8875"},{"taxonomy":"product_tag","embeddable":true,"href":"https:\/\/petitecave.ch\/de\/wp-json\/wp\/v2\/product_tag?post=8875"}],"curies":[{"name":"wp","href":"https:\/\/api.w.org\/{rel}","templated":true}]}}