{"id":8873,"date":"2025-10-28T10:34:38","date_gmt":"2025-10-28T10:34:38","guid":{"rendered":""},"modified":"2026-02-20T17:42:39","modified_gmt":"2026-02-20T16:42:39","slug":"whisky-bruichladdich-the-classic-laddie-70cl","status":"publish","type":"product","link":"https:\/\/petitecave.ch\/de\/product\/whisky-bruichladdich-the-classic-laddie-70cl\/","title":{"rendered":"Whisky Bruichladdich The Classic Laddie 70cl"},"content":{"rendered":"<p><strong>Nez :<\/strong> Ar\u00f4mes sucr\u00e9s de caramel \u00e9cossais, de sucre d&rsquo;orge, de fruits confits et de notes florales<\/p>\n<p><strong>Bouche :<\/strong> Notes de ch\u00eane sucr\u00e9es, d&rsquo;orge, de fruits et un soup\u00e7on de sel<\/p>\n<p><strong>Finale :<\/strong> S\u00e8che avec des tons de ch\u00eane<\/p>","protected":false},"excerpt":{"rendered":"<p><strong>Bruichladdich The Classic Laddie &#8211; Bruichladdich Distillery &#8211; Ile d&rsquo;Islay\u00a0<\/strong><\/p>\n<p><strong><\/strong><\/p>\n<p><i>La distillerie Bruichladdich est situ\u00e9e sur l&rsquo;\u00eele d&rsquo;Islay et \u00e9tait auparavant la distillerie la plus occidentale d&rsquo;\u00c9cosse. Elle a \u00e9t\u00e9 construite en 1881 par les fr\u00e8res Robert et John Harvey. Apr\u00e8s un d\u00e9marrage prometteur, la distillerie a \u00e9t\u00e9 ferm\u00e9e de 1929 \u00e0 1937 &#8211; comme ce fut le cas plus tard \u00e0 plusieurs reprises. En 1995, une fermeture d\u00e9finitive est survenue, mais en d\u00e9cembre 2001, la distillerie Bruichladdich a \u00e9t\u00e9 achet\u00e9e par un groupe sous la direction de l&#8217;embouteilleur ind\u00e9pendant Murray McDavid, de sorte que la production dans l&rsquo;ancienne usine a pu bient\u00f4t reprendre. Encore aujourd&rsquo;hui, une partie de l&rsquo;\u00e9quipement d&rsquo;origine est utilis\u00e9e. L&rsquo;\u00e9dition \u00abClassic Laddie Scottish Barley\u00bb a \u00e9t\u00e9 fabriqu\u00e9e par le ma\u00eetre-distillateur Jim McEwan, \u00e0 partir de f\u00fbts s\u00e9lectionn\u00e9s, distill\u00e9e goutte apr\u00e8s goutte \u00e0 partir d&rsquo;orge \u00e9cossaise \u00e0 100%. Par la suite, le whisky a \u00e9t\u00e9 stock\u00e9 sur la c\u00f4te du Lochindaal dans des f\u00fbts de ch\u00eane am\u00e9ricains.<\/i><\/p><\/p>","protected":false},"featured_media":12270,"comment_status":"open","ping_status":"open","template":"","meta":[],"product_cat":[277],"product_tag":[],"class_list":{"0":"post-8873","1":"product","2":"type-product","3":"status-publish","4":"has-post-thumbnail","6":"product_cat-whisky","7":"pa_country-ecosse","8":"pa_type-single-malt","9":"pa_volume-70-cl","10":"_wholesalex wsx-wholesalex-product","12":"first","13":"instock","14":"taxable","15":"shipping-taxable","16":"purchasable","17":"product-type-simple"},"_links":{"self":[{"href":"https:\/\/petitecave.ch\/de\/wp-json\/wp\/v2\/product\/8873","targetHints":{"allow":["GET"]}}],"collection":[{"href":"https:\/\/petitecave.ch\/de\/wp-json\/wp\/v2\/product"}],"about":[{"href":"https:\/\/petitecave.ch\/de\/wp-json\/wp\/v2\/types\/product"}],"replies":[{"embeddable":true,"href":"https:\/\/petitecave.ch\/de\/wp-json\/wp\/v2\/comments?post=8873"}],"wp:featuredmedia":[{"embeddable":true,"href":"https:\/\/petitecave.ch\/de\/wp-json\/wp\/v2\/media\/12270"}],"wp:attachment":[{"href":"https:\/\/petitecave.ch\/de\/wp-json\/wp\/v2\/media?parent=8873"}],"wp:term":[{"taxonomy":"product_cat","embeddable":true,"href":"https:\/\/petitecave.ch\/de\/wp-json\/wp\/v2\/product_cat?post=8873"},{"taxonomy":"product_tag","embeddable":true,"href":"https:\/\/petitecave.ch\/de\/wp-json\/wp\/v2\/product_tag?post=8873"}],"curies":[{"name":"wp","href":"https:\/\/api.w.org\/{rel}","templated":true}]}}