{"id":8871,"date":"2025-10-28T10:34:36","date_gmt":"2025-10-28T10:34:36","guid":{"rendered":""},"modified":"2026-02-20T17:42:37","modified_gmt":"2026-02-20T16:42:37","slug":"bourbon-whiskey-wild-turkey-101-70cl","status":"publish","type":"product","link":"https:\/\/petitecave.ch\/de\/product\/bourbon-whiskey-wild-turkey-101-70cl\/","title":{"rendered":"Bourbon Whiskey Wild Turkey 101 70cl"},"content":{"rendered":"<p><strong>Nez :\u00a0<\/strong>Assez discret ais avec une belle douceur de caramel, notes de ch\u00eane, de vanille avec une touche d&rsquo;agrumes\u00a0<\/p>\n<p><strong>Bouche :\u00a0<\/strong>Pleine et riche avec des note de bo\u00eete \u00e0 cigare, de poivre, de caramel, de miel et de pian grill\u00e9.<\/p>\n<p><strong>Finale :<\/strong> Longue, riche et \u00e9pic\u00e9es sur des touches de pain grill\u00e9<\/p>","protected":false},"excerpt":{"rendered":"<p><strong>Bourbon Whiskey Wild Turkey 101 &#8211; Wild Turkey<\/strong><\/p>\n<\/p>\n<p><i>La distillerie a \u00e9t\u00e9 fond\u00e9e en 1869 par les fr\u00e8res irlandais James et John Ripy, qui l&rsquo;ont baptis\u00e9e Ripy Distillery. En 1940, Thomas McCarthy, un cadre de la soci\u00e9t\u00e9 Austin Nichols, offrit une goutte de leur bourbon \u00e0 des amis, alors qu&rsquo;ils \u00e9taient partis chasser la dinde sauvage, et c&rsquo;est ainsi que la distillerie re\u00e7ut son nouveau nom.<\/i><\/p>\n<p><i>Depuis plus de 60 ans, Wild Turkey en fabrique 101 de la m\u00eame mani\u00e8re, de la bonne fa\u00e7on. Vieilli dans des f\u00fbts de ch\u00eane blanc am\u00e9ricain recouverts de l\u2019omble alligator le plus profond, Wild\u00a0Turkey\u00a0101 a un caract\u00e8re impossible \u00e0 manquer.<\/i><\/p>\n<p><i><\/i><\/p>\n<p><i>Sa teneur \u00e9lev\u00e9e en seigle et la preuve 101 en font un Kentucky Straight Bourbon Whiskey des plus savoureux qui porte une bouch\u00e9e un peu agr\u00e9able &#8211; ce qui le rend tr\u00e8s agr\u00e9able soign\u00e9, sur les rochers ou dans un cocktail.<\/i><\/p>\n<p><i style=\"background-color:rgb(250,251,252);color:rgb(0,0,0);font-family:Verdana, Arial, Helvetica, sans-serif;font-size:11px;\">Cette mise en bouteille de\u00a0Wild Turkey a \u00e9t\u00e9 vieillie pendant au moins six ans avant de sortir du f\u00fbt. Le whisky n\u2019est que l\u00e9g\u00e8rement dilu\u00e9 avant la mise en bouteille.<\/i><\/p>","protected":false},"featured_media":12268,"comment_status":"open","ping_status":"open","template":"","meta":[],"product_cat":[277],"product_tag":[],"class_list":{"0":"post-8871","1":"product","2":"type-product","3":"status-publish","4":"has-post-thumbnail","6":"product_cat-whisky","7":"pa_country-usa","8":"pa_type-bourbon-whiskey","9":"pa_volume-70-cl","10":"_wholesalex wsx-wholesalex-product","12":"first","13":"instock","14":"taxable","15":"shipping-taxable","16":"purchasable","17":"product-type-simple"},"_links":{"self":[{"href":"https:\/\/petitecave.ch\/de\/wp-json\/wp\/v2\/product\/8871","targetHints":{"allow":["GET"]}}],"collection":[{"href":"https:\/\/petitecave.ch\/de\/wp-json\/wp\/v2\/product"}],"about":[{"href":"https:\/\/petitecave.ch\/de\/wp-json\/wp\/v2\/types\/product"}],"replies":[{"embeddable":true,"href":"https:\/\/petitecave.ch\/de\/wp-json\/wp\/v2\/comments?post=8871"}],"wp:featuredmedia":[{"embeddable":true,"href":"https:\/\/petitecave.ch\/de\/wp-json\/wp\/v2\/media\/12268"}],"wp:attachment":[{"href":"https:\/\/petitecave.ch\/de\/wp-json\/wp\/v2\/media?parent=8871"}],"wp:term":[{"taxonomy":"product_cat","embeddable":true,"href":"https:\/\/petitecave.ch\/de\/wp-json\/wp\/v2\/product_cat?post=8871"},{"taxonomy":"product_tag","embeddable":true,"href":"https:\/\/petitecave.ch\/de\/wp-json\/wp\/v2\/product_tag?post=8871"}],"curies":[{"name":"wp","href":"https:\/\/api.w.org\/{rel}","templated":true}]}}