{"id":8870,"date":"2025-10-28T10:34:35","date_gmt":"2025-10-28T10:34:35","guid":{"rendered":""},"modified":"2026-02-20T17:42:37","modified_gmt":"2026-02-20T16:42:37","slug":"bulleit-bourbon-frontier-whiskey-70cl","status":"publish","type":"product","link":"https:\/\/petitecave.ch\/de\/product\/bulleit-bourbon-frontier-whiskey-70cl\/","title":{"rendered":"Bulleit Bourbon Frontier Whiskey 70cl"},"content":{"rendered":"<p><strong>Bouche :<\/strong> Notes d&rsquo;\u00e9rable, de ch\u00eane et de muscade<\/p>\n<p><strong>Finale :<\/strong> Longue et s\u00e8che avec un soup\u00e7on de caramel<\/p>","protected":false},"excerpt":{"rendered":"<p><strong>Bulleit Bourbon Frontier Whiskey &#8211; Bulleit Distilling Company &#8211; Louisville\u00a0<\/strong><\/p>\n<p><strong><\/strong><\/p>\n<p><i>Pour le Bulleit Bourbon, un m\u00e9lange de c\u00e9r\u00e9ales compos\u00e9 \u00e0 68% de ma\u00efs, \u00e0 28% de seigle et \u00e0 4% de malt d&rsquo;orge est utilis\u00e9, dont la teneur en seigle est relativement \u00e9lev\u00e9e, par rapport aux vis\u00e9es de l&rsquo;arri\u00e8re-arri\u00e8re-grand-p\u00e8re de Thomas E. Bulleit. Combin\u00e9 avec l&rsquo;eau filtr\u00e9e \u00e0 travers du calcaire et les f\u00fbts de ch\u00eane calcin\u00e9s utilis\u00e9s pendant le processus de production pluriannuel, le r\u00e9sultat est un whisky qui rappelle l&rsquo;\u00e9rable, le ch\u00eane, la noix de muscade et les \u00e9pices. Le Bulleit Bourbon offre toute une gamme d\u2019utilisations diff\u00e9rentes pour des boissons et des cocktails, y compris Bourbon Lemonade, Old Fashioned, Whisky Sour, Bourbon &amp; Tonic, Mint Julep et Bourbon Swizzle.<\/i><\/p><\/p>","protected":false},"featured_media":12267,"comment_status":"open","ping_status":"open","template":"","meta":[],"product_cat":[277],"product_tag":[],"class_list":{"0":"post-8870","1":"product","2":"type-product","3":"status-publish","4":"has-post-thumbnail","6":"product_cat-whisky","7":"pa_country-usa","8":"pa_type-bourbon-whiskey","9":"pa_volume-70-cl","10":"_wholesalex wsx-wholesalex-product","12":"first","13":"instock","14":"taxable","15":"shipping-taxable","16":"purchasable","17":"product-type-simple"},"_links":{"self":[{"href":"https:\/\/petitecave.ch\/de\/wp-json\/wp\/v2\/product\/8870","targetHints":{"allow":["GET"]}}],"collection":[{"href":"https:\/\/petitecave.ch\/de\/wp-json\/wp\/v2\/product"}],"about":[{"href":"https:\/\/petitecave.ch\/de\/wp-json\/wp\/v2\/types\/product"}],"replies":[{"embeddable":true,"href":"https:\/\/petitecave.ch\/de\/wp-json\/wp\/v2\/comments?post=8870"}],"wp:featuredmedia":[{"embeddable":true,"href":"https:\/\/petitecave.ch\/de\/wp-json\/wp\/v2\/media\/12267"}],"wp:attachment":[{"href":"https:\/\/petitecave.ch\/de\/wp-json\/wp\/v2\/media?parent=8870"}],"wp:term":[{"taxonomy":"product_cat","embeddable":true,"href":"https:\/\/petitecave.ch\/de\/wp-json\/wp\/v2\/product_cat?post=8870"},{"taxonomy":"product_tag","embeddable":true,"href":"https:\/\/petitecave.ch\/de\/wp-json\/wp\/v2\/product_tag?post=8870"}],"curies":[{"name":"wp","href":"https:\/\/api.w.org\/{rel}","templated":true}]}}