{"id":8868,"date":"2025-10-28T10:34:34","date_gmt":"2025-10-28T10:34:34","guid":{"rendered":""},"modified":"2026-02-20T17:42:39","modified_gmt":"2026-02-20T16:42:39","slug":"whisky-ballantine-s-70cl","status":"publish","type":"product","link":"https:\/\/petitecave.ch\/de\/product\/whisky-ballantine-s-70cl\/","title":{"rendered":"Whisky Ballantine&rsquo;s 70cl"},"content":{"rendered":"<p>Les notes de chocolat se m\u00e9langent aux notes de vanille et de pomme<\/p>","protected":false},"excerpt":{"rendered":"<p><strong>Ballantine&rsquo;s &#8211; Blended Scotch Whisky &#8211; Highland<\/strong><\/p>\n<p><strong><\/strong><\/p>\n<p><em>Plus de 40 whiskys \u00e9cossais de malt et de grain offre \u00e0 ce whisky un caract\u00e8re unique, un ar\u00f4me sophistique et un go\u00fbt cors\u00e9.<\/em><\/p>\n<p><em><\/em><\/p>\n<p><i>En 1827, George Ballantine a ouvert une petite \u00e9picerie \u00e0 Edimbourg, en Ecosse. Reli\u00e9 \u00e0 elle, il avait aussi un magasin de vins et de spiritueux, puisque depuis 1823 une loi r\u00e9glementait la combustion priv\u00e9e de scotch whisky. En 1853, le v\u00e9ritable succ\u00e8s de la marque Ballantine a pris son envol: selon la loi, le soi-disant m\u00e9lange \u00e9tait autoris\u00e9. D\u00e8s lors, il a \u00e9t\u00e9 possible d\u2019assembler des whiskys de malt et de grain vieillis diff\u00e9remment. En 1938, les armoiries de la maison Ballantine ont \u00e9t\u00e9 ajout\u00e9es: le drapeau \u00e9cossais, associ\u00e9 aux quatre ingr\u00e9dients cl\u00e9s pour fabriquer du bon scotch whisky: l&rsquo;orge, l&rsquo;eau, la distillation en Pot Still et les f\u00fbts de ch\u00eane. La marque Ballantine est aujourd&rsquo;hui consid\u00e9r\u00e9e comme l&rsquo;une des plus c\u00e9l\u00e8bres marques de scotch whisky au monde et est num\u00e9ro un en Europe. Surtout parce qu&rsquo;il est relativement bon march\u00e9, le Ballantine&rsquo;s Finest Blended Scotch Whisky n\u2019est absent d\u2019aucun bar, que ce soit \u00e0 domicile ou dans la restauration.<\/i><\/p><\/p>","protected":false},"featured_media":12265,"comment_status":"open","ping_status":"open","template":"","meta":[],"product_cat":[277],"product_tag":[],"class_list":{"0":"post-8868","1":"product","2":"type-product","3":"status-publish","4":"has-post-thumbnail","6":"product_cat-whisky","7":"pa_country-ecosse","8":"pa_type-blended-scotch-whisky","9":"pa_volume-70-cl","10":"_wholesalex wsx-wholesalex-product","12":"first","13":"instock","14":"taxable","15":"shipping-taxable","16":"purchasable","17":"product-type-simple"},"_links":{"self":[{"href":"https:\/\/petitecave.ch\/de\/wp-json\/wp\/v2\/product\/8868","targetHints":{"allow":["GET"]}}],"collection":[{"href":"https:\/\/petitecave.ch\/de\/wp-json\/wp\/v2\/product"}],"about":[{"href":"https:\/\/petitecave.ch\/de\/wp-json\/wp\/v2\/types\/product"}],"replies":[{"embeddable":true,"href":"https:\/\/petitecave.ch\/de\/wp-json\/wp\/v2\/comments?post=8868"}],"wp:featuredmedia":[{"embeddable":true,"href":"https:\/\/petitecave.ch\/de\/wp-json\/wp\/v2\/media\/12265"}],"wp:attachment":[{"href":"https:\/\/petitecave.ch\/de\/wp-json\/wp\/v2\/media?parent=8868"}],"wp:term":[{"taxonomy":"product_cat","embeddable":true,"href":"https:\/\/petitecave.ch\/de\/wp-json\/wp\/v2\/product_cat?post=8868"},{"taxonomy":"product_tag","embeddable":true,"href":"https:\/\/petitecave.ch\/de\/wp-json\/wp\/v2\/product_tag?post=8868"}],"curies":[{"name":"wp","href":"https:\/\/api.w.org\/{rel}","templated":true}]}}