{"id":8864,"date":"2025-10-28T10:34:30","date_gmt":"2025-10-28T10:34:30","guid":{"rendered":""},"modified":"2026-02-20T17:42:38","modified_gmt":"2026-02-20T16:42:38","slug":"whisky-auchentoshan-12-ans-70cl","status":"publish","type":"product","link":"https:\/\/petitecave.ch\/de\/product\/whisky-auchentoshan-12-ans-70cl\/","title":{"rendered":"Whisky Auchentoshan 12 ans 70cl"},"content":{"rendered":"<p><strong>Nez :\u00a0<\/strong>Expressif, il offre des notes c\u00e9r\u00e9ali\u00e8re puis un vient un parfum exotique<\/p>\n<p><strong>Bouche :\u00a0<\/strong>Soyeuse et vanill\u00e9e, l&rsquo;orge apporte de la douceur<\/p>\n<p><strong>Finale :\u00a0<\/strong>S\u00e8che et persistante<\/p>","protected":false},"excerpt":{"rendered":"<p><strong>Auchentoshan 12 ans &#8211;\u00a0Auchentoshan Distillery\u00a0&#8211; Lowlands<\/strong><\/p>\n<p><strong><\/strong><\/p>\n<p><i>La distillerie Auchentoshan, fond\u00e9e en 1823, est situ\u00e9e juste au nord de Glasgow. La distillerie a connu plusieurs changements de propri\u00e9taire et est aujourd&rsquo;hui la derni\u00e8re distillerie de la r\u00e9gion \u00e0 encore pratiquer la triple distillation selon l&rsquo;ancienne tradition des Lowlands. Pour la distillation, l&rsquo;eau de source claire du Loch Cochno, dans les collines de Kilpatrick, est utilis\u00e9e, en plus du malt l\u00e9g\u00e8rement tourb\u00e9. Apr\u00e8s la fermentation, la pur\u00e9e obtenue est distill\u00e9e dans un alambic \u201eWash Still\u201c. Ensuite, la deuxi\u00e8me distillation a lieu dans un alambic \u201eIntermediate Still\u201c, jusqu&rsquo;\u00e0 ce que tous les ar\u00f4mes ind\u00e9sirables soient \u00e9limin\u00e9s du whisky lors de la troisi\u00e8me distillation dans l\u2019alambic \u201eThe Spirit Still\u201c. Avec un volume de production de 1 650 000 litres, la distillerie Auchentoshan est l&rsquo;une des plus petites distilleries du march\u00e9 mondial du whisky.<\/i><\/p>","protected":false},"featured_media":12261,"comment_status":"open","ping_status":"open","template":"","meta":[],"product_cat":[277],"product_tag":[],"class_list":{"0":"post-8864","1":"product","2":"type-product","3":"status-publish","4":"has-post-thumbnail","6":"product_cat-whisky","7":"pa_country-ecosse","8":"pa_type-single-malt","9":"pa_volume-70-cl","10":"_wholesalex wsx-wholesalex-product","12":"first","13":"instock","14":"taxable","15":"shipping-taxable","16":"purchasable","17":"product-type-simple"},"yoast_head":"<!-- This site is optimized with the Yoast SEO plugin v27.4 - https:\/\/yoast.com\/product\/yoast-seo-wordpress\/ -->\n<title>Whisky Auchentoshan 12 ans 70cl | La Petite Cave du Chablais<\/title>\n<meta name=\"robots\" content=\"index, follow, max-snippet:-1, max-image-preview:large, max-video-preview:-1\" \/>\n<link rel=\"canonical\" href=\"https:\/\/petitecave.ch\/de\/product\/whisky-auchentoshan-12-ans-70cl\/\" \/>\n<meta property=\"og:locale\" content=\"de_DE\" \/>\n<meta property=\"og:type\" content=\"article\" \/>\n<meta property=\"og:title\" content=\"Whisky Auchentoshan 12 ans 70cl | La Petite Cave du Chablais\" \/>\n<meta property=\"og:description\" content=\"Auchentoshan 12 ans -\u00a0Auchentoshan Distillery\u00a0- Lowlands La distillerie Auchentoshan, fond\u00e9e en 1823, est situ\u00e9e juste au nord de Glasgow. La distillerie a connu plusieurs changements de propri\u00e9taire et est aujourd&#039;hui la derni\u00e8re distillerie de la r\u00e9gion \u00e0 encore pratiquer la triple distillation selon l&#039;ancienne tradition des Lowlands. Pour la distillation, l&#039;eau de source claire du Loch Cochno, dans les collines de Kilpatrick, est utilis\u00e9e, en plus du malt l\u00e9g\u00e8rement tourb\u00e9. Apr\u00e8s la fermentation, la pur\u00e9e obtenue est distill\u00e9e dans un alambic \u201eWash Still\u201c. Ensuite, la deuxi\u00e8me distillation a lieu dans un alambic \u201eIntermediate Still\u201c, jusqu&#039;\u00e0 ce que tous les ar\u00f4mes ind\u00e9sirables soient \u00e9limin\u00e9s du whisky lors de la troisi\u00e8me distillation dans l\u2019alambic \u201eThe Spirit Still\u201c. Avec un volume de production de 1 650 000 litres, la distillerie Auchentoshan est l&#039;une des plus petites distilleries du march\u00e9 mondial du whisky.\" \/>\n<meta property=\"og:url\" content=\"https:\/\/petitecave.ch\/de\/product\/whisky-auchentoshan-12-ans-70cl\/\" \/>\n<meta property=\"og:site_name\" content=\"La Petite Cave du Chablais\" \/>\n<meta property=\"article:publisher\" content=\"https:\/\/www.facebook.com\/LaPetiteCaveDuChablais\" \/>\n<meta property=\"article:modified_time\" content=\"2026-02-20T16:42:38+00:00\" \/>\n<meta property=\"og:image\" content=\"https:\/\/petitecave.ch\/wp-content\/uploads\/2025\/10\/8864_125_cover.png\" \/>\n\t<meta property=\"og:image:width\" content=\"190\" \/>\n\t<meta property=\"og:image:height\" content=\"300\" \/>\n\t<meta property=\"og:image:type\" content=\"image\/png\" \/>\n<meta name=\"twitter:card\" content=\"summary_large_image\" \/>\n<script type=\"application\/ld+json\" class=\"yoast-schema-graph\">{\"@context\":\"https:\\\/\\\/schema.org\",\"@graph\":[{\"@type\":\"WebPage\",\"@id\":\"https:\\\/\\\/petitecave.ch\\\/product\\\/whisky-auchentoshan-12-ans-70cl\\\/\",\"url\":\"https:\\\/\\\/petitecave.ch\\\/product\\\/whisky-auchentoshan-12-ans-70cl\\\/\",\"name\":\"Whisky Auchentoshan 12 ans 70cl | La Petite Cave du Chablais\",\"isPartOf\":{\"@id\":\"https:\\\/\\\/petitecave.ch\\\/de\\\/#website\"},\"primaryImageOfPage\":{\"@id\":\"https:\\\/\\\/petitecave.ch\\\/product\\\/whisky-auchentoshan-12-ans-70cl\\\/#primaryimage\"},\"image\":{\"@id\":\"https:\\\/\\\/petitecave.ch\\\/product\\\/whisky-auchentoshan-12-ans-70cl\\\/#primaryimage\"},\"thumbnailUrl\":\"https:\\\/\\\/petitecave.ch\\\/wp-content\\\/uploads\\\/2025\\\/10\\\/8864_125_cover.png\",\"datePublished\":\"2025-10-28T10:34:30+00:00\",\"dateModified\":\"2026-02-20T16:42:38+00:00\",\"breadcrumb\":{\"@id\":\"https:\\\/\\\/petitecave.ch\\\/product\\\/whisky-auchentoshan-12-ans-70cl\\\/#breadcrumb\"},\"inLanguage\":\"de-CH\",\"potentialAction\":[{\"@type\":\"ReadAction\",\"target\":[\"https:\\\/\\\/petitecave.ch\\\/product\\\/whisky-auchentoshan-12-ans-70cl\\\/\"]}]},{\"@type\":\"ImageObject\",\"inLanguage\":\"de-CH\",\"@id\":\"https:\\\/\\\/petitecave.ch\\\/product\\\/whisky-auchentoshan-12-ans-70cl\\\/#primaryimage\",\"url\":\"https:\\\/\\\/petitecave.ch\\\/wp-content\\\/uploads\\\/2025\\\/10\\\/8864_125_cover.png\",\"contentUrl\":\"https:\\\/\\\/petitecave.ch\\\/wp-content\\\/uploads\\\/2025\\\/10\\\/8864_125_cover.png\",\"width\":190,\"height\":300},{\"@type\":\"BreadcrumbList\",\"@id\":\"https:\\\/\\\/petitecave.ch\\\/product\\\/whisky-auchentoshan-12-ans-70cl\\\/#breadcrumb\",\"itemListElement\":[{\"@type\":\"ListItem\",\"position\":1,\"name\":\"Accueil\",\"item\":\"https:\\\/\\\/petitecave.ch\\\/de\\\/\"},{\"@type\":\"ListItem\",\"position\":2,\"name\":\"Produkte\",\"item\":\"https:\\\/\\\/petitecave.ch\\\/de\\\/shop\\\/\"},{\"@type\":\"ListItem\",\"position\":3,\"name\":\"Whisky Auchentoshan 12 ans 70cl\"}]},{\"@type\":\"WebSite\",\"@id\":\"https:\\\/\\\/petitecave.ch\\\/de\\\/#website\",\"url\":\"https:\\\/\\\/petitecave.ch\\\/de\\\/\",\"name\":\"La Petite Cave du Chablais\",\"description\":\"Vins, bi\u00e8res et spiritueux en ligne !\",\"publisher\":{\"@id\":\"https:\\\/\\\/petitecave.ch\\\/de\\\/#organization\"},\"alternateName\":\"La Petite Cave\",\"potentialAction\":[{\"@type\":\"SearchAction\",\"target\":{\"@type\":\"EntryPoint\",\"urlTemplate\":\"https:\\\/\\\/petitecave.ch\\\/de\\\/?s={search_term_string}\"},\"query-input\":{\"@type\":\"PropertyValueSpecification\",\"valueRequired\":true,\"valueName\":\"search_term_string\"}}],\"inLanguage\":\"de-CH\"},{\"@type\":\"Organization\",\"@id\":\"https:\\\/\\\/petitecave.ch\\\/de\\\/#organization\",\"name\":\"La Petite Cave du Chablais S\u00e0rl\",\"url\":\"https:\\\/\\\/petitecave.ch\\\/de\\\/\",\"logo\":{\"@type\":\"ImageObject\",\"inLanguage\":\"de-CH\",\"@id\":\"https:\\\/\\\/petitecave.ch\\\/de\\\/#\\\/schema\\\/logo\\\/image\\\/\",\"url\":\"https:\\\/\\\/petitecave.ch\\\/wp-content\\\/uploads\\\/2025\\\/10\\\/petitecavelogo-removebg-preview.png\",\"contentUrl\":\"https:\\\/\\\/petitecave.ch\\\/wp-content\\\/uploads\\\/2025\\\/10\\\/petitecavelogo-removebg-preview.png\",\"width\":800,\"height\":200,\"caption\":\"La Petite Cave du Chablais S\u00e0rl\"},\"image\":{\"@id\":\"https:\\\/\\\/petitecave.ch\\\/de\\\/#\\\/schema\\\/logo\\\/image\\\/\"},\"sameAs\":[\"https:\\\/\\\/www.facebook.com\\\/LaPetiteCaveDuChablais\",\"https:\\\/\\\/www.instagram.com\\\/lapetitecaveduchablais\",\"https:\\\/\\\/www.linkedin.com\\\/company\\\/la-petite-cave-du-chablais\"]}]}<\/script>\n<!-- \/ Yoast SEO plugin. -->","yoast_head_json":{"title":"Whisky Auchentoshan 12 ans 70cl | La Petite Cave du Chablais","robots":{"index":"index","follow":"follow","max-snippet":"max-snippet:-1","max-image-preview":"max-image-preview:large","max-video-preview":"max-video-preview:-1"},"canonical":"https:\/\/petitecave.ch\/de\/product\/whisky-auchentoshan-12-ans-70cl\/","og_locale":"de_DE","og_type":"article","og_title":"Whisky Auchentoshan 12 ans 70cl | La Petite Cave du Chablais","og_description":"Auchentoshan 12 ans -\u00a0Auchentoshan Distillery\u00a0- Lowlands La distillerie Auchentoshan, fond\u00e9e en 1823, est situ\u00e9e juste au nord de Glasgow. La distillerie a connu plusieurs changements de propri\u00e9taire et est aujourd'hui la derni\u00e8re distillerie de la r\u00e9gion \u00e0 encore pratiquer la triple distillation selon l'ancienne tradition des Lowlands. Pour la distillation, l'eau de source claire du Loch Cochno, dans les collines de Kilpatrick, est utilis\u00e9e, en plus du malt l\u00e9g\u00e8rement tourb\u00e9. Apr\u00e8s la fermentation, la pur\u00e9e obtenue est distill\u00e9e dans un alambic \u201eWash Still\u201c. Ensuite, la deuxi\u00e8me distillation a lieu dans un alambic \u201eIntermediate Still\u201c, jusqu'\u00e0 ce que tous les ar\u00f4mes ind\u00e9sirables soient \u00e9limin\u00e9s du whisky lors de la troisi\u00e8me distillation dans l\u2019alambic \u201eThe Spirit Still\u201c. Avec un volume de production de 1 650 000 litres, la distillerie Auchentoshan est l'une des plus petites distilleries du march\u00e9 mondial du whisky.","og_url":"https:\/\/petitecave.ch\/de\/product\/whisky-auchentoshan-12-ans-70cl\/","og_site_name":"La Petite Cave du Chablais","article_publisher":"https:\/\/www.facebook.com\/LaPetiteCaveDuChablais","article_modified_time":"2026-02-20T16:42:38+00:00","og_image":[{"width":190,"height":300,"url":"https:\/\/petitecave.ch\/wp-content\/uploads\/2025\/10\/8864_125_cover.png","type":"image\/png"}],"twitter_card":"summary_large_image","schema":{"@context":"https:\/\/schema.org","@graph":[{"@type":"WebPage","@id":"https:\/\/petitecave.ch\/product\/whisky-auchentoshan-12-ans-70cl\/","url":"https:\/\/petitecave.ch\/product\/whisky-auchentoshan-12-ans-70cl\/","name":"Whisky Auchentoshan 12 ans 70cl | La Petite Cave du Chablais","isPartOf":{"@id":"https:\/\/petitecave.ch\/de\/#website"},"primaryImageOfPage":{"@id":"https:\/\/petitecave.ch\/product\/whisky-auchentoshan-12-ans-70cl\/#primaryimage"},"image":{"@id":"https:\/\/petitecave.ch\/product\/whisky-auchentoshan-12-ans-70cl\/#primaryimage"},"thumbnailUrl":"https:\/\/petitecave.ch\/wp-content\/uploads\/2025\/10\/8864_125_cover.png","datePublished":"2025-10-28T10:34:30+00:00","dateModified":"2026-02-20T16:42:38+00:00","breadcrumb":{"@id":"https:\/\/petitecave.ch\/product\/whisky-auchentoshan-12-ans-70cl\/#breadcrumb"},"inLanguage":"de-CH","potentialAction":[{"@type":"ReadAction","target":["https:\/\/petitecave.ch\/product\/whisky-auchentoshan-12-ans-70cl\/"]}]},{"@type":"ImageObject","inLanguage":"de-CH","@id":"https:\/\/petitecave.ch\/product\/whisky-auchentoshan-12-ans-70cl\/#primaryimage","url":"https:\/\/petitecave.ch\/wp-content\/uploads\/2025\/10\/8864_125_cover.png","contentUrl":"https:\/\/petitecave.ch\/wp-content\/uploads\/2025\/10\/8864_125_cover.png","width":190,"height":300},{"@type":"BreadcrumbList","@id":"https:\/\/petitecave.ch\/product\/whisky-auchentoshan-12-ans-70cl\/#breadcrumb","itemListElement":[{"@type":"ListItem","position":1,"name":"Accueil","item":"https:\/\/petitecave.ch\/de\/"},{"@type":"ListItem","position":2,"name":"Produkte","item":"https:\/\/petitecave.ch\/de\/shop\/"},{"@type":"ListItem","position":3,"name":"Whisky Auchentoshan 12 ans 70cl"}]},{"@type":"WebSite","@id":"https:\/\/petitecave.ch\/de\/#website","url":"https:\/\/petitecave.ch\/de\/","name":"Die kleine Keller des Chablais","description":"Vins, bi\u00e8res et spiritueux en ligne !","publisher":{"@id":"https:\/\/petitecave.ch\/de\/#organization"},"alternateName":"La Petite Cave","potentialAction":[{"@type":"SearchAction","target":{"@type":"EntryPoint","urlTemplate":"https:\/\/petitecave.ch\/de\/?s={search_term_string}"},"query-input":{"@type":"PropertyValueSpecification","valueRequired":true,"valueName":"search_term_string"}}],"inLanguage":"de-CH"},{"@type":"Organization","@id":"https:\/\/petitecave.ch\/de\/#organization","name":"La Petite Cave du Chablais S\u00e0rl","url":"https:\/\/petitecave.ch\/de\/","logo":{"@type":"ImageObject","inLanguage":"de-CH","@id":"https:\/\/petitecave.ch\/de\/#\/schema\/logo\/image\/","url":"https:\/\/petitecave.ch\/wp-content\/uploads\/2025\/10\/petitecavelogo-removebg-preview.png","contentUrl":"https:\/\/petitecave.ch\/wp-content\/uploads\/2025\/10\/petitecavelogo-removebg-preview.png","width":800,"height":200,"caption":"La Petite Cave du Chablais S\u00e0rl"},"image":{"@id":"https:\/\/petitecave.ch\/de\/#\/schema\/logo\/image\/"},"sameAs":["https:\/\/www.facebook.com\/LaPetiteCaveDuChablais","https:\/\/www.instagram.com\/lapetitecaveduchablais","https:\/\/www.linkedin.com\/company\/la-petite-cave-du-chablais"]}]}},"_links":{"self":[{"href":"https:\/\/petitecave.ch\/de\/wp-json\/wp\/v2\/product\/8864","targetHints":{"allow":["GET"]}}],"collection":[{"href":"https:\/\/petitecave.ch\/de\/wp-json\/wp\/v2\/product"}],"about":[{"href":"https:\/\/petitecave.ch\/de\/wp-json\/wp\/v2\/types\/product"}],"replies":[{"embeddable":true,"href":"https:\/\/petitecave.ch\/de\/wp-json\/wp\/v2\/comments?post=8864"}],"wp:featuredmedia":[{"embeddable":true,"href":"https:\/\/petitecave.ch\/de\/wp-json\/wp\/v2\/media\/12261"}],"wp:attachment":[{"href":"https:\/\/petitecave.ch\/de\/wp-json\/wp\/v2\/media?parent=8864"}],"wp:term":[{"taxonomy":"product_cat","embeddable":true,"href":"https:\/\/petitecave.ch\/de\/wp-json\/wp\/v2\/product_cat?post=8864"},{"taxonomy":"product_tag","embeddable":true,"href":"https:\/\/petitecave.ch\/de\/wp-json\/wp\/v2\/product_tag?post=8864"}],"curies":[{"name":"wp","href":"https:\/\/api.w.org\/{rel}","templated":true}]}}