{"id":8863,"date":"2025-10-28T10:34:29","date_gmt":"2025-10-28T10:34:29","guid":{"rendered":""},"modified":"2026-02-20T17:58:33","modified_gmt":"2026-02-20T16:58:33","slug":"whisky-as-we-get-it-single-malt-70cl","status":"publish","type":"product","link":"https:\/\/petitecave.ch\/de\/product\/whisky-as-we-get-it-single-malt-70cl\/","title":{"rendered":"Whisky \u00ab\u00a0As We Get It\u00a0\u00bb Single Malt 70cl"},"content":{"rendered":"<p><strong>Nez :\u00a0<\/strong>Son parfum tendre marie des notes tourb\u00e9es, malt\u00e9es et vanill\u00e9es<\/p>\n<p><strong>Bouche :\u00a0<\/strong>Souple et ronde au bois\u00e9 discret<\/p>\n<p><strong>Finale :\u00a0<\/strong>Bonne persistance, tourb\u00e9e, elle s&rsquo;efface sur une note de r\u00e9glisse<\/p>","protected":false},"excerpt":{"rendered":"<p><strong>Whisky \u00ab\u00a0As We Get It\u00a0\u00bb\u00a0Single Malt &#8211; Ile d&rsquo;Islay<\/strong><\/p>\n<p><strong>\u00a0<\/strong><em>Embouteilleur ind\u00e9pendant Ian Macleod<\/em><\/p>","protected":false},"featured_media":12260,"comment_status":"open","ping_status":"open","template":"","meta":[],"product_cat":[277],"product_tag":[],"class_list":{"0":"post-8863","1":"product","2":"type-product","3":"status-publish","4":"has-post-thumbnail","6":"product_cat-whisky","7":"pa_country-ecosse","8":"pa_type-single-malt","9":"pa_volume-70-cl","10":"_wholesalex wsx-wholesalex-product","12":"first","13":"instock","14":"taxable","15":"shipping-taxable","16":"purchasable","17":"product-type-simple"},"_links":{"self":[{"href":"https:\/\/petitecave.ch\/de\/wp-json\/wp\/v2\/product\/8863","targetHints":{"allow":["GET"]}}],"collection":[{"href":"https:\/\/petitecave.ch\/de\/wp-json\/wp\/v2\/product"}],"about":[{"href":"https:\/\/petitecave.ch\/de\/wp-json\/wp\/v2\/types\/product"}],"replies":[{"embeddable":true,"href":"https:\/\/petitecave.ch\/de\/wp-json\/wp\/v2\/comments?post=8863"}],"wp:featuredmedia":[{"embeddable":true,"href":"https:\/\/petitecave.ch\/de\/wp-json\/wp\/v2\/media\/12260"}],"wp:attachment":[{"href":"https:\/\/petitecave.ch\/de\/wp-json\/wp\/v2\/media?parent=8863"}],"wp:term":[{"taxonomy":"product_cat","embeddable":true,"href":"https:\/\/petitecave.ch\/de\/wp-json\/wp\/v2\/product_cat?post=8863"},{"taxonomy":"product_tag","embeddable":true,"href":"https:\/\/petitecave.ch\/de\/wp-json\/wp\/v2\/product_tag?post=8863"}],"curies":[{"name":"wp","href":"https:\/\/api.w.org\/{rel}","templated":true}]}}