{"id":8862,"date":"2025-10-28T10:34:28","date_gmt":"2025-10-28T10:34:28","guid":{"rendered":""},"modified":"2026-02-20T17:56:25","modified_gmt":"2026-02-20T16:56:25","slug":"whisky-the-arran-single-cask-1995-433-70cl","status":"publish","type":"product","link":"https:\/\/petitecave.ch\/de\/product\/whisky-the-arran-single-cask-1995-433-70cl\/","title":{"rendered":"Whisky The Arran Single Cask 1995\/433 70cl"},"content":{"rendered":"<p>Nez: Note de p\u00e2te \u00e0 biscuits, de vanille avec un soup\u00e7on de citron doux, de banane s\u00e9ch\u00e9e, de p\u00eache, et salade de fruits\u00a0<\/p>\n<p>Bouche : La salade de fruits est de retour avec du citron Yuzu, de l&rsquo;abricot et du chocolat noir<\/p>\n<p>Finale : \u00c9tonnamment s\u00e8che et aust\u00e8re avec des notes de poudre de cacao, de p\u00eaches enrob\u00e9es de chocolat et une touche de noix<\/p>","protected":false},"excerpt":{"rendered":"<p><strong>The Arran Single Cask 1995\/433 &#8211; The Arran Distillery &#8211; Ile D&rsquo;Arran\u00a0<\/strong><\/p>","protected":false},"featured_media":12259,"comment_status":"open","ping_status":"open","template":"","meta":[],"product_cat":[277],"product_tag":[],"class_list":{"0":"post-8862","1":"product","2":"type-product","3":"status-publish","4":"has-post-thumbnail","6":"product_cat-whisky","7":"pa_country-ecosse","8":"pa_type-single-malt","9":"pa_volume-70-cl","10":"_wholesalex wsx-wholesalex-product","12":"first","13":"instock","14":"taxable","15":"shipping-taxable","16":"purchasable","17":"product-type-simple"},"_links":{"self":[{"href":"https:\/\/petitecave.ch\/de\/wp-json\/wp\/v2\/product\/8862","targetHints":{"allow":["GET"]}}],"collection":[{"href":"https:\/\/petitecave.ch\/de\/wp-json\/wp\/v2\/product"}],"about":[{"href":"https:\/\/petitecave.ch\/de\/wp-json\/wp\/v2\/types\/product"}],"replies":[{"embeddable":true,"href":"https:\/\/petitecave.ch\/de\/wp-json\/wp\/v2\/comments?post=8862"}],"wp:featuredmedia":[{"embeddable":true,"href":"https:\/\/petitecave.ch\/de\/wp-json\/wp\/v2\/media\/12259"}],"wp:attachment":[{"href":"https:\/\/petitecave.ch\/de\/wp-json\/wp\/v2\/media?parent=8862"}],"wp:term":[{"taxonomy":"product_cat","embeddable":true,"href":"https:\/\/petitecave.ch\/de\/wp-json\/wp\/v2\/product_cat?post=8862"},{"taxonomy":"product_tag","embeddable":true,"href":"https:\/\/petitecave.ch\/de\/wp-json\/wp\/v2\/product_tag?post=8862"}],"curies":[{"name":"wp","href":"https:\/\/api.w.org\/{rel}","templated":true}]}}