{"id":8861,"date":"2025-10-28T10:34:27","date_gmt":"2025-10-28T10:34:27","guid":{"rendered":""},"modified":"2026-02-20T17:56:25","modified_gmt":"2026-02-20T16:56:25","slug":"whisky-the-arran-sauternes-cask-finish-70cl","status":"publish","type":"product","link":"https:\/\/petitecave.ch\/de\/product\/whisky-the-arran-sauternes-cask-finish-70cl\/","title":{"rendered":"Whisky The Arran Sauternes Cask Finish 70cl"},"content":{"rendered":"<p><strong>Nez :\u00a0<\/strong>Tendre et parfum\u00e9, il r\u00e9v\u00e8le des notes de miel d&rsquo;acacia, d&rsquo;abricot et de poire<\/p>\n<p><strong>Bouche :\u00a0<\/strong>Notes d&rsquo;\u00e9pices, de miel, de noix et de fruits jaunes et du verger<\/p>\n<p><strong>Finale :\u00a0<\/strong>Fruit\u00e9e et fra\u00eeche avec une bonne persistance<\/p>","protected":false},"excerpt":{"rendered":"<p><strong>The Arran Sauternes Cask Finish &#8211; The Arran Distillery &#8211; Ile d&rsquo;Arran\u00a0<\/strong><\/p>\n<p><strong><\/strong><\/p>\n<p><i>La distillerie Isle of Arran Distillers Ltd. est situ\u00e9e sur l&rsquo;\u00eele \u00e9cossaise d&rsquo;Arran, \u00e0 l&rsquo;est de Campbeltown, et a \u00e9t\u00e9 fond\u00e9e en 1995, ce qui en fait l&rsquo;une des plus jeunes distilleries de whisky du pays. La gamme standard comprend \u00e9galement un certain nombre de whiskys avec des finitions en f\u00fbts de vin, comme cette Sauternes Cask Finish Edition. Apr\u00e8s environ huit ans de vieillissement dans d&rsquo;anciens f\u00fbts de bourbon, le whisky a continu\u00e9 de m\u00fbrir dans un f\u00fbt qui contenait auparavant du vin doux de Bordeaux, provenant d&rsquo;une petite entreprise artisanale. Le r\u00e9sultat est une couleur dor\u00e9e stimulante et un go\u00fbt avec des notes de fruits prononc\u00e9es et sucr\u00e9es.<\/i><\/p>","protected":false},"featured_media":12258,"comment_status":"open","ping_status":"open","template":"","meta":[],"product_cat":[277],"product_tag":[],"class_list":{"0":"post-8861","1":"product","2":"type-product","3":"status-publish","4":"has-post-thumbnail","6":"product_cat-whisky","7":"pa_country-ecosse","8":"pa_type-single-malt","9":"pa_volume-70-cl","10":"_wholesalex wsx-wholesalex-product","12":"first","13":"instock","14":"taxable","15":"shipping-taxable","16":"purchasable","17":"product-type-simple"},"_links":{"self":[{"href":"https:\/\/petitecave.ch\/de\/wp-json\/wp\/v2\/product\/8861","targetHints":{"allow":["GET"]}}],"collection":[{"href":"https:\/\/petitecave.ch\/de\/wp-json\/wp\/v2\/product"}],"about":[{"href":"https:\/\/petitecave.ch\/de\/wp-json\/wp\/v2\/types\/product"}],"replies":[{"embeddable":true,"href":"https:\/\/petitecave.ch\/de\/wp-json\/wp\/v2\/comments?post=8861"}],"wp:featuredmedia":[{"embeddable":true,"href":"https:\/\/petitecave.ch\/de\/wp-json\/wp\/v2\/media\/12258"}],"wp:attachment":[{"href":"https:\/\/petitecave.ch\/de\/wp-json\/wp\/v2\/media?parent=8861"}],"wp:term":[{"taxonomy":"product_cat","embeddable":true,"href":"https:\/\/petitecave.ch\/de\/wp-json\/wp\/v2\/product_cat?post=8861"},{"taxonomy":"product_tag","embeddable":true,"href":"https:\/\/petitecave.ch\/de\/wp-json\/wp\/v2\/product_tag?post=8861"}],"curies":[{"name":"wp","href":"https:\/\/api.w.org\/{rel}","templated":true}]}}